{"id":3409,"date":"2024-11-26T17:50:58","date_gmt":"2024-11-26T16:50:58","guid":{"rendered":"https:\/\/vivecordobatrip.com\/?page_id=3409"},"modified":"2025-11-12T21:05:20","modified_gmt":"2025-11-12T20:05:20","slug":"aviso-legal-2","status":"publish","type":"page","link":"https:\/\/vivecordobatrip.com\/en\/politica-de-cancelacion-devolucion-y-reembolso\/","title":{"rendered":"Cancellation policy, Return and Refund"},"content":{"rendered":"<div data-elementor-type=\"wp-page\" data-elementor-id=\"3409\" class=\"elementor elementor-3409\" data-elementor-post-type=\"page\">\n\t\t\t\t<div class=\"elementor-element elementor-element-69d7c0a8 e-flex e-con-boxed e-con e-parent\" data-id=\"69d7c0a8\" data-element_type=\"container\" data-e-type=\"container\">\n\t\t\t\t\t<div class=\"e-con-inner\">\n\t\t\t\t<div class=\"elementor-element elementor-element-23b2e451 elementor-widget elementor-widget-text-editor\" data-id=\"23b2e451\" data-element_type=\"widget\" data-e-type=\"widget\" data-widget_type=\"text-editor.default\">\n\t\t\t\t\t\t\t\t\t\n<figure class=\"wp-block-table\"><\/figure>\n<p><b>1. Introduction<\/b><\/p>\n<p>This cancellation policy regulates the conditions under which customers may cancel their bookings with <b>Vive C\u00f3rdoba Trip<\/b>and the implications this will have for the reimbursement of amounts paid, in accordance with the terms and conditions set out in the contract for the provision of tourism services. This policy aims to ensure transparency and protection of both the client and the agency, respecting the legal regulations in force.<\/p>\n<p><b>2. Cancellation by the customer<\/b><\/p>\n<p><b><span class=\"Apple-converted-space\">\u00a0<\/span>Cancellations without penalty<\/b><\/p>\n<p>The customer may cancel his booking without penalty and with the right to a full refund if the cancellation request is received later than <b>48 hours<\/b> The travel or service contracted must be completed at least one calendar day before the date of commencement of the trip or service contracted.<\/p>\n<p><b><span class=\"Apple-converted-space\">\u00a0<\/span>Cancellation procedure<\/b><\/p>\n<p>Cancellations should be requested through the <b>CUSTOMER AREA<\/b>, through the option of <b>request for return<\/b>.<\/p>\n<p>Once the application has been received, <b>Vive C\u00f3rdoba<\/b> confirm the cancellation in a <b>within a maximum of 48 working hours<\/b>.<\/p>\n<p>The cancellation will be effective upon receipt by the customer of the <b>formal confirmation by the agency.<\/b><b><\/b><\/p>\n<p><b>3. Cancellation for causes attributable to Vive C\u00f3rdoba Trip<\/b><\/p>\n<p>In cases where Vive C\u00f3rdoba Trip is forced to cancel the trip for reasons attributable to the agency (e.g. cancellation of services by suppliers, operational problems of the agency, significant changes in itineraries, etc.), the client may choose one of the following alternatives:<\/p>\n<ul>\n<li>Full refund of the amount paid.<\/li>\n<li>Change of travel date or itinerary at no additional charge, subject to availability.<\/li>\n<\/ul>\n<p>In such cases, the agency will notify the client as soon as possible, providing full details of the options available.<\/p>\n<p><b>4. Specific conditions for service providers<\/b><\/p>\n<p>Some service providers, tour operators and others may have their own cancellation policies. In such cases, the client will be subject to the conditions governing such providers, which may be stricter than the general conditions of Vive C\u00f3rdoba Trip. These conditions will be informed to the client at the time of booking.<\/p>\n<p><b>5. Modifications to the reservation<\/b><\/p>\n<p>Modifications to the booking, either in dates or itineraries, will be subject to availability and to the costs that the suppliers may apply for such changes. In this case, the customer must assume the additional costs generated by the modification.<\/p>\n<p><b>6. Exceptions<\/b><\/p>\n<p>Requests for cancellation due to force majeure, such as serious illness, accident or death of a close relative, will be assessed on an individual basis. The customer will be required to provide documentation proving the aforementioned facts. In such cases, a full or partial refund or rescheduling of the trip may be offered, as agreed between both parties.<\/p>\n<p><b>7. General provisions<\/b><\/p>\n<ul>\n<li>The refund will be made by the same method of payment used by the customer, unless otherwise agreed between the parties.<\/li>\n<li>Any exceptions to this cancellation policy must be agreed in writing between Vive C\u00f3rdoba Trip and the client.<\/li>\n<li>In the event of conflicts or discrepancies, the parties submit to the legislation in force and to the jurisdiction of the courts of Cordoba, Andalusia, Spain, expressly waiving any other jurisdiction that may correspond to them.<\/li>\n<\/ul>\n<p><b>8. Contact<\/b><\/p>\n<p>To make a cancellation request or for further information, the client may contact Vive C\u00f3rdoba Trip through the following channels:<\/p>\n<ul>\n<li style=\"list-style-type: none;\">\n<ul>\n<li style=\"list-style-type: none;\">\n<ul>\n<li><i>Telephone<\/i>: (+34) 607 765 330<\/li>\n<li><i>E-mail<\/i>: <a href=\"mailto:contacto@vivecordobatrip.com\">contacto@vivecordobatrip.com<\/a><span class=\"Apple-converted-space\">\u00a0<\/span><\/li>\n<li><i>Web<\/i>: <a href=\"https:\/\/vivecordobatrip.com\/en\/\">www.vivecordobatrip.com<\/a><\/li>\n<\/ul>\n<\/li>\n<\/ul>\n<\/li>\n<\/ul>\n\t\t\t\t\t\t\t\t<\/div>\n\t\t\t\t\t<\/div>\n\t\t\t\t<\/div>\n\t\t\t\t<\/div>","protected":false},"excerpt":{"rendered":"<p>1. Introducci\u00f3n La presente pol\u00edtica de cancelaci\u00f3n regula las condiciones en que los clientes pueden cancelar sus reservas con Vive C\u00f3rdoba Tripy las implicaciones que ello tendr\u00e1 para el reembolso de los importes abonados, conforme a los t\u00e9rminos y condiciones establecidos en el contrato de prestaci\u00f3n de servicios tur\u00edsticos. Esta pol\u00edtica tiene por objetivo asegurar [&hellip;]<\/p>\n","protected":false},"author":2,"featured_media":0,"parent":0,"menu_order":0,"comment_status":"closed","ping_status":"closed","template":"","meta":{"footnotes":""},"class_list":["post-3409","page","type-page","status-publish","hentry"],"acf":[],"_links":{"self":[{"href":"https:\/\/vivecordobatrip.com\/en\/wp-json\/wp\/v2\/pages\/3409","targetHints":{"allow":["GET"]}}],"collection":[{"href":"https:\/\/vivecordobatrip.com\/en\/wp-json\/wp\/v2\/pages"}],"about":[{"href":"https:\/\/vivecordobatrip.com\/en\/wp-json\/wp\/v2\/types\/page"}],"author":[{"embeddable":true,"href":"https:\/\/vivecordobatrip.com\/en\/wp-json\/wp\/v2\/users\/2"}],"replies":[{"embeddable":true,"href":"https:\/\/vivecordobatrip.com\/en\/wp-json\/wp\/v2\/comments?post=3409"}],"version-history":[{"count":13,"href":"https:\/\/vivecordobatrip.com\/en\/wp-json\/wp\/v2\/pages\/3409\/revisions"}],"predecessor-version":[{"id":4338,"href":"https:\/\/vivecordobatrip.com\/en\/wp-json\/wp\/v2\/pages\/3409\/revisions\/4338"}],"wp:attachment":[{"href":"https:\/\/vivecordobatrip.com\/en\/wp-json\/wp\/v2\/media?parent=3409"}],"curies":[{"name":"wp","href":"https:\/\/api.w.org\/{rel}","templated":true}]}}