{"id":2930,"date":"2024-10-10T16:53:04","date_gmt":"2024-10-10T14:53:04","guid":{"rendered":"https:\/\/vivecordobatrip.com\/?page_id=2930"},"modified":"2024-10-10T16:53:06","modified_gmt":"2024-10-10T14:53:06","slug":"politica-de-cookies","status":"publish","type":"page","link":"https:\/\/vivecordobatrip.com\/es_es\/politica-de-cookies\/","title":{"rendered":"Pol\u00edtica de cookies"},"content":{"rendered":"\n<figure class=\"wp-block-table\"><table class=\"has-fixed-layout\"><tbody><tr><td><strong>Versi\u00f3n&nbsp;<\/strong><\/td><td>1.00<\/td><td><strong>Actualizada a fecha<\/strong><\/td><td>Septiembre 2024<\/td><\/tr><\/tbody><\/table><\/figure>\n\n\n\n<p>El acceso a este Sitio Web puede implicar la utilizaci\u00f3n de cookies. Las cookies son peque\u00f1as cantidades de informaci\u00f3n que se almacenan en el navegador utilizado por cada Usuario \u2014en los distintos dispositivos que pueda utilizar para navegar\u2014 para que el servidor recuerde cierta informaci\u00f3n que posteriormente y \u00fanicamente el servidor que la implement\u00f3 leer\u00e1. Las cookies facilitan la navegaci\u00f3n, la hacen m\u00e1s amigable, y no da\u00f1an el dispositivo de navegaci\u00f3n.<\/p>\n\n\n\n<p><br>Las cookies son procedimientos autom\u00e1ticos de recogida de informaci\u00f3n relativa a las preferencias determinadas por el Usuario durante su visita al Sitio Web con el fin de reconocerlo como Usuario, y personalizar su experiencia y el uso del Sitio Web, y pueden tambi\u00e9n, por ejemplo, ayudar a identificar y resolver errores.<\/p>\n\n\n\n<p><br>La informaci\u00f3n recabada a trav\u00e9s de las cookies puede incluir la fecha y hora de visitas al Sitio Web, las p\u00e1ginas visionadas, el tiempo que ha estado en el Sitio Web y los sitios visitados justo antes y despu\u00e9s del mismo. Sin embargo, ninguna cookie permite que esta misma pueda contactarse con el n\u00famero de tel\u00e9fono del Usuario o con cualquier otro medio de contacto personal. Ninguna cookie puede extraer informaci\u00f3n del disco duro del Usuario o robar informaci\u00f3n personal. La \u00fanica manera de que la informaci\u00f3n privada del Usuario forme parte del archivo Cookie es que el usuario d\u00e9 personalmente esa informaci\u00f3n al servidor.<\/p>\n\n\n\n<p><br>Las cookies que permiten identificar a una persona se consideran datos personales. Por tanto, a las mismas les ser\u00e1 de aplicaci\u00f3n la Pol\u00edtica de Privacidad. En este sentido, para la utilizaci\u00f3n de las mismas ser\u00e1 necesario el consentimiento del Usuario. Este consentimiento ser\u00e1 comunicado, en base a una elecci\u00f3n aut\u00e9ntica, ofrecido mediante una decisi\u00f3n afirmativa y positiva, antes del tratamiento inicial, removible y documentado.<\/p>\n\n\n\n<p><strong>Cookies propias<\/strong><\/p>\n\n\n\n<p>Son aquellas cookies que son enviadas al ordenador o dispositivo del Usuario y gestionadas exclusivamente por el responsable del tratamiento para el mejor funcionamiento del Sitio Web. La informaci\u00f3n que se recaba se emplea para mejorar la calidad del Sitio Web y su Contenido y su experiencia como Usuario. Estas cookies permiten reconocer al Usuario como visitante recurrente del Sitio Web y adaptar el contenido para ofrecerle contenidos que se ajusten a sus preferencias.<\/p>\n\n\n\n<p><strong>Cookies de terceros<\/strong><\/p>\n\n\n\n<p>Son cookies utilizadas y gestionadas por entidades externas que proporcionan a el responsable del tratamiento, servicios solicitados por este mismo para mejorar el Sitio Web y la experiencia del usuario al navegar en el Sitio Web. Los principales objetivos para los que se utilizan cookies de terceros son la obtenci\u00f3n de estad\u00edsticas de accesos y analizar la informaci\u00f3n de la navegaci\u00f3n, es decir, c\u00f3mo interact\u00faa el Usuario con el Sitio Web.<\/p>\n\n\n\n<p>La informaci\u00f3n que se obtiene se refiere, por ejemplo, al n\u00famero de p\u00e1ginas visitadas, el idioma, el lugar a la que la direcci\u00f3n IP desde el que accede el Usuario, el n\u00famero de Usuarios que acceden, la frecuencia y reincidencia de las visitas, el tiempo de visita, el navegador que usan, el operador o tipo de dispositivo desde el que se realiza la visita. Esta informaci\u00f3n se utiliza para mejorar el Sitio Web, y detectar nuevas necesidades para ofrecer a los Usuarios un Contenido y\/o servicio de \u00f3ptima calidad. En todo caso, la informaci\u00f3n se recopila de forma an\u00f3nima y se elaboran informes de tendencias del Sitio Web sin identificar a usuarios individuales.<\/p>\n\n\n\n<p>Puede obtener m\u00e1s informaci\u00f3n sobre las cookies, la informaci\u00f3n sobre la privacidad, o consultar la descripci\u00f3n del tipo de cookies que se utiliza, sus principales caracter\u00edsticas, periodo de expiraci\u00f3n, etc. en el siguiente enlace:<\/p>\n\n\n\n<p><br>Google Analytics: https:\/\/developers.google.com\/analytics\/<\/p>\n\n\n\n<p>La entidad encargada del suministro de cookies podr\u00e1 ceder esta informaci\u00f3n a terceros, siempre y cuando lo exija la ley o sea un tercero el que procese esta informaci\u00f3n para dichas entidades.<\/p>\n\n\n\n<p><strong>Deshabilitar, rechazar y eliminar cookies<\/strong><\/p>\n\n\n\n<p>El Usuario puede deshabilitar, rechazar y eliminar las cookies \u2014total o parcialmente\u2014 instaladas en su dispositivo mediante la configuraci\u00f3n de su navegador (entre los que se encuentran, por ejemplo, Chrome, Firefox, Safari, Explorer). En este sentido, los procedimientos para rechazar y eliminar las cookies pueden diferir de un navegador de Internet a otro.&nbsp;<\/p>\n\n\n\n<p>En consecuencia, el Usuario debe acudir a las instrucciones facilitadas por el propio navegador de Internet que est\u00e9 utilizando. En el supuesto de que rechace el uso de cookies \u2014total o parcialmente\u2014 podr\u00e1 seguir usando el Sitio Web, si bien podr\u00e1 tener limitada la utilizaci\u00f3n de algunas de las prestaciones del mismo.<\/p>\n\n\n\n<p><strong>Consentimiento<\/strong><\/p>\n\n\n\n<p>Cuando visites nuestra web por primera vez, te mostraremos una ventana emergente con una explicaci\u00f3n sobre las cookies. Tan pronto como hagas clic en \u00abGuardar preferencias\u00bb, aceptas que usemos las categor\u00edas de cookies y plugins que has seleccionado en la ventana emergente, tal y como se describe en esta pol\u00edtica de cookies. Puedes desactivar el uso de cookies a trav\u00e9s de tu navegador, pero, por favor, ten en cuenta que nuestra web puede dejar de funcionar correctamente.<\/p>\n\n\n\n<p><br><strong>Tus derechos con respecto a los datos personales<\/strong><\/p>\n\n\n\n<p>Tienes los siguientes derechos con respecto a tus datos personales:<\/p>\n\n\n\n<ul class=\"wp-block-list\">\n<li>Tiene derecho a saber por qu\u00e9 se necesitan tus datos personales, qu\u00e9 suceder\u00e1 con ellos y durante cu\u00e1nto tiempo se conservar\u00e1n.<\/li>\n\n\n\n<li>Derecho de acceso: tienes derecho a acceder a tus datos personales que conocemos.<\/li>\n\n\n\n<li>Derecho de rectificaci\u00f3n: tienes derecho a completar, rectificar, borrar o bloquear tus datos personales cuando lo desees.<\/li>\n\n\n\n<li>Si nos das tu consentimiento para procesar tus datos, tienes derecho a revocar dicho consentimiento y a que se eliminen tus datos personales.<\/li>\n\n\n\n<li>Derecho de cesi\u00f3n de tus datos: tienes derecho a solicitar todos tus datos personales al responsable del tratamiento y a transferirlos \u00edntegramente a otro responsable del tratamiento.<\/li>\n\n\n\n<li>Derecho de oposici\u00f3n: puedes oponerte al tratamiento de tus datos. Nosotros cumplimos con esto, a menos que existan motivos justificados para el procesamiento.<\/li>\n<\/ul>\n\n\n\n<p>Para ejercer estos derechos, por favor, contacta con nosotros. Por favor, consulta los detalles de contacto en la parte inferior de esta pol\u00edtica de cookies. Si tienes alguna queja sobre c\u00f3mo gestionamos tus datos, nos gustar\u00eda que nos la hicieras saber, pero tambi\u00e9n tienes derecho a enviar una queja a la autoridad supervisora (la autoridad de protecci\u00f3n de datos).<\/p>\n\n\n\n<p><strong>Datos de contacto<\/strong><\/p>\n\n\n\n<p>Para preguntas y\/o comentarios sobre nuestra pol\u00edtica de cookies y esta declaraci\u00f3n, por favor, contacta con nosotros usando los siguientes datos de contacto:<\/p>\n\n\n\n<p>ViveC\u00f3rdobaTrip S.L.<\/p>\n\n\n\n<p>Calle Claudio Marcelo, 11 \u2013 4, C.P. 14002, C\u00f3rdoba &nbsp;<\/p>\n\n\n\n<p>Tel\u00e9fono: 607 511 041 \u2013 607 765 330<\/p>\n\n\n\n<p>Correo electr\u00f3nico: contacto@vivecordobatrip.com<\/p>\n","protected":false},"excerpt":{"rendered":"<p>Versi\u00f3n&nbsp; 1.00 Actualizada a fecha Septiembre 2024 El acceso a este Sitio Web puede implicar la utilizaci\u00f3n de cookies. Las cookies son peque\u00f1as cantidades de informaci\u00f3n que se almacenan en el navegador utilizado por cada Usuario \u2014en los distintos dispositivos que pueda utilizar para navegar\u2014 para que el servidor recuerde cierta informaci\u00f3n que posteriormente y [&hellip;]<\/p>\n","protected":false},"author":2,"featured_media":0,"parent":0,"menu_order":0,"comment_status":"closed","ping_status":"closed","template":"","meta":{"footnotes":""},"class_list":["post-2930","page","type-page","status-publish","hentry"],"acf":[],"_links":{"self":[{"href":"https:\/\/vivecordobatrip.com\/es_es\/wp-json\/wp\/v2\/pages\/2930","targetHints":{"allow":["GET"]}}],"collection":[{"href":"https:\/\/vivecordobatrip.com\/es_es\/wp-json\/wp\/v2\/pages"}],"about":[{"href":"https:\/\/vivecordobatrip.com\/es_es\/wp-json\/wp\/v2\/types\/page"}],"author":[{"embeddable":true,"href":"https:\/\/vivecordobatrip.com\/es_es\/wp-json\/wp\/v2\/users\/2"}],"replies":[{"embeddable":true,"href":"https:\/\/vivecordobatrip.com\/es_es\/wp-json\/wp\/v2\/comments?post=2930"}],"version-history":[{"count":1,"href":"https:\/\/vivecordobatrip.com\/es_es\/wp-json\/wp\/v2\/pages\/2930\/revisions"}],"predecessor-version":[{"id":2931,"href":"https:\/\/vivecordobatrip.com\/es_es\/wp-json\/wp\/v2\/pages\/2930\/revisions\/2931"}],"wp:attachment":[{"href":"https:\/\/vivecordobatrip.com\/es_es\/wp-json\/wp\/v2\/media?parent=2930"}],"curies":[{"name":"wp","href":"https:\/\/api.w.org\/{rel}","templated":true}]}}