{"id":3,"date":"2023-12-20T12:17:02","date_gmt":"2023-12-20T11:17:02","guid":{"rendered":"https:\/\/vivecordobatrip.com\/?page_id=3"},"modified":"2024-10-10T16:50:46","modified_gmt":"2024-10-10T14:50:46","slug":"politica-privacidad","status":"publish","type":"page","link":"https:\/\/vivecordobatrip.com\/es_es\/politica-privacidad\/","title":{"rendered":"Pol\u00edtica de privacidad"},"content":{"rendered":"\n<figure class=\"wp-block-table\"><table class=\"has-fixed-layout\"><tbody><tr><td><strong>Versi\u00f3n&nbsp;<\/strong><\/td><td>1.00<\/td><td><strong>Actualizada a fecha<\/strong><\/td><td>Septiembre 2024<\/td><\/tr><\/tbody><\/table><\/figure>\n\n\n\n<p><strong>Previo<\/strong><\/p>\n\n\n\n<p>Esta pol\u00edtica de privacidad define todos los principios b\u00e1sicos de la aplicaci\u00f3n de la normativa de protecci\u00f3n de datos personales a la actividad que realiza el responsable del tratamiento, y se desarrolla con todos los procedimientos necesarios que se definan por el mismo. El objetivo es salvaguardar los intereses y derechos de los interesados con ocasi\u00f3n del tratamiento de sus datos personales. Para un completo y eficaz cumplimiento todos los procedimientos se conciben e implementan desde la fase inicial de cada tratamiento realizado (<strong>privacidad desde el dise\u00f1o<\/strong>) contemplando todas las fases que comprenden el ciclo de vida del tratamiento de los datos y velando que el tratamiento sea el m\u00ednimo e indispensable para conseguir los objetivos l\u00edcitamente perseguidos sin que el interesado haya de actuar o decidir para que se traten \u00fanicamente los datos estrictamente necesarios (<strong>privacidad por defecto<\/strong>).<\/p>\n\n\n\n<p><strong>Resumen<\/strong><\/p>\n\n\n\n<p>Los tratamientos que se realicen han de ser concretos, exactos y adecuados a la finalidad informada. Para ello se recoger\u00e1n y tratar\u00e1n datos \u00fanicamente con las finalidades especificadas, no se tratar\u00e1n los datos de forma incompatible a las finalidades indicadas, se tratar\u00e1n \u00fanicamente los datos adecuados y pertinentes para cada finalidad, se mantendr\u00e1n los datos exactos y actualizados y se conservar\u00e1n \u00fanicamente los datos durante el tiempo estrictamente necesario.<\/p>\n\n\n\n<p><strong>Responsable del tratamiento<\/strong><\/p>\n\n\n\n<p>El responsable del tratamiento de sus datos personales es ViveC\u00f3rdobaTrip S.L.<\/p>\n\n\n\n<p>CIF: B14621536<\/p>\n\n\n\n<p>Datos de contacto: Calle Claudio Marcelo, 11 \u2013 4, C.P. 14002, C\u00f3rdoba &nbsp;<\/p>\n\n\n\n<p>Tel\u00e9fono: 607 511 041 \u2013 607 765 330<\/p>\n\n\n\n<p>Correo electr\u00f3nico: contacto@vivecordobatrip.com<\/p>\n\n\n\n<p><strong>Actividades de tratamiento<\/strong><\/p>\n\n\n\n<ol class=\"wp-block-list\">\n<li><strong>Contactos\u00a0<\/strong><\/li>\n<\/ol>\n\n\n\n<ul class=\"wp-block-list\">\n<li><strong>Finalidad:<\/strong>\u00a0Intercambio de comunicaciones con ocasi\u00f3n de la actividad comercial mantenida con clientes o proveedores.<\/li>\n\n\n\n<li><strong>Legitimaci\u00f3n:<\/strong>\u00a0Inter\u00e9s leg\u00edtimo (art\u00edculo 6.1, p\u00e1rrafo f), del RGPD y art\u00edculo 19 de la LOPD).<\/li>\n\n\n\n<li><strong>Tiempo conservaci\u00f3n:<\/strong>\u00a0Plazo de prescripci\u00f3n de las obligaciones relativas a las prestaciones derivadas de las relaciones comerciales y\/o mercantiles mantenidas.<\/li>\n\n\n\n<li><strong>Destinatarios:<\/strong>\u00a0No se prev\u00e9 ninguna cesi\u00f3n o comunicaci\u00f3n.<\/li>\n<\/ul>\n\n\n\n<p><strong>Categor\u00edas de datos personales<\/strong><\/p>\n\n\n\n<p>Las categor\u00edas de datos personales que trata el Titular son:<\/p>\n\n\n\n<ul class=\"wp-block-list\">\n<li>Datos identificativos.<\/li>\n\n\n\n<li>No se tratan categor\u00edas de datos especialmente protegidos.<\/li>\n<\/ul>\n\n\n\n<p><strong>Modo incognito<\/strong><\/p>\n\n\n\n<p>Tambi\u00e9n pueden activar el \u00abmodo inc\u00f3gnito\u00bb, mediante el cual el navegador no almacena ning\u00fan historial de navegaci\u00f3n, contrase\u00f1as del sitio web, cookies u otra informaci\u00f3n relacionada con los sitios web visitados por los usuarios de la web.<\/p>\n\n\n\n<p><strong>Medidas t\u00e9cnicas y organizativas<\/strong><\/p>\n\n\n\n<p>Para conseguir un pleno cumplimiento de los principios y de las obligaciones establecidos por la normativa se establecer\u00e1n todas las medidas organizativas y t\u00e9cnicas oportunas. Todas las medidas de seguridad que se adopten ser\u00e1n objeto y resultado de realizar exhaustivos an\u00e1lisis de riesgos y de procesos constantes de verificaci\u00f3n, para evaluar su eficacia e idoneidad.&nbsp;<\/p>\n\n\n\n<p><strong>Objetivo<\/strong><\/p>\n\n\n\n<p>El objetivo es que los tratamientos realizados cumplan con los principios de licitud, lealtad y transparencia, limitaci\u00f3n de la finalidad, minimizaci\u00f3n de los datos, exactitud de los datos y limitaci\u00f3n del plazo de conservaci\u00f3n. El tratamiento de datos personales \u00fanicamente se realizar\u00e1 si existe consentimiento del interesado, es necesario para la ejecuci\u00f3n de un contrato en el que el interesado es parte o unas medidas precontractuales, es necesario para el cumplimiento de una obligaci\u00f3n legal aplicable al responsable del tratamiento, para proteger intereses vitales del interesado o de otra persona f\u00edsica, para cumplir una misi\u00f3n realizada en inter\u00e9s p\u00fablico o en el ejercicio de poderes p\u00fablicos conferidos al responsable del tratamiento, o para la satisfacci\u00f3n de intereses leg\u00edtimos perseguidos por el responsable del tratamiento o por un tercero. Por ello, los \u00fanicos datos personales que se tratan son los estricta y m\u00ednimamente necesarios para poder desarrollar nuestra actividad, siendo los adecuados y pertinentes para cumplir \u00fanicamente con las finalidades que se le informa al interesado y siempre amparada en una de las bases de legitimaci\u00f3n indicadas. De igual forma los datos se tratan sola y exclusivamente durante el tiempo necesario para poder realizar la actividad para la cual fueron recabados, siendo cancelados (conservados, pero sin tener acceso a los datos) durante los plazos de prescripci\u00f3n en que puedan ejercitarse alguna acci\u00f3n por las obligaciones legales surgidas del tratamiento realizado o de la relaci\u00f3n con el interesado, siendo suprimidos (eliminados definitivamente) tras el transcurso de dichos plazos.<\/p>\n\n\n\n<p><strong>Desarrollo de la pol\u00edtica de privacidad<\/strong><\/p>\n\n\n\n<p>Esta pol\u00edtica de privacidad se desarrolla por los procedimientos concretos de cada \u00e1mbito de actuaci\u00f3n que delimitan los objetivos concretos a conseguir que se har\u00e1n efectivos con las oportunas medidas organizativas y t\u00e9cnicas que se configuren. Los procedimientos que se configuren garantizar\u00e1n un tratamiento l\u00edcito, adecuado, transparente e informado, establecer\u00e1n un adecuado control de acceso, asegurar\u00e1n la confidencialidad, detallar\u00e1n los supuestos de cesi\u00f3n o comunicaci\u00f3n de los datos y especificar\u00e1n cuando se realiza su cancelaci\u00f3n y supresi\u00f3n.&nbsp;<\/p>\n\n\n\n<p><strong>Personal a cargo del responsable del tratamiento<\/strong><\/p>\n\n\n\n<p>Se garantizar\u00e1 que toda persona que tenga acceso a los datos personales objeto de tratamiento seguir\u00e1 las instrucciones necesarias para cumplir con lo establecido en las medidas t\u00e9cnicas y organizativas implementadas para un correcto y adecuado tratamiento de los datos personales, y se realizar\u00e1n las oportunas actividades de formaci\u00f3n y concienciaci\u00f3n para una correcta aplicaci\u00f3n de dichas medidas, notificando a dichos usuarios la responsabilidad que le es exigible en el hipot\u00e9tico supuesto de posibles incumplimientos. Tambi\u00e9n se definen procedimientos para el personal no relacionado directamente con el tratamiento de datos personales, que derivar\u00e1n en concretas instrucciones para garantizar la prohibici\u00f3n del acceso a los sistemas y la informaci\u00f3n.<\/p>\n\n\n\n<p><strong>Cesi\u00f3n o comunicaci\u00f3n de datos personales<\/strong><\/p>\n\n\n\n<p>Los datos no se comunicar\u00e1n o ceder\u00e1n a ning\u00fan tercero. No obstante, los datos pueden ser cedidos o comunicados a petici\u00f3n del interesado o si as\u00ed es requerido por la normativa, por ejemplo, a instancia de las Administraciones P\u00fablicas o de las Fuerzas y Cuerpos de Seguridad del Estado.<\/p>\n\n\n\n<p><strong>Transferencias internacionales&nbsp;<\/strong><\/p>\n\n\n\n<p>Ning\u00fan dato personal es objeto de una transferencia internacional. Toda la informaci\u00f3n se trata y se conserva en territorio de la Uni\u00f3n Europea de la que Espa\u00f1a forma parte, aplicando la normativa europea (Reglamento General de Protecci\u00f3n de Datos -RGPD-) y espa\u00f1ola (Ley Org\u00e1nica de Protecci\u00f3n de Datos -LOPD-).&nbsp;<\/p>\n\n\n\n<p><strong>Informaci\u00f3n y atenci\u00f3n al interesado<\/strong><\/p>\n\n\n\n<p>Todo el tratamiento de datos personales es transparente en todo momento para el interesado. La informaci\u00f3n que se ofrece de forma concreta y abreviada a trav\u00e9s de las correspondientes <strong>cl\u00e1usulas informativas<\/strong>, es la relativa a la identidad del responsable del tratamiento, las finalidades del tratamiento de los datos personales, una referencia b\u00e1sica al ejercicio de los derechos del interesado, y en su caso, si se va a elaborar un perfil y del derecho a oponerse a la adopci\u00f3n de decisiones individuales automatizadas que produzcan efectos jur\u00eddicos o afecten significativamente. Tambi\u00e9n se informar\u00e1 a los interesados sobre todo lo relativo a sus derechos de protecci\u00f3n de datos (acceso, rectificaci\u00f3n, supresi\u00f3n, oposici\u00f3n, limitaci\u00f3n y portabilidad) atendiendo en tiempo y forma las solicitudes y ejercicio de derechos que planteen, para lo cual se establece un canal de comunicaci\u00f3n directo, fiable y seguro con los mismos mediante el correo electr\u00f3nico contacto@vivecordobatrip.com.<\/p>\n\n\n\n<p><strong>Confidencialidad y deber de secreto<\/strong><\/p>\n\n\n\n<p>El responsable del tratamiento y todo el personal que dependa de \u00e9l, guardar\u00e1n secreto sobre todos los datos personales que sean objeto de tratamiento, durante y despu\u00e9s del tratamiento de la informaci\u00f3n, garantiz\u00e1ndose la confidencialidad sobre los mismos impidiendo que ning\u00fan tercero o usuario no autorizado acceda a dicha informaci\u00f3n. Todo el personal que depende del responsable del tratamiento ha sido informado sobre las consecuencias del incumplimiento de estas obligaciones y ha recibido formaci\u00f3n y concienciaci\u00f3n al respecto.<\/p>\n","protected":false},"excerpt":{"rendered":"<p>Versi\u00f3n&nbsp; 1.00 Actualizada a fecha Septiembre 2024 Previo Esta pol\u00edtica de privacidad define todos los principios b\u00e1sicos de la aplicaci\u00f3n de la normativa de protecci\u00f3n de datos personales a la actividad que realiza el responsable del tratamiento, y se desarrolla con todos los procedimientos necesarios que se definan por el mismo. El objetivo es salvaguardar [&hellip;]<\/p>\n","protected":false},"author":1,"featured_media":0,"parent":0,"menu_order":0,"comment_status":"closed","ping_status":"open","template":"","meta":{"footnotes":""},"class_list":["post-3","page","type-page","status-publish","hentry"],"acf":[],"_links":{"self":[{"href":"https:\/\/vivecordobatrip.com\/es_es\/wp-json\/wp\/v2\/pages\/3","targetHints":{"allow":["GET"]}}],"collection":[{"href":"https:\/\/vivecordobatrip.com\/es_es\/wp-json\/wp\/v2\/pages"}],"about":[{"href":"https:\/\/vivecordobatrip.com\/es_es\/wp-json\/wp\/v2\/types\/page"}],"author":[{"embeddable":true,"href":"https:\/\/vivecordobatrip.com\/es_es\/wp-json\/wp\/v2\/users\/1"}],"replies":[{"embeddable":true,"href":"https:\/\/vivecordobatrip.com\/es_es\/wp-json\/wp\/v2\/comments?post=3"}],"version-history":[{"count":1,"href":"https:\/\/vivecordobatrip.com\/es_es\/wp-json\/wp\/v2\/pages\/3\/revisions"}],"predecessor-version":[{"id":2929,"href":"https:\/\/vivecordobatrip.com\/es_es\/wp-json\/wp\/v2\/pages\/3\/revisions\/2929"}],"wp:attachment":[{"href":"https:\/\/vivecordobatrip.com\/es_es\/wp-json\/wp\/v2\/media?parent=3"}],"curies":[{"name":"wp","href":"https:\/\/api.w.org\/{rel}","templated":true}]}}