{"id":4331,"date":"2025-11-12T21:04:16","date_gmt":"2025-11-12T20:04:16","guid":{"rendered":"https:\/\/vivecordobatrip.com\/?page_id=4331"},"modified":"2025-11-12T21:05:46","modified_gmt":"2025-11-12T20:05:46","slug":"politica-de-calidad","status":"publish","type":"page","link":"https:\/\/vivecordobatrip.com\/es_es\/politica-de-calidad\/","title":{"rendered":"Pol\u00edtica de Calidad"},"content":{"rendered":"\t\t<div data-elementor-type=\"wp-page\" data-elementor-id=\"4331\" class=\"elementor elementor-4331\" data-elementor-post-type=\"page\">\n\t\t\t\t<div class=\"elementor-element elementor-element-877ea94 e-flex e-con-boxed e-con e-parent\" data-id=\"877ea94\" data-element_type=\"container\" data-e-type=\"container\">\n\t\t\t\t\t<div class=\"e-con-inner\">\n\t\t\t\t<div class=\"elementor-element elementor-element-150a2ce elementor-widget elementor-widget-text-editor\" data-id=\"150a2ce\" data-element_type=\"widget\" data-e-type=\"widget\" data-widget_type=\"text-editor.default\">\n\t\t\t\t\t\t\t\t\t<figure class=\"wp-block-table\"><\/figure><p><b>Vive C\u00f3rdoba Trip<\/b>, consciente de la necesidad de asegurar la calidad en sus instalaciones, asume la implantaci\u00f3n de un sistema de calidad basado en normas de calidad (<b>UNE 189001:2011 Servicios Tur\u00edsticos de Intermediaci\u00f3n<\/b>) que garantiza la prestaci\u00f3n de un servicio \u00f3ptimo, diferenciado, satisfactorio y en continua mejora. Para ello, la organizaci\u00f3n establece los siguientes compromisos.<\/p><p>En primer lugar, respecto a la prestaci\u00f3n del servicio, se compromete a conocer y satisfacer las necesidades de los clientes y as\u00ed ofrecer un servicio coherente, homog\u00e9neo y agradable. Adem\u00e1s, la direcci\u00f3n tratar\u00e1 de que el personal implicado en esa prestaci\u00f3n del servicio sea consciente de la importancia de una adecuada gesti\u00f3n de la calidad y del medioambiente introduciendo principios de sostenibilidad, responsabilidad social y buenas pr\u00e1cticas en sus acciones.<span class=\"Apple-converted-space\">\u00a0<\/span><\/p><p>En segundo lugar, la agencia de viajes se compromete a impulsar la innovaci\u00f3n y modernizaci\u00f3n en sus servicios con el objetivo de establecer una gesti\u00f3n eficaz, accesible y \u00f3ptima adaptada a las necesidades demandadas por los visitantes incluy\u00e9ndose aquellos que tienen alg\u00fan tipo de discapacidad f\u00edsica o intelectual.<span class=\"Apple-converted-space\">\u00a0<\/span><\/p><p>Por \u00faltimo, reconocemos la importancia de hacer part\u00edcipe en todo esto al personal y nos comprometemos a fomentar la contribuci\u00f3n de nuestros empleados en la toma de decisiones, as\u00ed como en el conjunto de acciones del proceso productivo, todo ello encaminado a la superaci\u00f3n y mejora continua.<span class=\"Apple-converted-space\">\u00a0<\/span><\/p><p>En definitiva, gracias a la correcta aplicaci\u00f3n de esta pol\u00edtica de calidad y el compromiso de todos los miembros del equipo en ello, lograremos una adecuada prestaci\u00f3n de servicio que garantice la satisfacci\u00f3n de nuestros visitantes de manera eficaz. <span class=\"Apple-converted-space\">\u00a0<\/span><\/p><p>En conformidad, esta Pol\u00edtica de Calidad ser\u00e1 elaborada y revisada anualmente por la direcci\u00f3n, la cual se asegurar\u00e1 del correspondiente cumplimiento y entendimiento por todos los empleados, as\u00ed como su difusi\u00f3n a cualquier persona\/entidad relacionada con la organizaci\u00f3n y conseguir que en su totalidad la pol\u00edtica sea entendida y llevada a cabo sin ninguna excepci\u00f3n.<span class=\"Apple-converted-space\">\u00a0<\/span><\/p><p>Firmado<span class=\"Apple-converted-space\">\u00a0<\/span><\/p><p>La direcci\u00f3n,<\/p><p>Mar\u00eda Jos\u00e9 Romo Bravo.<span class=\"Apple-converted-space\">\u00a0<\/span><\/p><ul><li style=\"list-style-type: none;\"><ul><li style=\"list-style-type: none;\"><ul><li>\u00a0<\/li><\/ul><\/li><\/ul><\/li><\/ul><p><!-- \/wp:paragraph --><\/p>\t\t\t\t\t\t\t\t<\/div>\n\t\t\t\t\t<\/div>\n\t\t\t\t<\/div>\n\t\t\t\t<\/div>\n\t\t","protected":false},"excerpt":{"rendered":"<p>Vive C\u00f3rdoba Trip, consciente de la necesidad de asegurar la calidad en sus instalaciones, asume la implantaci\u00f3n de un sistema de calidad basado en normas de calidad (UNE 189001:2011 Servicios Tur\u00edsticos de Intermediaci\u00f3n) que garantiza la prestaci\u00f3n de un servicio \u00f3ptimo, diferenciado, satisfactorio y en continua mejora. Para ello, la organizaci\u00f3n establece los siguientes compromisos. [&hellip;]<\/p>\n","protected":false},"author":2,"featured_media":0,"parent":0,"menu_order":0,"comment_status":"closed","ping_status":"closed","template":"","meta":{"footnotes":""},"class_list":["post-4331","page","type-page","status-publish","hentry"],"acf":[],"_links":{"self":[{"href":"https:\/\/vivecordobatrip.com\/es_es\/wp-json\/wp\/v2\/pages\/4331","targetHints":{"allow":["GET"]}}],"collection":[{"href":"https:\/\/vivecordobatrip.com\/es_es\/wp-json\/wp\/v2\/pages"}],"about":[{"href":"https:\/\/vivecordobatrip.com\/es_es\/wp-json\/wp\/v2\/types\/page"}],"author":[{"embeddable":true,"href":"https:\/\/vivecordobatrip.com\/es_es\/wp-json\/wp\/v2\/users\/2"}],"replies":[{"embeddable":true,"href":"https:\/\/vivecordobatrip.com\/es_es\/wp-json\/wp\/v2\/comments?post=4331"}],"version-history":[{"count":7,"href":"https:\/\/vivecordobatrip.com\/es_es\/wp-json\/wp\/v2\/pages\/4331\/revisions"}],"predecessor-version":[{"id":4341,"href":"https:\/\/vivecordobatrip.com\/es_es\/wp-json\/wp\/v2\/pages\/4331\/revisions\/4341"}],"wp:attachment":[{"href":"https:\/\/vivecordobatrip.com\/es_es\/wp-json\/wp\/v2\/media?parent=4331"}],"curies":[{"name":"wp","href":"https:\/\/api.w.org\/{rel}","templated":true}]}}