{"id":4370,"date":"2025-11-21T09:29:54","date_gmt":"2025-11-21T08:29:54","guid":{"rendered":"https:\/\/vivecordobatrip.com\/?page_id=4370"},"modified":"2025-11-21T09:29:57","modified_gmt":"2025-11-21T08:29:57","slug":"politica-de-sostenibilidad","status":"publish","type":"page","link":"https:\/\/vivecordobatrip.com\/es_es\/politica-de-sostenibilidad\/","title":{"rendered":"Pol\u00edtica de sostenibilidad"},"content":{"rendered":"\n<p>Vive C\u00f3rdoba Trip se compromete firmemente con la mejora continua y la Agenda 2030, los 17 Objetivos para el Desarrollo Sostenible (ODS) y sus 169 metas contribuyendo as\u00ed al desarrollo sostenible y maximizando los impactos positivos que nuestra organizaci\u00f3n genera en la sociedad, econom\u00eda y entorno natural.&nbsp; Nuestro objetivo principal es satisfacer las necesidades de nuestras partes interesadas a todos los niveles, de forma eficiente, sin comprometer las necesidades de generaciones futuras y del resto del entorno que rodea a la organizaci\u00f3n, as\u00ed como mejorar la calidad de la informaci\u00f3n con una mayor variedad y extensi\u00f3n de la misma.<\/p>\n\n\n\n<p>Para alcanzar dicho compromiso, hemos definido y aprobado una pol\u00edtica de calidad y sostenibilidad que es revisada peri\u00f3dicamente. Contamos con m\u00faltiples canales de comunicaci\u00f3n, disponibles y accesibles, para informar, implicar y mantener esta pol\u00edtica de manera continua con todas las partes interesadas de la organizaci\u00f3n, incluido nuestro personal quien es tambi\u00e9n responsable, de cumplir todos los principios, valores y compromisos de sostenibilidad expuestos a continuaci\u00f3n:<\/p>\n\n\n\n<ol class=\"wp-block-list\">\n<li><strong>Sostenibilidad:<\/strong> establecer la sostenibilidad como base fundamental de nuestras acciones alineando as\u00ed nuestra estrategia con el cumplimiento de los ODS y la Agenda 2030 aprobada por Naciones Unidas en 2015.<\/li>\n\n\n\n<li><strong>\u00c9tica y responsabilidad:<\/strong> mantener un comportamiento \u00e9tico y responsable que garantice la eficiencia de nuestras actividades sin comprometer el entorno que nos rodea y garantizar un ambiente laboral digno y justo.<\/li>\n\n\n\n<li><strong>Transparencia: <\/strong>establecer una comunicaci\u00f3n transparente con nuestras partes interesadas velando en todo momento por el cumplimiento de sus expectativas y necesidades.\u00a0<\/li>\n\n\n\n<li><strong>Mejora continua:<\/strong>\u00a0 realizar un seguimiento continuo de nuestro desempe\u00f1o respecto a la contribuci\u00f3n a los ODS, los requisitos recogidos en la norma de calidad, aplicando si es necesario las acciones correctivas para seguir mejorando a\u00f1o tras a\u00f1o.<\/li>\n<\/ol>\n\n\n\n<p>Firmado<\/p>\n\n\n\n<p>La direcci\u00f3n<\/p>\n\n\n\n<p>Mar\u00eda Jos\u00e9 Romo Bravo<\/p>\n","protected":false},"excerpt":{"rendered":"<p>Vive C\u00f3rdoba Trip se compromete firmemente con la mejora continua y la Agenda 2030, los 17 Objetivos para el Desarrollo Sostenible (ODS) y sus 169 metas contribuyendo as\u00ed al desarrollo sostenible y maximizando los impactos positivos que nuestra organizaci\u00f3n genera en la sociedad, econom\u00eda y entorno natural.&nbsp; Nuestro objetivo principal es satisfacer las necesidades de [&hellip;]<\/p>\n","protected":false},"author":2,"featured_media":0,"parent":0,"menu_order":0,"comment_status":"closed","ping_status":"closed","template":"","meta":{"footnotes":""},"class_list":["post-4370","page","type-page","status-publish","hentry"],"acf":[],"_links":{"self":[{"href":"https:\/\/vivecordobatrip.com\/es_es\/wp-json\/wp\/v2\/pages\/4370","targetHints":{"allow":["GET"]}}],"collection":[{"href":"https:\/\/vivecordobatrip.com\/es_es\/wp-json\/wp\/v2\/pages"}],"about":[{"href":"https:\/\/vivecordobatrip.com\/es_es\/wp-json\/wp\/v2\/types\/page"}],"author":[{"embeddable":true,"href":"https:\/\/vivecordobatrip.com\/es_es\/wp-json\/wp\/v2\/users\/2"}],"replies":[{"embeddable":true,"href":"https:\/\/vivecordobatrip.com\/es_es\/wp-json\/wp\/v2\/comments?post=4370"}],"version-history":[{"count":1,"href":"https:\/\/vivecordobatrip.com\/es_es\/wp-json\/wp\/v2\/pages\/4370\/revisions"}],"predecessor-version":[{"id":4371,"href":"https:\/\/vivecordobatrip.com\/es_es\/wp-json\/wp\/v2\/pages\/4370\/revisions\/4371"}],"wp:attachment":[{"href":"https:\/\/vivecordobatrip.com\/es_es\/wp-json\/wp\/v2\/media?parent=4370"}],"curies":[{"name":"wp","href":"https:\/\/api.w.org\/{rel}","templated":true}]}}