{"id":2477,"date":"2024-09-25T19:29:33","date_gmt":"2024-09-25T17:29:33","guid":{"rendered":"https:\/\/vivecordobatrip.com\/?post_type=product&#038;p=2477"},"modified":"2026-04-06T13:42:18","modified_gmt":"2026-04-06T11:42:18","slug":"castillo-de-almodovar","status":"publish","type":"product","link":"https:\/\/vivecordobatrip.com\/es_es\/producto\/castillo-de-almodovar\/","title":{"rendered":"Castillo de Almod\u00f3var"},"content":{"rendered":"<p data-start=\"799\" data-end=\"1015\">El <strong data-start=\"802\" data-end=\"835\">Castillo de Almod\u00f3var del R\u00edo<\/strong> es una de las fortalezas m\u00e1s espectaculares de la provincia de C\u00f3rdoba y una visita imprescindible si te apetece un plan diferente cargado de historia, vistas y ambiente medieval.<\/p>\n<p data-start=\"1017\" data-end=\"1441\">Su origen es <strong data-start=\"1030\" data-end=\"1042\">andalus\u00ed<\/strong>, con construcci\u00f3n en torno al siglo VIII, y a lo largo de los siglos ha vivido distintas etapas de reformas y reconstrucciones, convirti\u00e9ndose en un lugar clave de la historia de la zona. Hoy se mantiene como un castillo restaurado y visitable, perfecto para recorrer torres, murallas y estancias que te har\u00e1n sentir dentro de una aut\u00e9ntica fortaleza medieval.<\/p>\n<p data-start=\"1443\" data-end=\"1700\">La visita al Castillo de Almod\u00f3var es ideal tanto para amantes del patrimonio como para quienes buscan una escapada desde C\u00f3rdoba capital. Un lugar lleno de car\u00e1cter, con una historia fascinante y rincones perfectos para disfrutar del paisaje desde lo alto.<\/p>\n<p data-start=\"1702\" data-end=\"1862\">Si quieres conocer uno de los castillos m\u00e1s conocidos de Andaluc\u00eda y vivir la experiencia de caminar por una fortaleza con siglos de historia, este es el sitio.<\/p>\n","protected":false},"excerpt":{"rendered":"<p>Descubre el Castillo de Almod\u00f3var, una de las fortalezas m\u00e1s impresionantes de C\u00f3rdoba, con m\u00e1s de trece siglos de historia y un origen \u00e1rabe que te transporta a otra \u00e9poca<\/p>\n","protected":false},"author":2,"featured_media":2538,"comment_status":"open","ping_status":"closed","template":"","meta":[],"product_brand":[],"product_cat":[77,79,86,93,87,92],"product_tag":[],"class_list":{"0":"post-2477","1":"product","2":"type-product","3":"status-publish","4":"has-post-thumbnail","6":"product_cat-externo","7":"product_cat-actividades-en-cordoba","8":"product_cat-con-calendario","9":"product_cat-monumentos","10":"product_cat-visitas","11":"product_cat-top-6-experiencias","13":"first","14":"instock","15":"taxable","16":"shipping-taxable","17":"purchasable","18":"product-type-variable"},"acf":[],"_links":{"self":[{"href":"https:\/\/vivecordobatrip.com\/es_es\/wp-json\/wp\/v2\/product\/2477","targetHints":{"allow":["GET"]}}],"collection":[{"href":"https:\/\/vivecordobatrip.com\/es_es\/wp-json\/wp\/v2\/product"}],"about":[{"href":"https:\/\/vivecordobatrip.com\/es_es\/wp-json\/wp\/v2\/types\/product"}],"author":[{"embeddable":true,"href":"https:\/\/vivecordobatrip.com\/es_es\/wp-json\/wp\/v2\/users\/2"}],"replies":[{"embeddable":true,"href":"https:\/\/vivecordobatrip.com\/es_es\/wp-json\/wp\/v2\/comments?post=2477"}],"version-history":[{"count":9,"href":"https:\/\/vivecordobatrip.com\/es_es\/wp-json\/wp\/v2\/product\/2477\/revisions"}],"predecessor-version":[{"id":4412,"href":"https:\/\/vivecordobatrip.com\/es_es\/wp-json\/wp\/v2\/product\/2477\/revisions\/4412"}],"wp:featuredmedia":[{"embeddable":true,"href":"https:\/\/vivecordobatrip.com\/es_es\/wp-json\/wp\/v2\/media\/2538"}],"wp:attachment":[{"href":"https:\/\/vivecordobatrip.com\/es_es\/wp-json\/wp\/v2\/media?parent=2477"}],"wp:term":[{"taxonomy":"product_brand","embeddable":true,"href":"https:\/\/vivecordobatrip.com\/es_es\/wp-json\/wp\/v2\/product_brand?post=2477"},{"taxonomy":"product_cat","embeddable":true,"href":"https:\/\/vivecordobatrip.com\/es_es\/wp-json\/wp\/v2\/product_cat?post=2477"},{"taxonomy":"product_tag","embeddable":true,"href":"https:\/\/vivecordobatrip.com\/es_es\/wp-json\/wp\/v2\/product_tag?post=2477"}],"curies":[{"name":"wp","href":"https:\/\/api.w.org\/{rel}","templated":true}]}}