{"id":2726,"date":"2024-10-08T19:34:25","date_gmt":"2024-10-08T17:34:25","guid":{"rendered":"https:\/\/vivecordobatrip.com\/?post_type=product&#038;p=2726"},"modified":"2026-04-10T09:11:44","modified_gmt":"2026-04-10T07:11:44","slug":"caballerizas-reales","status":"publish","type":"product","link":"https:\/\/vivecordobatrip.com\/es_es\/producto\/caballerizas-reales\/","title":{"rendered":"Caballerizas Reales"},"content":{"rendered":"<p data-start=\"607\" data-end=\"792\">Las <strong data-start=\"611\" data-end=\"645\">Caballerizas Reales de C\u00f3rdoba<\/strong> ofrecen una experiencia \u00fanica para disfrutar de la tradici\u00f3n ecuestre de la ciudad a trav\u00e9s de un espect\u00e1culo lleno de emoci\u00f3n, t\u00e9cnica y belleza.<\/p>\n<p data-start=\"794\" data-end=\"1205\">Durante aproximadamente <strong data-start=\"818\" data-end=\"832\">70 minutos<\/strong>, el show combina una impecable fusi\u00f3n de <strong data-start=\"874\" data-end=\"918\">equitaci\u00f3n cl\u00e1sica y equitaci\u00f3n andaluza<\/strong>, con n\u00fameros que destacan por su precisi\u00f3n y elegancia. A lo largo de la representaci\u00f3n podr\u00e1s ver distintas disciplinas y estilos, como <strong data-start=\"1056\" data-end=\"1153\">trabajos a la mano, doma vaquera, alta escuela, montas a la amazona y ejercicios con garrocha<\/strong>, entre otros.<\/p>\n<p data-start=\"1207\" data-end=\"1506\">Todo el espect\u00e1culo est\u00e1 pensado para que el p\u00fablico viva de cerca la pasi\u00f3n por el caballo y el valor cultural de la tradici\u00f3n ecuestre cordobesa, en un entorno que convierte la visita en un plan especial tanto si vienes en pareja como en familia o con amigos.<\/p>\n<p>&nbsp;<\/p>\n","protected":false},"excerpt":{"rendered":"<p>Vive un espect\u00e1culo ecuestre de 70 minutos en C\u00f3rdoba, donde la equitaci\u00f3n cl\u00e1sica y andaluza se une al arte y la emoci\u00f3n en un show lleno de tradici\u00f3n.<\/p>\n<div class=\"elementor-element elementor-element e-con-full e-flex e-con e-child\" data-element_type=\"container\" data-settings=\"{&quot;content_width&quot;:&quot;full&quot;}\">\n<div class=\"elementor-element elementor-element elementor-mobile-align-center elementor-widget elementor-widget-button\"  data-element_type=\"widget\" data-widget_type=\"button.default\">\n<div class=\"elementor-widget-container\">\n<div class=\"elementor-button-wrapper\"><a target=\"_blank\" rel=\"nofollow\" class=\"elementor-button elementor-button-link elementor-size-sm\" style=\"cursor:pointer;\" href=\"https:\/\/cordobaecuestre.janto.es\/espectaculo\/pasion-y-duende-del-caballo-andaluz\/PASIONDUENDE\/origen\/VIVECORDOBA\"><span class=\"elementor-button-content-wrapper\"><span class=\"elementor-button-text\">Contratar Servicio<\/span><\/span><\/a><\/div>\n<\/div>\n<\/div>\n<\/div>\n","protected":false},"author":2,"featured_media":4521,"comment_status":"open","ping_status":"closed","template":"","meta":[],"product_brand":[],"product_cat":[82],"product_tag":[],"class_list":{"0":"post-2726","1":"product","2":"type-product","3":"status-publish","4":"has-post-thumbnail","6":"product_cat-espectaculos","8":"first","9":"instock","10":"taxable","11":"shipping-taxable","12":"product-type-simple"},"acf":[],"_links":{"self":[{"href":"https:\/\/vivecordobatrip.com\/es_es\/wp-json\/wp\/v2\/product\/2726","targetHints":{"allow":["GET"]}}],"collection":[{"href":"https:\/\/vivecordobatrip.com\/es_es\/wp-json\/wp\/v2\/product"}],"about":[{"href":"https:\/\/vivecordobatrip.com\/es_es\/wp-json\/wp\/v2\/types\/product"}],"author":[{"embeddable":true,"href":"https:\/\/vivecordobatrip.com\/es_es\/wp-json\/wp\/v2\/users\/2"}],"replies":[{"embeddable":true,"href":"https:\/\/vivecordobatrip.com\/es_es\/wp-json\/wp\/v2\/comments?post=2726"}],"version-history":[{"count":5,"href":"https:\/\/vivecordobatrip.com\/es_es\/wp-json\/wp\/v2\/product\/2726\/revisions"}],"predecessor-version":[{"id":4409,"href":"https:\/\/vivecordobatrip.com\/es_es\/wp-json\/wp\/v2\/product\/2726\/revisions\/4409"}],"wp:featuredmedia":[{"embeddable":true,"href":"https:\/\/vivecordobatrip.com\/es_es\/wp-json\/wp\/v2\/media\/4521"}],"wp:attachment":[{"href":"https:\/\/vivecordobatrip.com\/es_es\/wp-json\/wp\/v2\/media?parent=2726"}],"wp:term":[{"taxonomy":"product_brand","embeddable":true,"href":"https:\/\/vivecordobatrip.com\/es_es\/wp-json\/wp\/v2\/product_brand?post=2726"},{"taxonomy":"product_cat","embeddable":true,"href":"https:\/\/vivecordobatrip.com\/es_es\/wp-json\/wp\/v2\/product_cat?post=2726"},{"taxonomy":"product_tag","embeddable":true,"href":"https:\/\/vivecordobatrip.com\/es_es\/wp-json\/wp\/v2\/product_tag?post=2726"}],"curies":[{"name":"wp","href":"https:\/\/api.w.org\/{rel}","templated":true}]}}