{"id":2818,"date":"2024-10-10T11:35:06","date_gmt":"2024-10-10T09:35:06","guid":{"rendered":"https:\/\/vivecordobatrip.com\/?post_type=product&#038;p=2818"},"modified":"2026-03-27T11:31:32","modified_gmt":"2026-03-27T10:31:32","slug":"bodegas-alvear","status":"publish","type":"product","link":"https:\/\/vivecordobatrip.com\/es_es\/producto\/bodegas-alvear\/","title":{"rendered":"Bodegas Alvear"},"content":{"rendered":"<p data-start=\"421\" data-end=\"675\">Las <strong data-start=\"425\" data-end=\"443\">Bodegas Alvear<\/strong>, en Montilla (C\u00f3rdoba), son una de las grandes referencias de la <strong data-start=\"509\" data-end=\"534\">D.O. Montilla-Moriles<\/strong> y una visita imprescindible si te apetece conocer la cultura del vino desde dentro, en un entorno con tradici\u00f3n, historia y much\u00edsimo sabor.<\/p>\n<p data-start=\"677\" data-end=\"1047\">Durante la visita descubrir\u00e1s c\u00f3mo se elaboran los vinos m\u00e1s caracter\u00edsticos de la zona, conocer\u00e1s el proceso de envejecimiento y crianza, y recorrer\u00e1s espacios donde el tiempo y la paciencia forman parte del trabajo diario. Es una experiencia muy recomendable tanto si eres amante del vino como si simplemente quieres hacer un plan diferente en la provincia de C\u00f3rdoba.<\/p>\n<p data-start=\"1049\" data-end=\"1162\">Al finalizar la visita, disfrutar\u00e1s de una <strong data-start=\"1092\" data-end=\"1107\">cata guiada<\/strong>, y podr\u00e1s reservar la opci\u00f3n que mejor se adapte a ti:<\/p>\n<ul>\n<li data-start=\"1169\" data-end=\"1201\">\n<h3 data-start=\"1482\" data-end=\"1514\"><strong>Visita con cata de 3 vinos<\/strong><\/h3>\n<\/li>\n<\/ul>\n<p data-start=\"1202\" data-end=\"1296\">Una opci\u00f3n perfecta para tener una primera toma de contacto con los vinos de Montilla-Moriles:<\/p>\n<ul data-start=\"1298\" data-end=\"1475\">\n<li data-start=\"1298\" data-end=\"1348\">\n<p data-start=\"1300\" data-end=\"1348\"><strong data-start=\"1300\" data-end=\"1318\">Joven Festival<\/strong> <em data-start=\"1319\" data-end=\"1346\">(blanco seco sin crianza)<\/em><\/p>\n<\/li>\n<li data-start=\"1349\" data-end=\"1419\">\n<p data-start=\"1351\" data-end=\"1419\"><strong data-start=\"1351\" data-end=\"1362\">Fino CB<\/strong> <em data-start=\"1363\" data-end=\"1417\">(blanco seco con envejecimiento y crianza biol\u00f3gica)<\/em><\/p>\n<\/li>\n<li data-start=\"1420\" data-end=\"1475\">\n<p data-start=\"1422\" data-end=\"1475\"><strong data-start=\"1422\" data-end=\"1444\">Pedro Xim\u00e9nez 1927<\/strong> <em data-start=\"1445\" data-end=\"1473\">(dulce envejecido en bota)<\/em><\/p>\n<\/li>\n<\/ul>\n<p>&nbsp;<\/p>\n<ul data-start=\"1298\" data-end=\"1475\">\n<li data-start=\"1420\" data-end=\"1475\">\n<h3 data-start=\"1482\" data-end=\"1514\"><strong>Visita con cata de 5 vinos<\/strong><\/h3>\n<p data-start=\"1515\" data-end=\"1589\">Si quieres una experiencia m\u00e1s completa, puedes elegir entre dos opciones:<\/p>\n<p data-start=\"1591\" data-end=\"1625\"><strong>Opci\u00f3n n\u00ba1: Novedades Alvear<\/strong><\/p>\n<ul data-start=\"1626\" data-end=\"1956\">\n<li data-start=\"1626\" data-end=\"1676\">\n<p data-start=\"1628\" data-end=\"1676\"><strong data-start=\"1628\" data-end=\"1646\">Joven Festival<\/strong> <em data-start=\"1647\" data-end=\"1674\">(blanco seco sin crianza)<\/em><\/p>\n<\/li>\n<li data-start=\"1677\" data-end=\"1760\">\n<p data-start=\"1679\" data-end=\"1760\"><strong data-start=\"1679\" data-end=\"1703\">3 Miradas de Parcela<\/strong> <em data-start=\"1704\" data-end=\"1758\">(blanco seco con envejecimiento, fermentado en bota)<\/em><\/p>\n<\/li>\n<li data-start=\"1761\" data-end=\"1831\">\n<p data-start=\"1763\" data-end=\"1831\"><strong data-start=\"1763\" data-end=\"1774\">Fino CB<\/strong> <em data-start=\"1775\" data-end=\"1829\">(blanco seco con envejecimiento y crianza biol\u00f3gica)<\/em><\/p>\n<\/li>\n<li data-start=\"1832\" data-end=\"1900\">\n<p data-start=\"1834\" data-end=\"1900\"><strong data-start=\"1834\" data-end=\"1858\">Vermouth Tradicional<\/strong> <em data-start=\"1859\" data-end=\"1898\">(vino cream con extractos arom\u00e1ticos)<\/em><\/p>\n<\/li>\n<li data-start=\"1901\" data-end=\"1956\">\n<p data-start=\"1903\" data-end=\"1956\"><strong data-start=\"1903\" data-end=\"1925\">Pedro Xim\u00e9nez 1927<\/strong> <em data-start=\"1926\" data-end=\"1954\">(dulce envejecido en bota)<\/em><\/p>\n<\/li>\n<\/ul>\n<p data-start=\"1958\" data-end=\"1992\"><strong>Opci\u00f3n n\u00ba2: Generosos Alvear<\/strong><\/p>\n<ul data-start=\"1993\" data-end=\"2257\">\n<li data-start=\"1993\" data-end=\"2043\">\n<p data-start=\"1995\" data-end=\"2043\"><strong data-start=\"1995\" data-end=\"2013\">Joven Festival<\/strong> <em data-start=\"2014\" data-end=\"2041\">(blanco seco sin crianza)<\/em><\/p>\n<\/li>\n<li data-start=\"2044\" data-end=\"2114\">\n<p data-start=\"2046\" data-end=\"2114\"><strong data-start=\"2046\" data-end=\"2057\">Fino CB<\/strong> <em data-start=\"2058\" data-end=\"2112\">(blanco seco con envejecimiento y crianza biol\u00f3gica)<\/em><\/p>\n<\/li>\n<li data-start=\"2115\" data-end=\"2159\">\n<p data-start=\"2117\" data-end=\"2159\"><strong data-start=\"2117\" data-end=\"2137\">Palo Cortado n\u00ba7<\/strong> <em data-start=\"2138\" data-end=\"2157\">(crianza 20 a\u00f1os)<\/em><\/p>\n<\/li>\n<li data-start=\"2160\" data-end=\"2201\">\n<p data-start=\"2162\" data-end=\"2201\"><strong data-start=\"2162\" data-end=\"2179\">Oloroso Cat\u00f3n<\/strong> <em data-start=\"2180\" data-end=\"2199\">(crianza 20 a\u00f1os)<\/em><\/p>\n<\/li>\n<li data-start=\"2202\" data-end=\"2257\">\n<p data-start=\"2204\" data-end=\"2257\"><strong data-start=\"2204\" data-end=\"2226\">Pedro Xim\u00e9nez 1927<\/strong> <em data-start=\"2227\" data-end=\"2255\">(dulce envejecido en bota)<\/em><\/p>\n<\/li>\n<\/ul>\n<\/li>\n<\/ul>\n<p>Una visita ideal para disfrutar en pareja, con amigos o incluso como plan de escapada gastron\u00f3mica, descubriendo de forma aut\u00e9ntica la esencia del vino cordob\u00e9s.<\/p>\n","protected":false},"excerpt":{"rendered":"<p>Visita Bodegas Alvear en Montilla y descubre una de las bodegas m\u00e1s emblem\u00e1ticas de la D.O. Montilla-Moriles, con tradici\u00f3n, historia y vinos con identidad propia.<\/p>\n<table width=\"773\">\n<tbody>\n<tr>\n<td colspan=\"2\" width=\"773\">\n<div class=\"elementor-element elementor-element e-con-full e-flex e-con e-child\" data-element_type=\"container\" data-settings=\"{&quot;content_width&quot;:&quot;full&quot;}\">\n<div class=\"elementor-element elementor-element elementor-mobile-align-center elementor-widget elementor-widget-button\"  data-element_type=\"widget\" data-widget_type=\"button.default\">\n<div class=\"elementor-widget-container\">\n<div class=\"elementor-button-wrapper\"><a target=\"_blank\" rel=\"nofollow\" class=\"elementor-button elementor-button-link elementor-size-sm\" style=\"cursor:pointer;\" href=\"https:\/\/mrplan.io\/dst\/MK-85332\"><span class=\"elementor-button-content-wrapper\"><span class=\"elementor-button-text\">CONTRATAR EN P\u00c1GINA OFICIAL<\/span><\/span><\/a><\/div>\n<\/div>\n<\/div>\n<\/div>\n<\/td>\n<\/tr>\n<\/tbody>\n<\/table>\n","protected":false},"author":2,"featured_media":1655,"comment_status":"open","ping_status":"closed","template":"","meta":[],"product_brand":[],"product_cat":[89],"product_tag":[],"class_list":{"0":"post-2818","1":"product","2":"type-product","3":"status-publish","4":"has-post-thumbnail","6":"product_cat-catas","8":"first","9":"instock","10":"taxable","11":"shipping-taxable","12":"product-type-simple"},"acf":[],"_links":{"self":[{"href":"https:\/\/vivecordobatrip.com\/es_es\/wp-json\/wp\/v2\/product\/2818","targetHints":{"allow":["GET"]}}],"collection":[{"href":"https:\/\/vivecordobatrip.com\/es_es\/wp-json\/wp\/v2\/product"}],"about":[{"href":"https:\/\/vivecordobatrip.com\/es_es\/wp-json\/wp\/v2\/types\/product"}],"author":[{"embeddable":true,"href":"https:\/\/vivecordobatrip.com\/es_es\/wp-json\/wp\/v2\/users\/2"}],"replies":[{"embeddable":true,"href":"https:\/\/vivecordobatrip.com\/es_es\/wp-json\/wp\/v2\/comments?post=2818"}],"version-history":[{"count":10,"href":"https:\/\/vivecordobatrip.com\/es_es\/wp-json\/wp\/v2\/product\/2818\/revisions"}],"predecessor-version":[{"id":4520,"href":"https:\/\/vivecordobatrip.com\/es_es\/wp-json\/wp\/v2\/product\/2818\/revisions\/4520"}],"wp:featuredmedia":[{"embeddable":true,"href":"https:\/\/vivecordobatrip.com\/es_es\/wp-json\/wp\/v2\/media\/1655"}],"wp:attachment":[{"href":"https:\/\/vivecordobatrip.com\/es_es\/wp-json\/wp\/v2\/media?parent=2818"}],"wp:term":[{"taxonomy":"product_brand","embeddable":true,"href":"https:\/\/vivecordobatrip.com\/es_es\/wp-json\/wp\/v2\/product_brand?post=2818"},{"taxonomy":"product_cat","embeddable":true,"href":"https:\/\/vivecordobatrip.com\/es_es\/wp-json\/wp\/v2\/product_cat?post=2818"},{"taxonomy":"product_tag","embeddable":true,"href":"https:\/\/vivecordobatrip.com\/es_es\/wp-json\/wp\/v2\/product_tag?post=2818"}],"curies":[{"name":"wp","href":"https:\/\/api.w.org\/{rel}","templated":true}]}}