{"id":2972,"date":"2024-10-14T19:10:25","date_gmt":"2024-10-14T17:10:25","guid":{"rendered":"https:\/\/vivecordobatrip.com\/?post_type=product&#038;p=2972"},"modified":"2026-04-13T13:26:12","modified_gmt":"2026-04-13T11:26:12","slug":"bus-turistico","status":"publish","type":"product","link":"https:\/\/vivecordobatrip.com\/es_es\/producto\/bus-turistico\/","title":{"rendered":"Bus Tur\u00edstico"},"content":{"rendered":"<p data-start=\"634\" data-end=\"834\">El <strong data-start=\"637\" data-end=\"665\">bus tur\u00edstico de C\u00f3rdoba<\/strong> es una de las formas m\u00e1s pr\u00e1cticas y c\u00f3modas de conocer la ciudad, especialmente si quieres recorrer lo m\u00e1s importante sin largas caminatas o si vienes con poco tiempo.<\/p>\n<p data-start=\"836\" data-end=\"1121\">Durante el recorrido podr\u00e1s disfrutar de una visita panor\u00e1mica por C\u00f3rdoba, pasando por zonas emblem\u00e1ticas y puntos clave del centro y sus alrededores. Es un plan ideal para orientarte el primer d\u00eda, hacer una visita general y decidir despu\u00e9s qu\u00e9 lugares quieres visitar con m\u00e1s calma.<\/p>\n<p data-start=\"1123\" data-end=\"1309\">Adem\u00e1s, es una opci\u00f3n perfecta para familias, personas mayores o viajeros que prefieren moverse de forma tranquila mientras disfrutan de la ciudad y sus vistas desde otro punto de vista.<\/p>\n<p data-start=\"1311\" data-end=\"1372\">Una manera sencilla y c\u00f3moda de descubrir C\u00f3rdoba a tu ritmo.<\/p>\n","protected":false},"excerpt":{"rendered":"<p>Descubre C\u00f3rdoba de forma c\u00f3moda en el bus tur\u00edstico: recorre los puntos m\u00e1s emblem\u00e1ticos de la ciudad sin cansarte y disfruta de las mejores vistas.<\/p>\n<p>&nbsp;<\/p>\n","protected":false},"author":2,"featured_media":133,"comment_status":"open","ping_status":"closed","template":"","meta":[],"product_brand":[],"product_cat":[72,86,95],"product_tag":[91,90],"class_list":{"0":"post-2972","1":"product","2":"type-product","3":"status-publish","4":"has-post-thumbnail","6":"product_cat-tours","7":"product_cat-con-calendario","8":"product_cat-movilidad","9":"product_tag-rcomendado","10":"product_tag-recomendado","12":"first","13":"instock","14":"taxable","15":"shipping-taxable","16":"purchasable","17":"product-type-variable"},"acf":[],"_links":{"self":[{"href":"https:\/\/vivecordobatrip.com\/es_es\/wp-json\/wp\/v2\/product\/2972","targetHints":{"allow":["GET"]}}],"collection":[{"href":"https:\/\/vivecordobatrip.com\/es_es\/wp-json\/wp\/v2\/product"}],"about":[{"href":"https:\/\/vivecordobatrip.com\/es_es\/wp-json\/wp\/v2\/types\/product"}],"author":[{"embeddable":true,"href":"https:\/\/vivecordobatrip.com\/es_es\/wp-json\/wp\/v2\/users\/2"}],"replies":[{"embeddable":true,"href":"https:\/\/vivecordobatrip.com\/es_es\/wp-json\/wp\/v2\/comments?post=2972"}],"version-history":[{"count":11,"href":"https:\/\/vivecordobatrip.com\/es_es\/wp-json\/wp\/v2\/product\/2972\/revisions"}],"predecessor-version":[{"id":4433,"href":"https:\/\/vivecordobatrip.com\/es_es\/wp-json\/wp\/v2\/product\/2972\/revisions\/4433"}],"wp:featuredmedia":[{"embeddable":true,"href":"https:\/\/vivecordobatrip.com\/es_es\/wp-json\/wp\/v2\/media\/133"}],"wp:attachment":[{"href":"https:\/\/vivecordobatrip.com\/es_es\/wp-json\/wp\/v2\/media?parent=2972"}],"wp:term":[{"taxonomy":"product_brand","embeddable":true,"href":"https:\/\/vivecordobatrip.com\/es_es\/wp-json\/wp\/v2\/product_brand?post=2972"},{"taxonomy":"product_cat","embeddable":true,"href":"https:\/\/vivecordobatrip.com\/es_es\/wp-json\/wp\/v2\/product_cat?post=2972"},{"taxonomy":"product_tag","embeddable":true,"href":"https:\/\/vivecordobatrip.com\/es_es\/wp-json\/wp\/v2\/product_tag?post=2972"}],"curies":[{"name":"wp","href":"https:\/\/api.w.org\/{rel}","templated":true}]}}