{"id":2984,"date":"2024-10-16T20:32:40","date_gmt":"2024-10-16T18:32:40","guid":{"rendered":"https:\/\/vivecordobatrip.com\/?post_type=product&#038;p=2984"},"modified":"2026-04-10T09:11:44","modified_gmt":"2026-04-10T07:11:44","slug":"enterprise-rent-a-car","status":"publish","type":"product","link":"https:\/\/vivecordobatrip.com\/es_es\/producto\/enterprise-rent-a-car\/","title":{"rendered":"Rent-A-Car"},"content":{"rendered":"<p data-start=\"589\" data-end=\"883\">Con <strong data-start=\"593\" data-end=\"618\">Enterprise Rent-A-Car<\/strong> puedes alquilar un coche en C\u00f3rdoba de forma c\u00f3moda y pr\u00e1ctica para organizar tu viaje a tu manera. Es la opci\u00f3n ideal si quieres moverte con libertad, hacer escapadas por la provincia o simplemente contar con un veh\u00edculo para desplazarte sin depender de horarios.<\/p>\n<p data-start=\"885\" data-end=\"1217\">Tanto si vienes de visita como si necesitas un coche por trabajo o por unos d\u00edas, Enterprise ofrece una soluci\u00f3n flexible para adaptarse a cada tipo de viaje. Podr\u00e1s elegir el veh\u00edculo que mejor encaje contigo y disfrutar de la tranquilidad de contar con una empresa reconocida y con experiencia en el sector del alquiler de coches.<\/p>\n<p data-start=\"1219\" data-end=\"1328\">Una forma sencilla de viajar por C\u00f3rdoba con total independencia: t\u00fa decides el ritmo, las paradas y la ruta.<\/p>\n","protected":false},"excerpt":{"rendered":"<div class=\"flex max-w-full flex-col flex-grow\">\n<div class=\"min-h-8 text-message flex w-full flex-col items-end gap-2 whitespace-normal break-words text-start [.text-message+&amp;]:mt-5\" dir=\"auto\" data-message-author-role=\"assistant\" data-message-id=\"417996be-5e4d-4974-b997-f4c89a886e02\" data-message-model-slug=\"gpt-4o-mini\">\n<div class=\"flex w-full flex-col gap-1 empty:hidden first:pt-[3px]\">\n<div class=\"markdown prose w-full break-words dark:prose-invert light\">\n<p>Alquila tu coche en C\u00f3rdoba con Enterprise y mu\u00e9vete a tu ritmo: una opci\u00f3n c\u00f3moda y flexible para recorrer la ciudad y la provincia con total libertad.<\/p>\n<\/div>\n<\/div>\n<\/div>\n<\/div>\n<div class=\"elementor-element elementor-element e-con-full e-flex e-con e-child\" data-element_type=\"container\" data-settings=\"{&quot;content_width&quot;:&quot;full&quot;}\">\n<div class=\"elementor-element elementor-element elementor-mobile-align-center elementor-widget elementor-widget-button\"  data-element_type=\"widget\" data-widget_type=\"button.default\">\n<div class=\"elementor-widget-container\">\n<div class=\"elementor-button-wrapper\"><a target=\"_blank\" rel=\"nofollow\" class=\"elementor-button elementor-button-link elementor-size-sm\" style=\"cursor:pointer;\" href=\"https:\/\/elink.enterprise.es\/es\/24\/07\/movitel_voice_data_transmisions.html\"><span class=\"elementor-button-content-wrapper\"><span class=\"elementor-button-text\">CONTRATAR EN P\u00c1GINA OFICIAL<\/span><\/span><\/a><\/div>\n<\/div>\n<\/div>\n<\/div>\n","protected":false},"author":2,"featured_media":1887,"comment_status":"open","ping_status":"closed","template":"","meta":[],"product_brand":[],"product_cat":[81,95],"product_tag":[],"class_list":{"0":"post-2984","1":"product","2":"type-product","3":"status-publish","4":"has-post-thumbnail","6":"product_cat-servicios","7":"product_cat-movilidad","9":"first","10":"instock","11":"taxable","12":"shipping-taxable","13":"product-type-simple"},"acf":[],"_links":{"self":[{"href":"https:\/\/vivecordobatrip.com\/es_es\/wp-json\/wp\/v2\/product\/2984","targetHints":{"allow":["GET"]}}],"collection":[{"href":"https:\/\/vivecordobatrip.com\/es_es\/wp-json\/wp\/v2\/product"}],"about":[{"href":"https:\/\/vivecordobatrip.com\/es_es\/wp-json\/wp\/v2\/types\/product"}],"author":[{"embeddable":true,"href":"https:\/\/vivecordobatrip.com\/es_es\/wp-json\/wp\/v2\/users\/2"}],"replies":[{"embeddable":true,"href":"https:\/\/vivecordobatrip.com\/es_es\/wp-json\/wp\/v2\/comments?post=2984"}],"version-history":[{"count":4,"href":"https:\/\/vivecordobatrip.com\/es_es\/wp-json\/wp\/v2\/product\/2984\/revisions"}],"predecessor-version":[{"id":4421,"href":"https:\/\/vivecordobatrip.com\/es_es\/wp-json\/wp\/v2\/product\/2984\/revisions\/4421"}],"wp:featuredmedia":[{"embeddable":true,"href":"https:\/\/vivecordobatrip.com\/es_es\/wp-json\/wp\/v2\/media\/1887"}],"wp:attachment":[{"href":"https:\/\/vivecordobatrip.com\/es_es\/wp-json\/wp\/v2\/media?parent=2984"}],"wp:term":[{"taxonomy":"product_brand","embeddable":true,"href":"https:\/\/vivecordobatrip.com\/es_es\/wp-json\/wp\/v2\/product_brand?post=2984"},{"taxonomy":"product_cat","embeddable":true,"href":"https:\/\/vivecordobatrip.com\/es_es\/wp-json\/wp\/v2\/product_cat?post=2984"},{"taxonomy":"product_tag","embeddable":true,"href":"https:\/\/vivecordobatrip.com\/es_es\/wp-json\/wp\/v2\/product_tag?post=2984"}],"curies":[{"name":"wp","href":"https:\/\/api.w.org\/{rel}","templated":true}]}}