{"id":2987,"date":"2024-10-16T20:50:52","date_gmt":"2024-10-16T18:50:52","guid":{"rendered":"https:\/\/vivecordobatrip.com\/?post_type=product&#038;p=2987"},"modified":"2026-04-13T21:12:57","modified_gmt":"2026-04-13T19:12:57","slug":"hammam","status":"publish","type":"product","link":"https:\/\/vivecordobatrip.com\/es_es\/producto\/hammam\/","title":{"rendered":"Hammam Ba\u00f1os \u00c1rabes"},"content":{"rendered":"<h3 data-start=\"1521\" data-end=\"1575\">Hammam Al \u00c1ndalus \u00b7 Bienestar y tradici\u00f3n andalus\u00ed<\/h3>\n<p data-start=\"1577\" data-end=\"1821\">Inspirado en la <strong data-start=\"1593\" data-end=\"1614\">herencia andalus\u00ed<\/strong> y con m\u00e1s de <strong data-start=\"1628\" data-end=\"1654\">25 a\u00f1os de trayectoria<\/strong>, Hammam Al \u00c1ndalus ofrece una experiencia de bienestar pensada para desconectar del ritmo diario y reconectar con uno mismo a trav\u00e9s del agua, el silencio y la calma.<\/p>\n<p data-start=\"1823\" data-end=\"2191\">El recorrido por el hammam invita a sumergirse en un <strong data-start=\"1876\" data-end=\"1926\">circuito de aguas fr\u00edas, templadas y calientes<\/strong>, acompa\u00f1ado de una relajante <strong data-start=\"1956\" data-end=\"1973\">sala de vapor<\/strong>, donde la luz, el espacio y la arquitectura crean una atm\u00f3sfera serena y envolvente. Cada detalle est\u00e1 cuidado para favorecer la sensaci\u00f3n de equilibrio y descanso, siguiendo la tradici\u00f3n de los antiguos ba\u00f1os \u00e1rabes.<\/p>\n<p data-start=\"2193\" data-end=\"2491\">La experiencia puede completarse con <strong data-start=\"2230\" data-end=\"2252\">masajes y rituales<\/strong> que combinan t\u00e9cnicas tradicionales con un enfoque actual del bienestar, potenciando la relajaci\u00f3n f\u00edsica y mental. El ritmo pausado, la ausencia de ruido y la atenci\u00f3n al ambiente convierten la visita en un aut\u00e9ntico par\u00e9ntesis de calma.<\/p>\n<p data-start=\"2493\" data-end=\"2822\">M\u00e1s all\u00e1 del ba\u00f1o, Hammam Al \u00c1ndalus propone un viaje sensorial que conecta con una forma ancestral de entender el cuidado del cuerpo y la mente, donde el agua act\u00faa como elemento purificador y regenerador. Todo ello en un entorno dise\u00f1ado para el bienestar, con altos est\u00e1ndares de calidad tanto en el agua como en los espacios.<\/p>\n<p data-start=\"2824\" data-end=\"3045\">Visitar este hammam en C\u00f3rdoba es regalarse un momento de <strong data-start=\"2882\" data-end=\"2927\">desconexi\u00f3n, serenidad y cuidado personal<\/strong>, en un espacio que mantiene viva la esencia de los ba\u00f1os andalus\u00edes y la adapta a las necesidades del viajero actual.<\/p>\n","protected":false},"excerpt":{"rendered":"<p>Sum\u00e9rgete en la tranquilidad de nuestras termas de agua templada, caliente y fr\u00eda, junto con una relajante sala de vapor. Disfruta de una experiencia \u00fanica y revitalizante en El Jard\u00edn de Hammam, donde la excelencia y el cuidado de los detalles te ofrecen una vivencia sensorial.<\/p>\n<p>&nbsp;<\/p>\n","protected":false},"author":2,"featured_media":81,"comment_status":"open","ping_status":"closed","template":"","meta":[],"product_brand":[],"product_cat":[79,86,92],"product_tag":[],"class_list":{"0":"post-2987","1":"product","2":"type-product","3":"status-publish","4":"has-post-thumbnail","6":"product_cat-actividades-en-cordoba","7":"product_cat-con-calendario","8":"product_cat-top-6-experiencias","10":"first","11":"instock","12":"taxable","13":"shipping-taxable","14":"purchasable","15":"product-type-variable"},"acf":[],"_links":{"self":[{"href":"https:\/\/vivecordobatrip.com\/es_es\/wp-json\/wp\/v2\/product\/2987","targetHints":{"allow":["GET"]}}],"collection":[{"href":"https:\/\/vivecordobatrip.com\/es_es\/wp-json\/wp\/v2\/product"}],"about":[{"href":"https:\/\/vivecordobatrip.com\/es_es\/wp-json\/wp\/v2\/types\/product"}],"author":[{"embeddable":true,"href":"https:\/\/vivecordobatrip.com\/es_es\/wp-json\/wp\/v2\/users\/2"}],"replies":[{"embeddable":true,"href":"https:\/\/vivecordobatrip.com\/es_es\/wp-json\/wp\/v2\/comments?post=2987"}],"version-history":[{"count":17,"href":"https:\/\/vivecordobatrip.com\/es_es\/wp-json\/wp\/v2\/product\/2987\/revisions"}],"predecessor-version":[{"id":3481,"href":"https:\/\/vivecordobatrip.com\/es_es\/wp-json\/wp\/v2\/product\/2987\/revisions\/3481"}],"wp:featuredmedia":[{"embeddable":true,"href":"https:\/\/vivecordobatrip.com\/es_es\/wp-json\/wp\/v2\/media\/81"}],"wp:attachment":[{"href":"https:\/\/vivecordobatrip.com\/es_es\/wp-json\/wp\/v2\/media?parent=2987"}],"wp:term":[{"taxonomy":"product_brand","embeddable":true,"href":"https:\/\/vivecordobatrip.com\/es_es\/wp-json\/wp\/v2\/product_brand?post=2987"},{"taxonomy":"product_cat","embeddable":true,"href":"https:\/\/vivecordobatrip.com\/es_es\/wp-json\/wp\/v2\/product_cat?post=2987"},{"taxonomy":"product_tag","embeddable":true,"href":"https:\/\/vivecordobatrip.com\/es_es\/wp-json\/wp\/v2\/product_tag?post=2987"}],"curies":[{"name":"wp","href":"https:\/\/api.w.org\/{rel}","templated":true}]}}