{"id":2988,"date":"2024-10-18T15:36:18","date_gmt":"2024-10-18T13:36:18","guid":{"rendered":"https:\/\/vivecordobatrip.com\/?post_type=product&#038;p=2988"},"modified":"2026-04-10T09:11:43","modified_gmt":"2026-04-10T07:11:43","slug":"servicio-hospitality-de-quironsalud","status":"publish","type":"product","link":"https:\/\/vivecordobatrip.com\/es_es\/producto\/servicio-hospitality-de-quironsalud\/","title":{"rendered":"Servicio M\u00e9dico Hospitality de Quir\u00f3nsalud"},"content":{"rendered":"","protected":false},"excerpt":{"rendered":"<p><em>Servicio m\u00e9dico a domicilio, traslado en ambulancia y telemedicina para atender cualquier necesidad sanitaria durante su estancia.\u00a0<\/em><em>Servicio multiling\u00fce 24\/7.\u00a0<\/em><em>Circuito de admisi\u00f3n y trato personalizado en el hospital.\u00a0<\/em><em>Acuerdos con la mayor\u00eda de las aseguradoras a nivel mundial.\u00a0<\/em><em>Gesti\u00f3n burocr\u00e1tica con el seguro del paciente.<\/em><\/p>\n<div class=\"elementor-element elementor-element e-con-full e-flex e-con e-child\" data-element_type=\"container\" data-settings=\"{&quot;content_width&quot;:&quot;full&quot;}\">\n<div class=\"elementor-element elementor-element elementor-mobile-align-center elementor-widget elementor-widget-button\"  data-element_type=\"widget\" data-widget_type=\"button.default\">\n<div class=\"elementor-widget-container\">\n<div class=\"elementor-button-wrapper\"><a target=\"_blank\" rel=\"nofollow\" class=\"elementor-button elementor-button-link elementor-size-sm\" style=\"cursor:pointer;\" href=\"tel:+34935470821\"><span class=\"elementor-button-content-wrapper\"><span class=\"elementor-button-text\">UTILIZAR SERVICIO<\/span><\/span><\/a><\/div>\n<\/div>\n<\/div>\n<\/div>\n","protected":false},"author":2,"featured_media":2283,"comment_status":"open","ping_status":"closed","template":"","meta":[],"product_brand":[],"product_cat":[81],"product_tag":[],"class_list":{"0":"post-2988","1":"product","2":"type-product","3":"status-publish","4":"has-post-thumbnail","6":"product_cat-servicios","8":"first","9":"instock","10":"taxable","11":"shipping-taxable","12":"product-type-simple"},"acf":[],"_links":{"self":[{"href":"https:\/\/vivecordobatrip.com\/es_es\/wp-json\/wp\/v2\/product\/2988","targetHints":{"allow":["GET"]}}],"collection":[{"href":"https:\/\/vivecordobatrip.com\/es_es\/wp-json\/wp\/v2\/product"}],"about":[{"href":"https:\/\/vivecordobatrip.com\/es_es\/wp-json\/wp\/v2\/types\/product"}],"author":[{"embeddable":true,"href":"https:\/\/vivecordobatrip.com\/es_es\/wp-json\/wp\/v2\/users\/2"}],"replies":[{"embeddable":true,"href":"https:\/\/vivecordobatrip.com\/es_es\/wp-json\/wp\/v2\/comments?post=2988"}],"version-history":[{"count":4,"href":"https:\/\/vivecordobatrip.com\/es_es\/wp-json\/wp\/v2\/product\/2988\/revisions"}],"predecessor-version":[{"id":3940,"href":"https:\/\/vivecordobatrip.com\/es_es\/wp-json\/wp\/v2\/product\/2988\/revisions\/3940"}],"wp:featuredmedia":[{"embeddable":true,"href":"https:\/\/vivecordobatrip.com\/es_es\/wp-json\/wp\/v2\/media\/2283"}],"wp:attachment":[{"href":"https:\/\/vivecordobatrip.com\/es_es\/wp-json\/wp\/v2\/media?parent=2988"}],"wp:term":[{"taxonomy":"product_brand","embeddable":true,"href":"https:\/\/vivecordobatrip.com\/es_es\/wp-json\/wp\/v2\/product_brand?post=2988"},{"taxonomy":"product_cat","embeddable":true,"href":"https:\/\/vivecordobatrip.com\/es_es\/wp-json\/wp\/v2\/product_cat?post=2988"},{"taxonomy":"product_tag","embeddable":true,"href":"https:\/\/vivecordobatrip.com\/es_es\/wp-json\/wp\/v2\/product_tag?post=2988"}],"curies":[{"name":"wp","href":"https:\/\/api.w.org\/{rel}","templated":true}]}}