{"id":2990,"date":"2024-10-18T15:53:17","date_gmt":"2024-10-18T13:53:17","guid":{"rendered":"https:\/\/vivecordobatrip.com\/?post_type=product&#038;p=2990"},"modified":"2026-04-04T12:43:02","modified_gmt":"2026-04-04T10:43:02","slug":"tablao-el-cardenal","status":"publish","type":"product","link":"https:\/\/vivecordobatrip.com\/es_es\/producto\/tablao-el-cardenal\/","title":{"rendered":"Tablao El Cardenal"},"content":{"rendered":"<div class=\"flex max-w-full flex-col flex-grow\">\n<div class=\"min-h-8 text-message flex w-full flex-col items-end gap-2 whitespace-normal break-words text-start [.text-message+&amp;]:mt-5\" dir=\"auto\" data-message-author-role=\"assistant\" data-message-id=\"3f0213c6-9add-468b-925c-0b52b45225f7\" data-message-model-slug=\"gpt-4o\">\n<div class=\"flex w-full flex-col gap-1 empty:hidden first:pt-[3px]\">\n<div class=\"markdown prose w-full break-words dark:prose-invert light\">\n<p data-start=\"778\" data-end=\"1118\">El <strong data-start=\"781\" data-end=\"803\">Tablao El Cardenal<\/strong> es uno de los espacios m\u00e1s emblem\u00e1ticos del flamenco en C\u00f3rdoba. Con m\u00e1s de <strong data-start=\"880\" data-end=\"906\">25 a\u00f1os de trayectoria<\/strong>, se ha consolidado como un referente nacional y una parada imprescindible para quienes quieren vivir un espect\u00e1culo flamenco aut\u00e9ntico en un entorno con esencia y tradici\u00f3n.<\/p>\n<p data-start=\"1120\" data-end=\"1472\">Ubicado en el coraz\u00f3n del casco hist\u00f3rico, este tablao fue galardonado con el <strong data-start=\"1198\" data-end=\"1244\">Premio al Mejor Producto Tur\u00edstico en 2008<\/strong> y mantiene viva su identidad flamenca desde sus inicios. Actualmente se encuentra en la <strong data-start=\"1333\" data-end=\"1359\">calle Buen Pastor n\u00ba 2<\/strong>, conservando el car\u00e1cter \u00edntimo y especial que lo ha hecho tan reconocido.<\/p>\n<p data-start=\"1474\" data-end=\"1827\">El espect\u00e1culo ofrece un recorrido por los palos m\u00e1s representativos del flamenco, como <strong data-start=\"1562\" data-end=\"1603\">fandangos, sole\u00e1, buler\u00edas y alegr\u00edas<\/strong>, en una puesta en escena cargada de emoci\u00f3n, fuerza y duende. Sobre el escenario act\u00faa un elenco de <strong data-start=\"1704\" data-end=\"1722\">siete artistas<\/strong>, creando una experiencia completa y muy aut\u00e9ntica para el p\u00fablico.<\/p>\n<p data-start=\"1829\" data-end=\"2143\">La actuaci\u00f3n se disfruta en un ambiente acogedor, con capacidad para unas 100 personas, lo que permite vivir el flamenco de cerca, con esa intensidad que solo se siente en un tablao de verdad. Adem\u00e1s, la experiencia incluye <strong data-start=\"2053\" data-end=\"2068\">consumici\u00f3n<\/strong>, para disfrutar a\u00fan m\u00e1s de la noche.<\/p>\n<\/div>\n<\/div>\n<\/div>\n<\/div>\n","protected":false},"excerpt":{"rendered":"<div class=\"flex-shrink-0 flex flex-col relative items-end\">\n<div class=\"pt-0\">\n<div class=\"gizmo-bot-avatar flex h-8 w-8 items-center justify-center overflow-hidden rounded-full\">\n<div class=\"relative p-1 rounded-sm flex items-center justify-center bg-token-main-surface-primary text-token-text-primary h-8 w-8\">Vive el flamenco m\u00e1s aut\u00e9ntico en C\u00f3rdoba en el Tablao El Cardenal: un espect\u00e1culo lleno de pasi\u00f3n, arte y tradici\u00f3n en pleno casco hist\u00f3rico, con consumici\u00f3n incluida.<\/div>\n<\/div>\n<\/div>\n<\/div>\n","protected":false},"author":2,"featured_media":397,"comment_status":"open","ping_status":"closed","template":"","meta":[],"product_brand":[],"product_cat":[82,86,92],"product_tag":[],"class_list":{"0":"post-2990","1":"product","2":"type-product","3":"status-publish","4":"has-post-thumbnail","6":"product_cat-espectaculos","7":"product_cat-con-calendario","8":"product_cat-top-6-experiencias","10":"first","11":"instock","12":"taxable","13":"shipping-taxable","14":"purchasable","15":"product-type-variable"},"acf":[],"_links":{"self":[{"href":"https:\/\/vivecordobatrip.com\/es_es\/wp-json\/wp\/v2\/product\/2990","targetHints":{"allow":["GET"]}}],"collection":[{"href":"https:\/\/vivecordobatrip.com\/es_es\/wp-json\/wp\/v2\/product"}],"about":[{"href":"https:\/\/vivecordobatrip.com\/es_es\/wp-json\/wp\/v2\/types\/product"}],"author":[{"embeddable":true,"href":"https:\/\/vivecordobatrip.com\/es_es\/wp-json\/wp\/v2\/users\/2"}],"replies":[{"embeddable":true,"href":"https:\/\/vivecordobatrip.com\/es_es\/wp-json\/wp\/v2\/comments?post=2990"}],"version-history":[{"count":6,"href":"https:\/\/vivecordobatrip.com\/es_es\/wp-json\/wp\/v2\/product\/2990\/revisions"}],"predecessor-version":[{"id":4408,"href":"https:\/\/vivecordobatrip.com\/es_es\/wp-json\/wp\/v2\/product\/2990\/revisions\/4408"}],"wp:featuredmedia":[{"embeddable":true,"href":"https:\/\/vivecordobatrip.com\/es_es\/wp-json\/wp\/v2\/media\/397"}],"wp:attachment":[{"href":"https:\/\/vivecordobatrip.com\/es_es\/wp-json\/wp\/v2\/media?parent=2990"}],"wp:term":[{"taxonomy":"product_brand","embeddable":true,"href":"https:\/\/vivecordobatrip.com\/es_es\/wp-json\/wp\/v2\/product_brand?post=2990"},{"taxonomy":"product_cat","embeddable":true,"href":"https:\/\/vivecordobatrip.com\/es_es\/wp-json\/wp\/v2\/product_cat?post=2990"},{"taxonomy":"product_tag","embeddable":true,"href":"https:\/\/vivecordobatrip.com\/es_es\/wp-json\/wp\/v2\/product_tag?post=2990"}],"curies":[{"name":"wp","href":"https:\/\/api.w.org\/{rel}","templated":true}]}}