{"id":3151,"date":"2024-11-13T07:55:03","date_gmt":"2024-11-13T06:55:03","guid":{"rendered":"https:\/\/vivecordobatrip.com\/?post_type=product&#038;p=3151"},"modified":"2026-04-13T21:52:34","modified_gmt":"2026-04-13T19:52:34","slug":"palacio-de-viana-y-sus-patios","status":"publish","type":"product","link":"https:\/\/vivecordobatrip.com\/es_es\/producto\/palacio-de-viana-y-sus-patios\/","title":{"rendered":"Palacio de Viana y sus patios"},"content":{"rendered":"<div>\n<article class=\"w-full scroll-mb-[var(--thread-trailing-height,150px)] text-token-text-primary focus-visible:outline-2 focus-visible:outline-offset-[-4px]\" dir=\"auto\" data-testid=\"conversation-turn-3\" data-scroll-anchor=\"true\">\n<div class=\"group\/conversation-turn relative flex w-full min-w-0 flex-col agent-turn\">\n<div class=\"flex-col gap-1 md:gap-3\">\n<div class=\"flex max-w-full flex-col flex-grow\">\n<div class=\"min-h-8 text-message flex w-full flex-col items-end gap-2 whitespace-normal break-words [.text-message+&amp;]:mt-5\" dir=\"auto\" data-message-author-role=\"assistant\" data-message-id=\"fea8254e-f232-4422-b711-189a19b8f8df\" data-message-model-slug=\"gpt-4o\">\n<div class=\"flex w-full flex-col gap-1 empty:hidden first:pt-[3px]\">\n<div class=\"markdown prose w-full break-words dark:prose-invert light\">\n<p data-start=\"659\" data-end=\"993\">El <strong data-start=\"662\" data-end=\"682\">Palacio de Viana<\/strong> es uno de los tesoros m\u00e1s bonitos de C\u00f3rdoba y una visita imprescindible para quienes quieren conocer la esencia de la ciudad m\u00e1s all\u00e1 de los grandes monumentos. Famoso por sus patios, su arquitectura y su ambiente tranquilo, este palacio ofrece un recorrido \u00fanico por la historia y el estilo de vida cordob\u00e9s.<\/p>\n<p data-start=\"995\" data-end=\"1343\">La visita permite descubrir un conjunto de patios llenos de encanto, donde la vegetaci\u00f3n, las fuentes y los detalles arquitect\u00f3nicos crean espacios cuidados y muy fotog\u00e9nicos. Cada patio tiene su personalidad, y todos juntos forman una experiencia preciosa para disfrutar con calma, especialmente si te interesa la cultura de los patios cordobeses.<\/p>\n<p data-start=\"1345\" data-end=\"1521\">Adem\u00e1s, el palacio conserva estancias y rincones que reflejan el car\u00e1cter se\u00f1orial de C\u00f3rdoba, convirtiendo la visita en una mezcla perfecta de patrimonio, tradici\u00f3n y belleza.<\/p>\n<p data-start=\"1523\" data-end=\"1619\">Ideal para disfrutar en pareja, en familia o como plan tranquilo dentro de tu viaje por C\u00f3rdoba.<\/p>\n<\/div>\n<\/div>\n<\/div>\n<\/div>\n<\/div>\n<\/div>\n<\/article>\n<\/div>\n","protected":false},"excerpt":{"rendered":"<div class=\"flex max-w-full flex-col flex-grow\">\n<div class=\"min-h-8 text-message flex w-full flex-col items-end gap-2 whitespace-normal break-words [.text-message+&amp;]:mt-5\" dir=\"auto\" data-message-author-role=\"assistant\" data-message-id=\"e8127f03-82c3-47db-bcc4-88a93954e53c\" data-message-model-slug=\"gpt-4o\">\n<div class=\"flex w-full flex-col gap-1 empty:hidden first:pt-[3px]\">\n<div class=\"markdown prose w-full break-words dark:prose-invert light\">\n<p>Descubre el Palacio de Viana y sus famosos patios en C\u00f3rdoba: un recorrido lleno de historia, arquitectura y belleza en uno de los lugares m\u00e1s especiales de la ciudad.<\/p>\n<\/div>\n<\/div>\n<\/div>\n<\/div>\n<div class=\"mb-2 flex gap-3 empty:hidden -ml-2\">\n<div class=\"items-center justify-start rounded-xl p-1 flex\">\n<div class=\"flex items-center\">\n<div class=\"flex\"><\/div>\n<div class=\"flex items-center pb-0\"><\/div>\n<\/div>\n<\/div>\n<\/div>\n<p>&nbsp;<\/p>\n","protected":false},"author":2,"featured_media":3152,"comment_status":"open","ping_status":"closed","template":"","meta":[],"product_brand":[],"product_cat":[86,87],"product_tag":[],"class_list":{"0":"post-3151","1":"product","2":"type-product","3":"status-publish","4":"has-post-thumbnail","6":"product_cat-con-calendario","7":"product_cat-visitas","9":"first","10":"instock","11":"taxable","12":"shipping-taxable","13":"purchasable","14":"product-type-variable"},"acf":[],"_links":{"self":[{"href":"https:\/\/vivecordobatrip.com\/es_es\/wp-json\/wp\/v2\/product\/3151","targetHints":{"allow":["GET"]}}],"collection":[{"href":"https:\/\/vivecordobatrip.com\/es_es\/wp-json\/wp\/v2\/product"}],"about":[{"href":"https:\/\/vivecordobatrip.com\/es_es\/wp-json\/wp\/v2\/types\/product"}],"author":[{"embeddable":true,"href":"https:\/\/vivecordobatrip.com\/es_es\/wp-json\/wp\/v2\/users\/2"}],"replies":[{"embeddable":true,"href":"https:\/\/vivecordobatrip.com\/es_es\/wp-json\/wp\/v2\/comments?post=3151"}],"version-history":[{"count":8,"href":"https:\/\/vivecordobatrip.com\/es_es\/wp-json\/wp\/v2\/product\/3151\/revisions"}],"predecessor-version":[{"id":3425,"href":"https:\/\/vivecordobatrip.com\/es_es\/wp-json\/wp\/v2\/product\/3151\/revisions\/3425"}],"wp:featuredmedia":[{"embeddable":true,"href":"https:\/\/vivecordobatrip.com\/es_es\/wp-json\/wp\/v2\/media\/3152"}],"wp:attachment":[{"href":"https:\/\/vivecordobatrip.com\/es_es\/wp-json\/wp\/v2\/media?parent=3151"}],"wp:term":[{"taxonomy":"product_brand","embeddable":true,"href":"https:\/\/vivecordobatrip.com\/es_es\/wp-json\/wp\/v2\/product_brand?post=3151"},{"taxonomy":"product_cat","embeddable":true,"href":"https:\/\/vivecordobatrip.com\/es_es\/wp-json\/wp\/v2\/product_cat?post=3151"},{"taxonomy":"product_tag","embeddable":true,"href":"https:\/\/vivecordobatrip.com\/es_es\/wp-json\/wp\/v2\/product_tag?post=3151"}],"curies":[{"name":"wp","href":"https:\/\/api.w.org\/{rel}","templated":true}]}}