{"id":3160,"date":"2024-11-13T09:40:43","date_gmt":"2024-11-13T08:40:43","guid":{"rendered":"https:\/\/vivecordobatrip.com\/?post_type=product&#038;p=3160"},"modified":"2026-04-13T22:36:20","modified_gmt":"2026-04-13T20:36:20","slug":"visita-guiada-por-medina-azahara","status":"publish","type":"product","link":"https:\/\/vivecordobatrip.com\/es_es\/producto\/visita-guiada-por-medina-azahara\/","title":{"rendered":"Visita guiada por Medina Azahara"},"content":{"rendered":"<p data-start=\"622\" data-end=\"968\"><strong data-start=\"622\" data-end=\"640\">Medina Azahara<\/strong> es uno de los lugares m\u00e1s impresionantes de C\u00f3rdoba y una visita obligada si te interesa la historia de Al-\u00c1ndalus y la \u00e9poca de m\u00e1ximo esplendor del Califato. Esta ciudad palatina, mandada construir en el siglo X, fue un s\u00edmbolo de poder, arte y sofisticaci\u00f3n, y hoy sigue sorprendiendo por su belleza y su valor arqueol\u00f3gico.<\/p>\n<p data-start=\"970\" data-end=\"1312\">En esta <strong data-start=\"978\" data-end=\"995\">visita guiada<\/strong>, recorrer\u00e1s el yacimiento acompa\u00f1ado por un gu\u00eda que te ayudar\u00e1 a entender la importancia del lugar, c\u00f3mo se organizaba la vida en Medina Azahara y qu\u00e9 signific\u00f3 para la historia de C\u00f3rdoba. A lo largo del recorrido conocer\u00e1s espacios clave, ruinas monumentales y detalles que, sin explicaci\u00f3n, pasan desapercibidos.<\/p>\n<p data-start=\"1314\" data-end=\"1594\">Es una experiencia perfecta tanto si vienes por primera vez a C\u00f3rdoba como si ya la conoces y quieres completar el viaje con una visita diferente, cultural y muy especial. Medina Azahara no es solo un conjunto arqueol\u00f3gico: es una forma de entender la C\u00f3rdoba califal y su legado.<\/p>\n<h2 data-start=\"1889\" data-end=\"1910\">Recomendaciones<\/h2>\n<p data-start=\"1911\" data-end=\"1965\">Para disfrutar la visita con comodidad, se recomienda:<\/p>\n<ul data-start=\"1966\" data-end=\"2106\">\n<li data-start=\"1966\" data-end=\"2017\">\n<p data-start=\"1968\" data-end=\"2017\">llevar <strong data-start=\"1975\" data-end=\"1993\">calzado c\u00f3modo<\/strong> (es un recorrido a pie)<\/p>\n<\/li>\n<li data-start=\"2018\" data-end=\"2106\">\n<p data-start=\"2020\" data-end=\"2106\">en \u00e9pocas de calor, especialmente en verano, llevar <strong data-start=\"2072\" data-end=\"2080\">agua<\/strong> para mantenerse hidratado<\/p>\n<\/li>\n<\/ul>\n","protected":false},"excerpt":{"rendered":"<p data-start=\"419\" data-end=\"579\"><strong data-start=\"419\" data-end=\"579\">Descubre Medina Azahara con gu\u00eda oficial y viaja a la C\u00f3rdoba califal en una visita imprescindible por la ciudad palatina m\u00e1s importante del mundo andalus\u00ed.<\/strong><\/p>\n","protected":false},"author":2,"featured_media":3165,"comment_status":"open","ping_status":"closed","template":"","meta":[],"product_brand":[],"product_cat":[86,87],"product_tag":[],"class_list":{"0":"post-3160","1":"product","2":"type-product","3":"status-publish","4":"has-post-thumbnail","6":"product_cat-con-calendario","7":"product_cat-visitas","9":"first","10":"instock","11":"taxable","12":"shipping-taxable","13":"purchasable","14":"product-type-variable"},"acf":[],"_links":{"self":[{"href":"https:\/\/vivecordobatrip.com\/es_es\/wp-json\/wp\/v2\/product\/3160","targetHints":{"allow":["GET"]}}],"collection":[{"href":"https:\/\/vivecordobatrip.com\/es_es\/wp-json\/wp\/v2\/product"}],"about":[{"href":"https:\/\/vivecordobatrip.com\/es_es\/wp-json\/wp\/v2\/types\/product"}],"author":[{"embeddable":true,"href":"https:\/\/vivecordobatrip.com\/es_es\/wp-json\/wp\/v2\/users\/2"}],"replies":[{"embeddable":true,"href":"https:\/\/vivecordobatrip.com\/es_es\/wp-json\/wp\/v2\/comments?post=3160"}],"version-history":[{"count":9,"href":"https:\/\/vivecordobatrip.com\/es_es\/wp-json\/wp\/v2\/product\/3160\/revisions"}],"predecessor-version":[{"id":4432,"href":"https:\/\/vivecordobatrip.com\/es_es\/wp-json\/wp\/v2\/product\/3160\/revisions\/4432"}],"wp:featuredmedia":[{"embeddable":true,"href":"https:\/\/vivecordobatrip.com\/es_es\/wp-json\/wp\/v2\/media\/3165"}],"wp:attachment":[{"href":"https:\/\/vivecordobatrip.com\/es_es\/wp-json\/wp\/v2\/media?parent=3160"}],"wp:term":[{"taxonomy":"product_brand","embeddable":true,"href":"https:\/\/vivecordobatrip.com\/es_es\/wp-json\/wp\/v2\/product_brand?post=3160"},{"taxonomy":"product_cat","embeddable":true,"href":"https:\/\/vivecordobatrip.com\/es_es\/wp-json\/wp\/v2\/product_cat?post=3160"},{"taxonomy":"product_tag","embeddable":true,"href":"https:\/\/vivecordobatrip.com\/es_es\/wp-json\/wp\/v2\/product_tag?post=3160"}],"curies":[{"name":"wp","href":"https:\/\/api.w.org\/{rel}","templated":true}]}}