{"id":3191,"date":"2024-11-13T17:53:54","date_gmt":"2024-11-13T16:53:54","guid":{"rendered":"https:\/\/vivecordobatrip.com\/?post_type=product&#038;p=3191"},"modified":"2026-04-13T13:26:12","modified_gmt":"2026-04-13T11:26:12","slug":"clase-privada-de-cocina-de-paellas-en-el-mercado-victoria","status":"publish","type":"product","link":"https:\/\/vivecordobatrip.com\/es_es\/producto\/clase-privada-de-cocina-de-paellas-en-el-mercado-victoria\/","title":{"rendered":"Clase de cocina de paella"},"content":{"rendered":"<p>Sum\u00e9rgete en la rica cultura de <strong>C\u00f3rdoba<\/strong> con una clase de cocina de <strong>3 horas<\/strong> y un recorrido por el <strong>Mercado Victoria<\/strong>. Explora los puestos llenos de productos frescos, y luego ad\u00e9ntrate en el taller de cocina donde aprender\u00e1s los secretos de las especialidades espa\u00f1olas. Guiado por un chef experto, preparar\u00e1s platos como la paella, mientras degustas finos vinos tintos y blancos. La clase se lleva a cabo en un ambiente \u00edntimo, con un grupo reducido de hasta <strong>10 personas<\/strong>.<\/p>\n<ul>\n<li><strong>Clase de cocina espa\u00f1ola<\/strong> de aproximadamente 3 horas.<\/li>\n<li><strong>Recorrido por el Mercado Victoria<\/strong>.<\/li>\n<li>Cocina la paella y aprende sobre la gastronom\u00eda espa\u00f1ola.<\/li>\n<li>Disfruta de tus creaciones al final de la clase, acompa\u00f1adas de copas de vino.<\/li>\n<li>Ll\u00e9vate una tarjeta con la receta para recrear los platos en casa.<\/li>\n<li>La clase en grupos peque\u00f1os asegura una experiencia personalizada.<\/li>\n<\/ul>\n<p>&nbsp;<\/p>\n<p>&nbsp;<\/p>\n","protected":false},"excerpt":{"rendered":"<div class=\"a-text--first-content _for-copy-large u-hide--mobile\">\n<p>En este taller aprender\u00e1s a preparar la aut\u00e9ntica paella tradicional. \u00a1Una experiencia \u00fanica para los apasionados de la cocina!<\/p>\n<\/div>\n<div id=\"l-768-calendar-anchor\"><\/div>\n<div id=\"new-fading-text\" class=\"new-fading-text\">\n<div class=\"o-activity-description\">\n<h2><\/h2>\n<\/div>\n<\/div>\n","protected":false},"author":2,"featured_media":3216,"comment_status":"open","ping_status":"closed","template":"","meta":[],"product_brand":[],"product_cat":[78],"product_tag":[],"class_list":{"0":"post-3191","1":"product","2":"type-product","3":"status-publish","4":"has-post-thumbnail","6":"product_cat-gastronomia","8":"first","9":"instock","10":"taxable","11":"shipping-taxable","12":"product-type-simple"},"acf":[],"_links":{"self":[{"href":"https:\/\/vivecordobatrip.com\/es_es\/wp-json\/wp\/v2\/product\/3191","targetHints":{"allow":["GET"]}}],"collection":[{"href":"https:\/\/vivecordobatrip.com\/es_es\/wp-json\/wp\/v2\/product"}],"about":[{"href":"https:\/\/vivecordobatrip.com\/es_es\/wp-json\/wp\/v2\/types\/product"}],"author":[{"embeddable":true,"href":"https:\/\/vivecordobatrip.com\/es_es\/wp-json\/wp\/v2\/users\/2"}],"replies":[{"embeddable":true,"href":"https:\/\/vivecordobatrip.com\/es_es\/wp-json\/wp\/v2\/comments?post=3191"}],"version-history":[{"count":1,"href":"https:\/\/vivecordobatrip.com\/es_es\/wp-json\/wp\/v2\/product\/3191\/revisions"}],"predecessor-version":[{"id":3373,"href":"https:\/\/vivecordobatrip.com\/es_es\/wp-json\/wp\/v2\/product\/3191\/revisions\/3373"}],"wp:featuredmedia":[{"embeddable":true,"href":"https:\/\/vivecordobatrip.com\/es_es\/wp-json\/wp\/v2\/media\/3216"}],"wp:attachment":[{"href":"https:\/\/vivecordobatrip.com\/es_es\/wp-json\/wp\/v2\/media?parent=3191"}],"wp:term":[{"taxonomy":"product_brand","embeddable":true,"href":"https:\/\/vivecordobatrip.com\/es_es\/wp-json\/wp\/v2\/product_brand?post=3191"},{"taxonomy":"product_cat","embeddable":true,"href":"https:\/\/vivecordobatrip.com\/es_es\/wp-json\/wp\/v2\/product_cat?post=3191"},{"taxonomy":"product_tag","embeddable":true,"href":"https:\/\/vivecordobatrip.com\/es_es\/wp-json\/wp\/v2\/product_tag?post=3191"}],"curies":[{"name":"wp","href":"https:\/\/api.w.org\/{rel}","templated":true}]}}