{"id":3226,"date":"2024-11-14T09:23:24","date_gmt":"2024-11-14T08:23:24","guid":{"rendered":"https:\/\/vivecordobatrip.com\/?post_type=product&#038;p=3226"},"modified":"2026-04-10T09:11:43","modified_gmt":"2026-04-10T07:11:43","slug":"noor-restaurant","status":"publish","type":"product","link":"https:\/\/vivecordobatrip.com\/es_es\/producto\/noor-restaurant\/","title":{"rendered":"Noor Restaurant"},"content":{"rendered":"<p>Como ya es costumbre en este establecimiento, <strong>Noor<\/strong> ofrecer\u00e1 tres opciones de men\u00fa, f\u00e1cilmente identificables por t\u00e9rminos que evocan hechos clave del siglo XVIII, una \u00e9poca que inspira los fogones del chef <strong>Paco Morales<\/strong> y <strong>Paola Gualandi<\/strong> en esta temporada.<\/p>\n<h3><strong>TANWER<\/strong><\/h3>\n<p>La <strong>Ilustraci\u00f3n<\/strong> del siglo XVIII marc\u00f3 el comienzo de grandes transformaciones en la sociedad occidental, iniciadas con la <strong>Declaraci\u00f3n de Independencia<\/strong> de los Estados Unidos en 1776 y culminando en Europa con la <strong>Revoluci\u00f3n Francesa<\/strong> de 1789. La tradici\u00f3n culinaria andalus\u00ed, que tambi\u00e9n influy\u00f3 en Francia, contribuy\u00f3 a la renovaci\u00f3n de la cocina francesa, que se consolid\u00f3 como una de las m\u00e1s destacadas de Europa.<\/p>\n<h3><strong>THAWRA<\/strong><\/h3>\n<p>La <strong>Revoluci\u00f3n pol\u00edtica<\/strong>, que se gest\u00f3 durante todo el siglo, permiti\u00f3 que al final del mismo la sociedad se adaptara a la <strong>Era Industrial<\/strong>, impulsada por el ascenso de la <strong>burgues\u00eda<\/strong> y sus nuevos gustos culinarios. La cocina andaluza, basada en sus ra\u00edces andalus\u00edes, se enriqueci\u00f3 con influencias francesas, lo que permiti\u00f3 a la cocina de la regi\u00f3n evolucionar hacia una identidad m\u00e1s robusta, la cual se refleja en la gastronom\u00eda actual.<\/p>\n<h3><strong>TAQADUM<\/strong><\/h3>\n<p>El <strong>Progreso<\/strong> fue la consecuencia natural de la revoluci\u00f3n pol\u00edtica que transform\u00f3 la estructura social, permitiendo el ascenso de la burgues\u00eda al poder. A medida que las clases sociales ascendentes adoptaron los gustos culinarios de las clases depuestas, surgi\u00f3 la <strong>cocina moderna del siglo XIX<\/strong>, que en Andaluc\u00eda alcanzar\u00eda el virtuosismo en los siglos posteriores.<\/p>\n<p>Estas tres propuestas gastron\u00f3micas son una celebraci\u00f3n de la historia y la evoluci\u00f3n culinaria, fusionando tradici\u00f3n y modernidad para ofrecer una experiencia \u00fanica en <strong>Noor<\/strong>.<\/p>\n<h3><strong>TANWER<\/strong><\/h3>\n<p>ALI\u00d1O de GRANADA<br \/>\nPAN de C\u00daRCUMA, mahonesa de KALAMATA y CIERVO en sal<br \/>\nBu\u00f1uelo de OLLA PODRIDA<br \/>\nPastel de BACALAO de ULTRAMAR<br \/>\nROYAL de PUCHERO, yema de huevo, BOTARGA y CAVIAR con hierba buena<br \/>\nKARIM DE S\u00c9SAMO blanco con su helado, manzana verde y CAVIAR del DESIERTO<br \/>\nPASTA DE TRIGO DURO, mantequilla ahumada, fondo de VERDURAS al BRANDY y CALAMAR<br \/>\nLUBINA BRASA con escabeche de ROSAS, LIM\u00d3N quemado y VERDINAS<br \/>\nPALETILLA de CORDERO asada con WAGYU A5 con las edades del t\u00e9 yANACARDOS guisados<br \/>\nSorbete de PI\u00d1A, untuoso de AN\u00cdS, trigo SARRACENO, MASCARPONE y vinagre de JEREZ<br \/>\nTarta de ALGARROBA<br \/>\n170 \u20ac<br \/>\n(IVA INCLUIDO)<br \/>\nPuede elegir ARMON\u00cdA de vinos \/ 80 \u20ac (IVA INCLUIDO)<\/p>\n<h3><strong>THAWRA<\/strong><\/h3>\n<p>ALI\u00d1O de GRANADA<br \/>\nPAN de C\u00daRCUMA, mahonesa de KALAMATA y CIERVO en sal<br \/>\nBu\u00f1uelo de OLLA PODRIDA<br \/>\nPastel de BACALAO de ULTRAMAR<br \/>\nROYAL de PUCHERO, yema de huevo, BOTARGA y CAVIAR con hierba buena<br \/>\nGel\u00e9 de POMELO con su ESCABECHE, QUISQUILLA y nieve de QUESO azul<br \/>\nOSTRA MACERADA en ESPINACAS salteadas, d\u00e1tiles y pi\u00f1ones<br \/>\nKARIM DE S\u00c9SAMO blanco con su helado, manzana verde y CAVIAR del DESIERTO<br \/>\nVENTRESCA de AT\u00daN con su guiso encebollado, PISTACHO y PIMIENTA verde<br \/>\nPASTA DE TRIGO DURO, mantequilla ahumada, fondo de VERDURAS al BRANDY y CALAMAR<br \/>\nLUBINA BRASA con escabeche de ROSAS, LIM\u00d3N quemado y VERDINAS<br \/>\nPALETILLA de CORDERO asada con WAGYU A5 con las edades del t\u00e9 y ANACARDOS guisados<br \/>\nSorbete de PI\u00d1A, untuoso de AN\u00cdS, trigo SARRACENO, MASCARPONE y vinagre de JEREZ<br \/>\nTarta de ALGARROBA<br \/>\n195 \u20ac<br \/>\n(IVA INCLUIDO)<br \/>\nPuede elegir ARMON\u00cdA de vinos \/ 95 \u20ac (IVA INCLUIDO)<\/p>\n<h3><strong>TAQADUM<\/strong><\/h3>\n<p>ALI\u00d1O de GRANADA<br \/>\nPAN de C\u00daRCUMA, mahonesa de KALAMATA y CIERVO en sal<br \/>\nBu\u00f1uelo de OLLA PODRIDA<br \/>\nPastel de BACALAO de ULTRAMAR<br \/>\nGAMBA roja, NAVAJA y CARACOL con lim\u00f3n marroqu\u00ed y ALMENDRA encurtida<br \/>\nROYAL de PUCHERO, yema de huevo, BOTARGA y CAVIAR con hierba buena<br \/>\nGel\u00e9 de POMELO con su ESCABECHE, QUISQUILLA y nieve de QUESO azul<br \/>\nOSTRA MACERADA en ESPINACAS salteadas d\u00e1tiles y pi\u00f1ones<br \/>\nKARIM DE S\u00c9SAMO blanco con su helado, manzana verde y Caviar del DESIERTO<br \/>\nVENTRESCA de AT\u00daN con su guiso encebollado, PISTACHO y PIMIENTA verde<br \/>\nENSALADA templada de PICH\u00d3N curado en tomate comino y salsa de TOMATE<br \/>\nPASTA DE TRIGO DURO, mantequilla ahumada, fondo de VERDURAS al BRANDY y CALAMAR<br \/>\nFOIE de PATO MUDEJAR con PERA y fondo C\u00cdTRICO<br \/>\nLUBINA BRASA con escabeche de ROSAS, LIM\u00d3N quemado y VERDINAS<br \/>\nPALETILLA de CORDERO asada con WAGYU A5 con las edades del t\u00e9 y ANACARDOS guisados<br \/>\nQUESO de CABRA, berenjena asada, P.X de 25 a\u00f1os y TOCINO ib\u00e9rico con CAVIAR<br \/>\nSorbete de PI\u00d1A, untuoso de AN\u00cdS, trigo SARRACENO, MASCARPONE y vinagre de JEREZ<br \/>\nTarta de ALGARROBA<br \/>\n285 \u20ac<br \/>\n(IVA INCLUIDO)<br \/>\nPuede elegir ARMON\u00cdA de vinos \/ 135 \u20ac (IVA INCLUIDO)<\/p>\n<p>Recomendamos para intentar ser sostenibles, la anticipaci\u00f3n de la elecci\u00f3n del men\u00fa degustaci\u00f3n. Es un peque\u00f1o gesto que nos ayudar\u00e1 al buen transcurso de la manipulaci\u00f3n del<br \/>\nproducto y en consecuencia del medio ambiente. * El men\u00fa puede sufrir alg\u00fan cambio por producto de temporabilidad.<\/p>\n","protected":false},"excerpt":{"rendered":"<p>La propuesta gastron\u00f3mica de <strong>Noor<\/strong> est\u00e1 profundamente inspirada en la historia y la cultura andalus\u00ed, destacando el <strong>Califato de Abderram\u00e1n III<\/strong>, que hizo de <strong>C\u00f3rdoba<\/strong> la ciudad m\u00e1s avanzada y culta de su tiempo.<\/p>\n<p>El minucioso trabajo con <strong>documentalistas, historiadores, arque\u00f3logos y dise\u00f1adores<\/strong> ha dado forma al universo de Noor, reflejado en las creaciones de <strong>Paco Morales<\/strong>, que narran historias \u00fanicas en cada temporada.<\/p>\n<p>Reconocido como una de las figuras m\u00e1s influyentes de la gastronom\u00eda espa\u00f1ola, Paco Morales combina innovaci\u00f3n y personalidad para recuperar los aromas y sabores de Al-\u00c1ndalus, reinterpret\u00e1ndolos con una visi\u00f3n contempor\u00e1nea y vanguardista que define su cocina.<\/p>\n<p>Con <strong>tres estrellas Michel\u00edn<\/strong> y el respaldo de comensales y cr\u00edticos de todo el mundo, Noor se posiciona como una experiencia culinaria inigualable.<\/p>\n<p>&nbsp;<\/p>\n<div class=\"elementor-element elementor-element e-con-full e-flex e-con e-child\" data-element_type=\"container\" data-settings=\"{&quot;content_width&quot;:&quot;full&quot;}\">\n<div class=\"elementor-element elementor-element elementor-mobile-align-center elementor-widget elementor-widget-button\"  data-element_type=\"widget\" data-widget_type=\"button.default\">\n<div class=\"elementor-widget-container\">\n<div class=\"elementor-button-wrapper\"><a target=\"_blank\" rel=\"nofollow\" class=\"elementor-button elementor-button-link elementor-size-sm\" style=\"cursor:pointer;\" href=\"https:\/\/noorrestaurant.es\/\"><span class=\"elementor-button-content-wrapper\"><span class=\"elementor-button-text\">RESERVAR EN P\u00c1GINA OFICIAL<\/span><\/span><\/a><\/div>\n<\/div>\n<\/div>\n<\/div>\n","protected":false},"author":2,"featured_media":3231,"comment_status":"open","ping_status":"closed","template":"","meta":[],"product_brand":[],"product_cat":[78],"product_tag":[],"class_list":{"0":"post-3226","1":"product","2":"type-product","3":"status-publish","4":"has-post-thumbnail","6":"product_cat-gastronomia","8":"first","9":"instock","10":"taxable","11":"shipping-taxable","12":"product-type-simple"},"acf":[],"_links":{"self":[{"href":"https:\/\/vivecordobatrip.com\/es_es\/wp-json\/wp\/v2\/product\/3226","targetHints":{"allow":["GET"]}}],"collection":[{"href":"https:\/\/vivecordobatrip.com\/es_es\/wp-json\/wp\/v2\/product"}],"about":[{"href":"https:\/\/vivecordobatrip.com\/es_es\/wp-json\/wp\/v2\/types\/product"}],"author":[{"embeddable":true,"href":"https:\/\/vivecordobatrip.com\/es_es\/wp-json\/wp\/v2\/users\/2"}],"replies":[{"embeddable":true,"href":"https:\/\/vivecordobatrip.com\/es_es\/wp-json\/wp\/v2\/comments?post=3226"}],"version-history":[{"count":1,"href":"https:\/\/vivecordobatrip.com\/es_es\/wp-json\/wp\/v2\/product\/3226\/revisions"}],"predecessor-version":[{"id":3402,"href":"https:\/\/vivecordobatrip.com\/es_es\/wp-json\/wp\/v2\/product\/3226\/revisions\/3402"}],"wp:featuredmedia":[{"embeddable":true,"href":"https:\/\/vivecordobatrip.com\/es_es\/wp-json\/wp\/v2\/media\/3231"}],"wp:attachment":[{"href":"https:\/\/vivecordobatrip.com\/es_es\/wp-json\/wp\/v2\/media?parent=3226"}],"wp:term":[{"taxonomy":"product_brand","embeddable":true,"href":"https:\/\/vivecordobatrip.com\/es_es\/wp-json\/wp\/v2\/product_brand?post=3226"},{"taxonomy":"product_cat","embeddable":true,"href":"https:\/\/vivecordobatrip.com\/es_es\/wp-json\/wp\/v2\/product_cat?post=3226"},{"taxonomy":"product_tag","embeddable":true,"href":"https:\/\/vivecordobatrip.com\/es_es\/wp-json\/wp\/v2\/product_tag?post=3226"}],"curies":[{"name":"wp","href":"https:\/\/api.w.org\/{rel}","templated":true}]}}