{"id":3321,"date":"2024-11-18T08:38:21","date_gmt":"2024-11-18T07:38:21","guid":{"rendered":"https:\/\/vivecordobatrip.com\/?post_type=product&#038;p=3321"},"modified":"2026-04-10T09:11:43","modified_gmt":"2026-04-10T07:11:43","slug":"tour-en-tuk-tuk-por-cordoba","status":"publish","type":"product","link":"https:\/\/vivecordobatrip.com\/es_es\/producto\/tour-en-tuk-tuk-por-cordoba\/","title":{"rendered":"Tour en Tuk Tuk por C\u00f3rdoba"},"content":{"rendered":"<div class=\"et_pb_module et_pb_blurb et_pb_blurb_7 b-detalles et_pb_text_align_left et_pb_blurb_position_left et_pb_bg_layout_light\">\n<div class=\"et_pb_blurb_content\">\n<div class=\"et_pb_blurb_container\">\n<div class=\"et_pb_module et_pb_blurb et_pb_blurb_7 b-detalles et_pb_text_align_left et_pb_blurb_position_left et_pb_bg_layout_light\">\n<div class=\"et_pb_blurb_content\">\n<div class=\"et_pb_blurb_container\">\n<p data-start=\"651\" data-end=\"866\">Si te apetece conocer C\u00f3rdoba de forma c\u00f3moda y diferente, este <strong data-start=\"715\" data-end=\"734\">tour en tuk tuk<\/strong> es una opci\u00f3n perfecta para recorrer la ciudad sin cansarte y disfrutar del paseo mientras descubres sus zonas m\u00e1s representativas.<\/p>\n<p data-start=\"868\" data-end=\"1222\">A lo largo del recorrido visitar\u00e1s algunos de los lugares m\u00e1s conocidos del centro y del casco hist\u00f3rico, pasando por plazas emblem\u00e1ticas, barrios con encanto y zonas con mucha vida. Es una forma ideal de hacer una primera visita a C\u00f3rdoba, especialmente si vienes con poco tiempo, si quieres un plan relajado o si prefieres moverte sin largas caminatas.<\/p>\n<p data-start=\"1224\" data-end=\"1466\">Durante la ruta har\u00e9is <strong data-start=\"1247\" data-end=\"1279\">paradas en puntos destacados<\/strong> para que puedas hacer fotos y llevarte recuerdos del viaje. Adem\u00e1s, ir\u00e1s acompa\u00f1ado en todo momento para ayudarte y asesorarte, haciendo que la experiencia sea f\u00e1cil, c\u00f3moda y muy amena.<\/p>\n<p data-start=\"1468\" data-end=\"1567\">Un plan perfecto para disfrutar C\u00f3rdoba desde otra perspectiva, en pareja, en familia o con amigos.<\/p>\n<\/div>\n<\/div>\n<\/div>\n<\/div>\n<\/div>\n<\/div>\n","protected":false},"excerpt":{"rendered":"<p>Recorre C\u00f3rdoba en tuk tuk y descubre sus plazas, calles con historia y rincones m\u00e1s emblem\u00e1ticos de forma c\u00f3moda, divertida y con paradas para fotos.<\/p>\n","protected":false},"author":2,"featured_media":3326,"comment_status":"open","ping_status":"closed","template":"","meta":[],"product_brand":[],"product_cat":[79,86,72],"product_tag":[],"class_list":{"0":"post-3321","1":"product","2":"type-product","3":"status-publish","4":"has-post-thumbnail","6":"product_cat-actividades-en-cordoba","7":"product_cat-con-calendario","8":"product_cat-tours","10":"first","11":"instock","12":"taxable","13":"shipping-taxable","14":"purchasable","15":"product-type-variable"},"acf":[],"_links":{"self":[{"href":"https:\/\/vivecordobatrip.com\/es_es\/wp-json\/wp\/v2\/product\/3321","targetHints":{"allow":["GET"]}}],"collection":[{"href":"https:\/\/vivecordobatrip.com\/es_es\/wp-json\/wp\/v2\/product"}],"about":[{"href":"https:\/\/vivecordobatrip.com\/es_es\/wp-json\/wp\/v2\/types\/product"}],"author":[{"embeddable":true,"href":"https:\/\/vivecordobatrip.com\/es_es\/wp-json\/wp\/v2\/users\/2"}],"replies":[{"embeddable":true,"href":"https:\/\/vivecordobatrip.com\/es_es\/wp-json\/wp\/v2\/comments?post=3321"}],"version-history":[{"count":14,"href":"https:\/\/vivecordobatrip.com\/es_es\/wp-json\/wp\/v2\/product\/3321\/revisions"}],"predecessor-version":[{"id":4431,"href":"https:\/\/vivecordobatrip.com\/es_es\/wp-json\/wp\/v2\/product\/3321\/revisions\/4431"}],"wp:featuredmedia":[{"embeddable":true,"href":"https:\/\/vivecordobatrip.com\/es_es\/wp-json\/wp\/v2\/media\/3326"}],"wp:attachment":[{"href":"https:\/\/vivecordobatrip.com\/es_es\/wp-json\/wp\/v2\/media?parent=3321"}],"wp:term":[{"taxonomy":"product_brand","embeddable":true,"href":"https:\/\/vivecordobatrip.com\/es_es\/wp-json\/wp\/v2\/product_brand?post=3321"},{"taxonomy":"product_cat","embeddable":true,"href":"https:\/\/vivecordobatrip.com\/es_es\/wp-json\/wp\/v2\/product_cat?post=3321"},{"taxonomy":"product_tag","embeddable":true,"href":"https:\/\/vivecordobatrip.com\/es_es\/wp-json\/wp\/v2\/product_tag?post=3321"}],"curies":[{"name":"wp","href":"https:\/\/api.w.org\/{rel}","templated":true}]}}