{"id":3333,"date":"2024-11-18T15:11:49","date_gmt":"2024-11-18T14:11:49","guid":{"rendered":"https:\/\/vivecordobatrip.com\/?post_type=product&#038;p=3333"},"modified":"2026-04-13T13:26:12","modified_gmt":"2026-04-13T11:26:12","slug":"tour-segway","status":"publish","type":"product","link":"https:\/\/vivecordobatrip.com\/es_es\/producto\/tour-segway\/","title":{"rendered":"Tour Segway"},"content":{"rendered":"<h3 data-start=\"1552\" data-end=\"1596\">Tour en Segway por C\u00f3rdoba<\/h3>\n<p data-start=\"1598\" data-end=\"1939\">Si quieres conocer C\u00f3rdoba de forma r\u00e1pida, c\u00f3moda y con un punto de aventura, este <strong data-start=\"1682\" data-end=\"1709\">tour en segway con gu\u00eda<\/strong> es una de las maneras m\u00e1s originales de recorrer la ciudad. A lo largo del recorrido ir\u00e1s pasando por diferentes zonas hist\u00f3ricas y monumentos emblem\u00e1ticos, combinando la C\u00f3rdoba m\u00e1s actual con su pasado romano, \u00e1rabe y medieval.<\/p>\n<p data-start=\"1941\" data-end=\"2144\">Antes de comenzar, recibir\u00e1s una breve explicaci\u00f3n sobre el manejo del segway y las normas b\u00e1sicas de seguridad, para que te sientas con confianza desde el primer minuto. Despu\u00e9s\u2026 empieza la experiencia.<\/p>\n<p data-start=\"2146\" data-end=\"2284\">El tour cuenta con <strong data-start=\"2165\" data-end=\"2213\">dos opciones de recorrido (1 hora y 30 minutos o 45 minutos)<\/strong> y ambos comienzan y terminan en <strong data-start=\"2246\" data-end=\"2283\">la calle Mar\u00eda Cristina (C\u00f3rdoba)<\/strong>.<\/p>\n","protected":false},"excerpt":{"rendered":"<p>Descubre C\u00f3rdoba en segway con gu\u00eda, recorriendo el centro hist\u00f3rico, la ribera y sus monumentos m\u00e1s emblem\u00e1ticos en un tour c\u00f3modo, divertido y diferente.<\/p>\n","protected":false},"author":2,"featured_media":80,"comment_status":"open","ping_status":"closed","template":"","meta":[],"product_brand":[],"product_cat":[79,86,72],"product_tag":[],"class_list":{"0":"post-3333","1":"product","2":"type-product","3":"status-publish","4":"has-post-thumbnail","6":"product_cat-actividades-en-cordoba","7":"product_cat-con-calendario","8":"product_cat-tours","10":"first","11":"instock","12":"taxable","13":"shipping-taxable","14":"purchasable","15":"product-type-variable"},"acf":[],"_links":{"self":[{"href":"https:\/\/vivecordobatrip.com\/es_es\/wp-json\/wp\/v2\/product\/3333","targetHints":{"allow":["GET"]}}],"collection":[{"href":"https:\/\/vivecordobatrip.com\/es_es\/wp-json\/wp\/v2\/product"}],"about":[{"href":"https:\/\/vivecordobatrip.com\/es_es\/wp-json\/wp\/v2\/types\/product"}],"author":[{"embeddable":true,"href":"https:\/\/vivecordobatrip.com\/es_es\/wp-json\/wp\/v2\/users\/2"}],"replies":[{"embeddable":true,"href":"https:\/\/vivecordobatrip.com\/es_es\/wp-json\/wp\/v2\/comments?post=3333"}],"version-history":[{"count":7,"href":"https:\/\/vivecordobatrip.com\/es_es\/wp-json\/wp\/v2\/product\/3333\/revisions"}],"predecessor-version":[{"id":4406,"href":"https:\/\/vivecordobatrip.com\/es_es\/wp-json\/wp\/v2\/product\/3333\/revisions\/4406"}],"wp:featuredmedia":[{"embeddable":true,"href":"https:\/\/vivecordobatrip.com\/es_es\/wp-json\/wp\/v2\/media\/80"}],"wp:attachment":[{"href":"https:\/\/vivecordobatrip.com\/es_es\/wp-json\/wp\/v2\/media?parent=3333"}],"wp:term":[{"taxonomy":"product_brand","embeddable":true,"href":"https:\/\/vivecordobatrip.com\/es_es\/wp-json\/wp\/v2\/product_brand?post=3333"},{"taxonomy":"product_cat","embeddable":true,"href":"https:\/\/vivecordobatrip.com\/es_es\/wp-json\/wp\/v2\/product_cat?post=3333"},{"taxonomy":"product_tag","embeddable":true,"href":"https:\/\/vivecordobatrip.com\/es_es\/wp-json\/wp\/v2\/product_tag?post=3333"}],"curies":[{"name":"wp","href":"https:\/\/api.w.org\/{rel}","templated":true}]}}