{"id":3339,"date":"2024-11-18T16:38:04","date_gmt":"2024-11-18T15:38:04","guid":{"rendered":"https:\/\/vivecordobatrip.com\/?post_type=product&#038;p=3339"},"modified":"2026-04-13T13:26:12","modified_gmt":"2026-04-13T11:26:12","slug":"alquiler-de-bicicletas-y-patinetes-electricos","status":"publish","type":"product","link":"https:\/\/vivecordobatrip.com\/es_es\/producto\/alquiler-de-bicicletas-y-patinetes-electricos\/","title":{"rendered":"Alquiler de bicicletas y patinetes el\u00e9ctricos"},"content":{"rendered":"<p data-start=\"915\" data-end=\"1254\">Explora C\u00f3rdoba de una forma c\u00f3moda y pr\u00e1ctica con nuestro <strong data-start=\"974\" data-end=\"1023\">alquiler de bicicletas y patinetes el\u00e9ctricos<\/strong>. Es una opci\u00f3n ideal si quieres moverte a tu ritmo, sin depender de horarios, y descubrir tanto los monumentos como los rincones m\u00e1s especiales de la ciudad de una manera m\u00e1s libre y din\u00e1mica.<\/p>\n<p data-start=\"1256\" data-end=\"1328\">Puedes elegir entre tres opciones seg\u00fan el tipo de plan que te apetezca:<\/p>\n<h3 data-start=\"1330\" data-end=\"1358\">\ud83d\udeb2 Bicicleta el\u00e9ctrica<\/h3>\n<p data-start=\"1359\" data-end=\"1652\">Si quieres recorrer m\u00e1s distancia sin cansarte, la bicicleta el\u00e9ctrica te lo pone f\u00e1cil. Gracias a su motor y a su bater\u00eda de larga duraci\u00f3n, podr\u00e1s moverte por C\u00f3rdoba con comodidad y disfrutar de un paseo suave mientras descubres la ciudad sin esfuerzo.<\/p>\n<h3 data-start=\"1654\" data-end=\"1681\">\ud83d\udeb2 Bicicleta de paseo<\/h3>\n<p data-start=\"1682\" data-end=\"1924\">La bicicleta de paseo es perfecta para desplazamientos urbanos y rutas tranquilas. Es c\u00f3moda, ligera y resistente, ideal para moverte por zonas llanas del centro y disfrutar del paseo con total facilidad.<\/p>\n<h3 data-start=\"1926\" data-end=\"1953\">\ud83d\udef4 Patinete el\u00e9ctrico<\/h3>\n<p data-start=\"1954\" data-end=\"2178\">Ligero, pr\u00e1ctico y muy f\u00e1cil de manejar, el patinete el\u00e9ctrico es la opci\u00f3n ideal para trayectos cortos por C\u00f3rdoba. Perfecto si quieres moverte de forma r\u00e1pida y sencilla por la ciudad.<\/p>\n","protected":false},"excerpt":{"rendered":"<p>Alquila una bicicleta el\u00e9ctrica, de paseo o un patinete el\u00e9ctrico y recorre C\u00f3rdoba a tu ritmo: c\u00f3modo, r\u00e1pido y perfecto para moverte por el centro y sus rincones con encanto.<\/p>\n","protected":false},"author":2,"featured_media":350,"comment_status":"open","ping_status":"closed","template":"","meta":[],"product_brand":[],"product_cat":[79,86],"product_tag":[],"class_list":{"0":"post-3339","1":"product","2":"type-product","3":"status-publish","4":"has-post-thumbnail","6":"product_cat-actividades-en-cordoba","7":"product_cat-con-calendario","9":"first","10":"instock","11":"taxable","12":"shipping-taxable","13":"purchasable","14":"product-type-variable"},"acf":[],"_links":{"self":[{"href":"https:\/\/vivecordobatrip.com\/es_es\/wp-json\/wp\/v2\/product\/3339","targetHints":{"allow":["GET"]}}],"collection":[{"href":"https:\/\/vivecordobatrip.com\/es_es\/wp-json\/wp\/v2\/product"}],"about":[{"href":"https:\/\/vivecordobatrip.com\/es_es\/wp-json\/wp\/v2\/types\/product"}],"author":[{"embeddable":true,"href":"https:\/\/vivecordobatrip.com\/es_es\/wp-json\/wp\/v2\/users\/2"}],"replies":[{"embeddable":true,"href":"https:\/\/vivecordobatrip.com\/es_es\/wp-json\/wp\/v2\/comments?post=3339"}],"version-history":[{"count":6,"href":"https:\/\/vivecordobatrip.com\/es_es\/wp-json\/wp\/v2\/product\/3339\/revisions"}],"predecessor-version":[{"id":3395,"href":"https:\/\/vivecordobatrip.com\/es_es\/wp-json\/wp\/v2\/product\/3339\/revisions\/3395"}],"wp:featuredmedia":[{"embeddable":true,"href":"https:\/\/vivecordobatrip.com\/es_es\/wp-json\/wp\/v2\/media\/350"}],"wp:attachment":[{"href":"https:\/\/vivecordobatrip.com\/es_es\/wp-json\/wp\/v2\/media?parent=3339"}],"wp:term":[{"taxonomy":"product_brand","embeddable":true,"href":"https:\/\/vivecordobatrip.com\/es_es\/wp-json\/wp\/v2\/product_brand?post=3339"},{"taxonomy":"product_cat","embeddable":true,"href":"https:\/\/vivecordobatrip.com\/es_es\/wp-json\/wp\/v2\/product_cat?post=3339"},{"taxonomy":"product_tag","embeddable":true,"href":"https:\/\/vivecordobatrip.com\/es_es\/wp-json\/wp\/v2\/product_tag?post=3339"}],"curies":[{"name":"wp","href":"https:\/\/api.w.org\/{rel}","templated":true}]}}