{"id":3355,"date":"2024-11-18T18:35:25","date_gmt":"2024-11-18T17:35:25","guid":{"rendered":"https:\/\/vivecordobatrip.com\/?post_type=product&#038;p=3355"},"modified":"2026-05-04T11:10:18","modified_gmt":"2026-05-04T09:10:18","slug":"castillo-ducal-de-espejo","status":"publish","type":"product","link":"https:\/\/vivecordobatrip.com\/es_es\/producto\/castillo-ducal-de-espejo\/","title":{"rendered":"Castillo Ducal De Espejo"},"content":{"rendered":"<div class=\"flex max-w-full flex-col flex-grow\">\n<div class=\"min-h-8 text-message flex w-full flex-col items-end gap-2 whitespace-normal break-words [.text-message+&amp;]:mt-5\" dir=\"auto\" data-message-author-role=\"assistant\" data-message-id=\"20afb788-3a13-4818-b1eb-a52239a02bdc\" data-client-thread-id=\"66de87c4-48d4-800d-bdb7-6e1566458458\" data-message-model-slug=\"gpt-4o\">\n<div class=\"flex w-full flex-col gap-1 empty:hidden first:pt-[3px]\">\n<div class=\"markdown prose w-full break-words dark:prose-invert light\">\n<p data-start=\"759\" data-end=\"1079\">El <strong data-start=\"762\" data-end=\"790\">Castillo Ducal de Espejo<\/strong>, tambi\u00e9n conocido como <strong data-start=\"814\" data-end=\"843\">\u201cLa Atalaya de Pay Arias\u201d<\/strong>, es una fortificaci\u00f3n del <strong data-start=\"870\" data-end=\"884\">siglo XIII<\/strong> situada en la cima del municipio de Espejo (C\u00f3rdoba), a <strong data-start=\"941\" data-end=\"966\">418 metros de altitud<\/strong>, convirti\u00e9ndose en uno de los puntos m\u00e1s altos de la campi\u00f1a que lo rodea.<\/p>\n<p data-start=\"1081\" data-end=\"1383\">Aunque su origen es medieval, este lugar fue importante desde mucho antes: aqu\u00ed se encontraba el <strong data-start=\"1178\" data-end=\"1204\">oppidum \u00edbero de Ucubi<\/strong>, un enclave que vivi\u00f3 acontecimientos hist\u00f3ricos como el asedio de Ategua durante la Segunda Guerra Civil Romana, en tiempos de Julio C\u00e9sar.<\/p>\n<p data-start=\"1385\" data-end=\"1712\">Tras la conquista cristiana, se levant\u00f3 una nueva fortaleza sobre estructuras anteriores con un objetivo claro: defender esta zona fronteriza del reino nazar\u00ed de Granada. Con el paso del tiempo, el castillo fue cambiando de manos hasta pertenecer, en la actualidad, al <strong data-start=\"1654\" data-end=\"1673\">Ducado de Osuna<\/strong>.<\/p>\n<p data-start=\"1714\" data-end=\"2037\">Hoy, visitar el Castillo Ducal de Espejo es un plan perfecto para quienes disfrutan del patrimonio, la historia y las escapadas diferentes en la provincia de C\u00f3rdoba. Un recorrido que mezcla pasado medieval, huellas de \u00e9pocas anteriores y un entorno privilegiado que invita a detenerse y mirar el paisaje desde las alturas.<\/p>\n<\/div>\n<\/div>\n<\/div>\n<\/div>\n","protected":false},"excerpt":{"rendered":"<p><strong data-start=\"495\" data-end=\"678\">Visita el Castillo Ducal de Espejo (C\u00f3rdoba), una fortaleza del siglo XIII conocida como \u201cLa Atalaya de Pay Arias\u201d, con historia medieval y vistas \u00fanicas desde lo alto del pueblo.<\/strong><\/p>\n","protected":false},"author":2,"featured_media":3361,"comment_status":"open","ping_status":"closed","template":"","meta":[],"product_brand":[],"product_cat":[86,77],"product_tag":[],"class_list":{"0":"post-3355","1":"product","2":"type-product","3":"status-publish","4":"has-post-thumbnail","6":"product_cat-con-calendario","7":"product_cat-externo","9":"first","10":"instock","11":"taxable","12":"shipping-taxable","13":"purchasable","14":"product-type-variable"},"acf":[],"_links":{"self":[{"href":"https:\/\/vivecordobatrip.com\/es_es\/wp-json\/wp\/v2\/product\/3355","targetHints":{"allow":["GET"]}}],"collection":[{"href":"https:\/\/vivecordobatrip.com\/es_es\/wp-json\/wp\/v2\/product"}],"about":[{"href":"https:\/\/vivecordobatrip.com\/es_es\/wp-json\/wp\/v2\/types\/product"}],"author":[{"embeddable":true,"href":"https:\/\/vivecordobatrip.com\/es_es\/wp-json\/wp\/v2\/users\/2"}],"replies":[{"embeddable":true,"href":"https:\/\/vivecordobatrip.com\/es_es\/wp-json\/wp\/v2\/comments?post=3355"}],"version-history":[{"count":10,"href":"https:\/\/vivecordobatrip.com\/es_es\/wp-json\/wp\/v2\/product\/3355\/revisions"}],"predecessor-version":[{"id":4410,"href":"https:\/\/vivecordobatrip.com\/es_es\/wp-json\/wp\/v2\/product\/3355\/revisions\/4410"}],"wp:featuredmedia":[{"embeddable":true,"href":"https:\/\/vivecordobatrip.com\/es_es\/wp-json\/wp\/v2\/media\/3361"}],"wp:attachment":[{"href":"https:\/\/vivecordobatrip.com\/es_es\/wp-json\/wp\/v2\/media?parent=3355"}],"wp:term":[{"taxonomy":"product_brand","embeddable":true,"href":"https:\/\/vivecordobatrip.com\/es_es\/wp-json\/wp\/v2\/product_brand?post=3355"},{"taxonomy":"product_cat","embeddable":true,"href":"https:\/\/vivecordobatrip.com\/es_es\/wp-json\/wp\/v2\/product_cat?post=3355"},{"taxonomy":"product_tag","embeddable":true,"href":"https:\/\/vivecordobatrip.com\/es_es\/wp-json\/wp\/v2\/product_tag?post=3355"}],"curies":[{"name":"wp","href":"https:\/\/api.w.org\/{rel}","templated":true}]}}