{"id":3628,"date":"2025-02-03T17:26:11","date_gmt":"2025-02-03T16:26:11","guid":{"rendered":"https:\/\/vivecordobatrip.com\/?post_type=product&#038;p=3628"},"modified":"2026-04-13T21:28:32","modified_gmt":"2026-04-13T19:28:32","slug":"tour-completo-por-cordoba","status":"publish","type":"product","link":"https:\/\/vivecordobatrip.com\/es_es\/producto\/tour-completo-por-cordoba\/","title":{"rendered":"TOUR COMPLETO POR C\u00d3RDOBA"},"content":{"rendered":"<p data-start=\"506\" data-end=\"795\">C\u00f3rdoba es una ciudad que se entiende camin\u00e1ndola: calle a calle, patio a patio y monumento a monumento. En este <strong data-start=\"619\" data-end=\"654\">tour guiado completo de 4 horas<\/strong>, recorrer\u00e1s algunos de los lugares m\u00e1s imprescindibles de la ciudad para descubrir su historia, su mezcla de culturas y su patrimonio \u00fanico.<\/p>\n<p data-start=\"797\" data-end=\"979\">La visita comienza en la <strong data-start=\"822\" data-end=\"867\">Puerta del Perd\u00f3n de la Mezquita-Catedral<\/strong>, desde donde arrancaremos un itinerario pensado para conocer C\u00f3rdoba en profundidad y sin perderte lo esencial.<\/p>\n<h3><strong>La Mezquita de C\u00f3rdoba<\/strong><\/h3>\n<p>La <strong data-start=\"1024\" data-end=\"1045\">Mezquita-Catedral<\/strong> es el gran s\u00edmbolo de la ciudad y uno de los monumentos m\u00e1s admirados de Espa\u00f1a. Su combinaci\u00f3n de elementos musulmanes y cristianos la convierte en una obra arquitect\u00f3nica \u00fanica en el mundo. Durante la visita podr\u00e1s entender c\u00f3mo se construy\u00f3, c\u00f3mo evolucion\u00f3 a lo largo del tiempo y por qu\u00e9 sigue impresionando a todo el que la visita.<\/p>\n<h3><strong>El Alc\u00e1zar de los Reyes Cristianos<\/strong><\/h3>\n<p>El <strong data-start=\"1431\" data-end=\"1442\">Alc\u00e1zar<\/strong> es un palacio-fortaleza imponente, lleno de historia y con unos jardines que son un aut\u00e9ntico espect\u00e1culo. Construido por orden del rey Alfonso X \u201cel Sabio\u201d en el siglo XIII, se levanta sobre el antiguo emplazamiento del palacio califal de \u00e9poca musulmana. Uno de sus puntos m\u00e1s especiales es el <strong data-start=\"1739\" data-end=\"1764\">Sal\u00f3n de los Mosaicos<\/strong>, donde se expone una colecci\u00f3n de mosaicos romanos que sorprende por su valor y belleza.<\/p>\n<h3><strong>Juder\u00eda y Sinagoga: la huella del legado jud\u00edo<\/strong><\/h3>\n<p data-start=\"1910\" data-end=\"2164\">Atravesando la hist\u00f3rica <strong data-start=\"1935\" data-end=\"1958\">Puerta de Almod\u00f3var<\/strong>, nos adentramos en la <strong data-start=\"1981\" data-end=\"2003\">Juder\u00eda de C\u00f3rdoba<\/strong>, uno de los barrios m\u00e1s emblem\u00e1ticos y con m\u00e1s encanto de la ciudad. Sus calles estrechas, su atm\u00f3sfera y sus rincones tradicionales guardan siglos de historia.<\/p>\n<p data-start=\"2166\" data-end=\"2460\">Dentro de este recorrido visitaremos tambi\u00e9n la <strong data-start=\"2214\" data-end=\"2226\">Sinagoga<\/strong>, uno de los monumentos m\u00e1s visitados de C\u00f3rdoba y un testimonio clave del legado cultural de la comunidad jud\u00eda. Una parte del tour especialmente interesante para comprender la C\u00f3rdoba de las tres culturas y su importancia hist\u00f3rica.<\/p>\n<p data-start=\"2166\" data-end=\"2460\">Este tour es ideal si vienes a C\u00f3rdoba por primera vez, si quieres una visita completa en pocas horas o si buscas una experiencia guiada bien organizada para conocer lo m\u00e1s importante de la ciudad sin quedarte con lo t\u00edpico.<\/p>\n","protected":false},"excerpt":{"rendered":"<p>Tour guiado completo por C\u00f3rdoba (4 horas) con visita a la Mezquita-Catedral, la Juder\u00eda, la Sinagoga y el Alc\u00e1zar de los Reyes Cristianos con sus jardines.<\/p>\n","protected":false},"author":2,"featured_media":3134,"comment_status":"open","ping_status":"closed","template":"","meta":[],"product_brand":[],"product_cat":[86,72,87,92],"product_tag":[],"class_list":{"0":"post-3628","1":"product","2":"type-product","3":"status-publish","4":"has-post-thumbnail","6":"product_cat-con-calendario","7":"product_cat-tours","8":"product_cat-visitas","9":"product_cat-top-6-experiencias","11":"first","12":"instock","13":"taxable","14":"shipping-taxable","15":"purchasable","16":"product-type-variable"},"acf":[],"_links":{"self":[{"href":"https:\/\/vivecordobatrip.com\/es_es\/wp-json\/wp\/v2\/product\/3628","targetHints":{"allow":["GET"]}}],"collection":[{"href":"https:\/\/vivecordobatrip.com\/es_es\/wp-json\/wp\/v2\/product"}],"about":[{"href":"https:\/\/vivecordobatrip.com\/es_es\/wp-json\/wp\/v2\/types\/product"}],"author":[{"embeddable":true,"href":"https:\/\/vivecordobatrip.com\/es_es\/wp-json\/wp\/v2\/users\/2"}],"replies":[{"embeddable":true,"href":"https:\/\/vivecordobatrip.com\/es_es\/wp-json\/wp\/v2\/comments?post=3628"}],"version-history":[{"count":17,"href":"https:\/\/vivecordobatrip.com\/es_es\/wp-json\/wp\/v2\/product\/3628\/revisions"}],"predecessor-version":[{"id":3634,"href":"https:\/\/vivecordobatrip.com\/es_es\/wp-json\/wp\/v2\/product\/3628\/revisions\/3634"}],"wp:featuredmedia":[{"embeddable":true,"href":"https:\/\/vivecordobatrip.com\/es_es\/wp-json\/wp\/v2\/media\/3134"}],"wp:attachment":[{"href":"https:\/\/vivecordobatrip.com\/es_es\/wp-json\/wp\/v2\/media?parent=3628"}],"wp:term":[{"taxonomy":"product_brand","embeddable":true,"href":"https:\/\/vivecordobatrip.com\/es_es\/wp-json\/wp\/v2\/product_brand?post=3628"},{"taxonomy":"product_cat","embeddable":true,"href":"https:\/\/vivecordobatrip.com\/es_es\/wp-json\/wp\/v2\/product_cat?post=3628"},{"taxonomy":"product_tag","embeddable":true,"href":"https:\/\/vivecordobatrip.com\/es_es\/wp-json\/wp\/v2\/product_tag?post=3628"}],"curies":[{"name":"wp","href":"https:\/\/api.w.org\/{rel}","templated":true}]}}