{"id":3676,"date":"2025-03-07T20:58:59","date_gmt":"2025-03-07T19:58:59","guid":{"rendered":"https:\/\/vivecordobatrip.com\/?post_type=product&#038;p=3676"},"modified":"2026-04-13T22:22:23","modified_gmt":"2026-04-13T20:22:23","slug":"mezquita-catedral","status":"publish","type":"product","link":"https:\/\/vivecordobatrip.com\/es_es\/producto\/mezquita-catedral\/","title":{"rendered":"MEZQUITA CATEDRAL"},"content":{"rendered":"<div class=\"flex max-w-full flex-col flex-grow\">\n<div class=\"min-h-8 text-message flex w-full flex-col items-end gap-2 whitespace-normal break-words text-start [.text-message+&amp;]:mt-5\" dir=\"auto\" data-message-author-role=\"assistant\" data-message-id=\"cfc63bf5-5142-415f-9ada-da9a763df73d\" data-message-model-slug=\"gpt-4o\">\n<div class=\"flex w-full flex-col gap-1 empty:hidden first:pt-[3px]\">\n<div class=\"markdown prose w-full break-words dark:prose-invert light\">\n<p data-start=\"594\" data-end=\"897\">La <strong data-start=\"597\" data-end=\"629\">Mezquita-Catedral de C\u00f3rdoba<\/strong> es el gran s\u00edmbolo de la ciudad y una visita imprescindible para cualquier viajero. Considerada uno de los monumentos m\u00e1s importantes del patrimonio mundial, destaca por su belleza, su historia y por ser un lugar \u00fanico donde conviven siglos de cultura y arquitectura.<\/p>\n<p data-start=\"899\" data-end=\"1269\">Su interior sorprende desde el primer momento: un aut\u00e9ntico bosque de columnas y arcos que refleja el legado de la C\u00f3rdoba andalus\u00ed, combinado con elementos cristianos que se incorporaron con el paso del tiempo. Esta mezcla convierte el monumento en un espacio irrepetible, capaz de emocionar tanto por su valor art\u00edstico como por la historia que guarda entre sus muros.<\/p>\n<p data-start=\"1271\" data-end=\"1555\">Visitar la Mezquita-Catedral no es solo entrar en un edificio, es recorrer una parte esencial de la historia de C\u00f3rdoba. Un lugar que ha sido centro religioso, cultural y s\u00edmbolo de convivencia de \u00e9pocas distintas, y que hoy sigue siendo el punto m\u00e1s visitado y admirado de la ciudad.<\/p>\n<p data-start=\"1557\" data-end=\"1628\">Si vienes a C\u00f3rdoba, esta es la parada que no puede faltar en tu viaje.<\/p>\n<\/div>\n<\/div>\n<\/div>\n<\/div>\n","protected":false},"excerpt":{"rendered":"<p>Visita la Mezquita-Catedral de C\u00f3rdoba, uno de los monumentos m\u00e1s impresionantes de Espa\u00f1a, y descubre su historia y su mezcla \u00fanica de arte isl\u00e1mico y cristiano.<\/p>\n","protected":false},"author":2,"featured_media":3630,"comment_status":"open","ping_status":"closed","template":"","meta":[],"product_brand":[],"product_cat":[86,93,72,87,92],"product_tag":[],"class_list":{"0":"post-3676","1":"product","2":"type-product","3":"status-publish","4":"has-post-thumbnail","6":"product_cat-con-calendario","7":"product_cat-monumentos","8":"product_cat-tours","9":"product_cat-visitas","10":"product_cat-top-6-experiencias","12":"first","13":"instock","14":"taxable","15":"shipping-taxable","16":"purchasable","17":"product-type-variable"},"acf":[],"_links":{"self":[{"href":"https:\/\/vivecordobatrip.com\/es_es\/wp-json\/wp\/v2\/product\/3676","targetHints":{"allow":["GET"]}}],"collection":[{"href":"https:\/\/vivecordobatrip.com\/es_es\/wp-json\/wp\/v2\/product"}],"about":[{"href":"https:\/\/vivecordobatrip.com\/es_es\/wp-json\/wp\/v2\/types\/product"}],"author":[{"embeddable":true,"href":"https:\/\/vivecordobatrip.com\/es_es\/wp-json\/wp\/v2\/users\/2"}],"replies":[{"embeddable":true,"href":"https:\/\/vivecordobatrip.com\/es_es\/wp-json\/wp\/v2\/comments?post=3676"}],"version-history":[{"count":10,"href":"https:\/\/vivecordobatrip.com\/es_es\/wp-json\/wp\/v2\/product\/3676\/revisions"}],"predecessor-version":[{"id":4423,"href":"https:\/\/vivecordobatrip.com\/es_es\/wp-json\/wp\/v2\/product\/3676\/revisions\/4423"}],"wp:featuredmedia":[{"embeddable":true,"href":"https:\/\/vivecordobatrip.com\/es_es\/wp-json\/wp\/v2\/media\/3630"}],"wp:attachment":[{"href":"https:\/\/vivecordobatrip.com\/es_es\/wp-json\/wp\/v2\/media?parent=3676"}],"wp:term":[{"taxonomy":"product_brand","embeddable":true,"href":"https:\/\/vivecordobatrip.com\/es_es\/wp-json\/wp\/v2\/product_brand?post=3676"},{"taxonomy":"product_cat","embeddable":true,"href":"https:\/\/vivecordobatrip.com\/es_es\/wp-json\/wp\/v2\/product_cat?post=3676"},{"taxonomy":"product_tag","embeddable":true,"href":"https:\/\/vivecordobatrip.com\/es_es\/wp-json\/wp\/v2\/product_tag?post=3676"}],"curies":[{"name":"wp","href":"https:\/\/api.w.org\/{rel}","templated":true}]}}