{"id":4118,"date":"2025-10-24T10:03:30","date_gmt":"2025-10-24T08:03:30","guid":{"rendered":"https:\/\/vivecordobatrip.com\/?post_type=product&#038;p=4118"},"modified":"2026-04-13T13:26:12","modified_gmt":"2026-04-13T11:26:12","slug":"la-boca","status":"publish","type":"product","link":"https:\/\/vivecordobatrip.com\/es_es\/producto\/la-boca\/","title":{"rendered":"La Boca"},"content":{"rendered":"<p data-start=\"1420\" data-end=\"1759\"><strong data-start=\"1420\" data-end=\"1431\">La Boca<\/strong> es un restaurante con encanto en el que la cocina de temporada y el cuidado por los detalles marcan la diferencia. Con m\u00e1s de <strong data-start=\"1558\" data-end=\"1584\">20 a\u00f1os de trayectoria<\/strong>, se ha consolidado como un espacio de referencia en C\u00f3rdoba para quienes buscan una propuesta gastron\u00f3mica tranquila, honesta y adaptada a distintas necesidades alimentarias.<\/p>\n<p data-start=\"1761\" data-end=\"2049\">Su cocina parte de productos <strong data-start=\"1790\" data-end=\"1816\">frescos y de temporada<\/strong>, con una carta flexible que permite adaptar los platos a dietas <strong data-start=\"1881\" data-end=\"1932\">vegetarianas, veganas, sin gluten o sin lactosa<\/strong>, ofreciendo una opci\u00f3n segura y cuidada para personas cel\u00edacas y para quienes priorizan una alimentaci\u00f3n consciente.<\/p>\n<p data-start=\"2051\" data-end=\"2331\">La propuesta combina recetas de aqu\u00ed con <strong data-start=\"2092\" data-end=\"2138\">sutiles gui\u00f1os a sabores de otras culturas<\/strong>, especialmente asi\u00e1ticos, dando lugar a platos llenos de matices, equilibrados y f\u00e1ciles de disfrutar. Todo ello sin perder de vista lo esencial: el producto y el respeto por cada ingrediente.<\/p>\n<p data-start=\"2333\" data-end=\"2667\">El restaurante cuenta con un <strong data-start=\"2362\" data-end=\"2396\">patio interior t\u00edpico cordob\u00e9s<\/strong>, un espacio acogedor y relajado ideal para tomar el aperitivo, alargar la sobremesa o disfrutar de una copa en un ambiente tranquilo. Desde este patio se accede tambi\u00e9n a la <strong data-start=\"2571\" data-end=\"2599\">Taberna El Perro Andaluz<\/strong>, ampliando la experiencia para quienes desean un plan m\u00e1s informal.<\/p>\n<p data-start=\"2669\" data-end=\"2892\">La experiencia se completa con una <strong data-start=\"2704\" data-end=\"2750\">selecci\u00f3n de vinos de peque\u00f1os productores<\/strong>, cuidadosamente elegida, y con <strong data-start=\"2782\" data-end=\"2812\">postres elaborados en casa<\/strong>, que cambian con frecuencia y aportan un cierre dulce y personal a cada comida.<\/p>\n<p data-start=\"2894\" data-end=\"3091\">La Boca es un lugar pensado para disfrutar sin prisas, donde la buena mesa, el entorno y la atenci\u00f3n al cliente se unen para ofrecer una experiencia gastron\u00f3mica diferente en el coraz\u00f3n de C\u00f3rdoba.<\/p>\n","protected":false},"excerpt":{"rendered":"<p data-start=\"160\" data-end=\"212\">Restaurante vegetariano y apto para cel\u00edacos en C\u00f3rdoba, con cocina de temporada, productos frescos y un agradable patio interior.<\/p>\n","protected":false},"author":2,"featured_media":4138,"comment_status":"open","ping_status":"closed","template":"","meta":[],"product_brand":[],"product_cat":[86,78],"product_tag":[],"class_list":{"0":"post-4118","1":"product","2":"type-product","3":"status-publish","4":"has-post-thumbnail","6":"product_cat-con-calendario","7":"product_cat-gastronomia","9":"first","10":"instock","11":"taxable","12":"shipping-taxable","13":"purchasable","14":"product-type-variable","15":"has-default-attributes"},"acf":[],"_links":{"self":[{"href":"https:\/\/vivecordobatrip.com\/es_es\/wp-json\/wp\/v2\/product\/4118","targetHints":{"allow":["GET"]}}],"collection":[{"href":"https:\/\/vivecordobatrip.com\/es_es\/wp-json\/wp\/v2\/product"}],"about":[{"href":"https:\/\/vivecordobatrip.com\/es_es\/wp-json\/wp\/v2\/types\/product"}],"author":[{"embeddable":true,"href":"https:\/\/vivecordobatrip.com\/es_es\/wp-json\/wp\/v2\/users\/2"}],"replies":[{"embeddable":true,"href":"https:\/\/vivecordobatrip.com\/es_es\/wp-json\/wp\/v2\/comments?post=4118"}],"version-history":[{"count":10,"href":"https:\/\/vivecordobatrip.com\/es_es\/wp-json\/wp\/v2\/product\/4118\/revisions"}],"predecessor-version":[{"id":4401,"href":"https:\/\/vivecordobatrip.com\/es_es\/wp-json\/wp\/v2\/product\/4118\/revisions\/4401"}],"wp:featuredmedia":[{"embeddable":true,"href":"https:\/\/vivecordobatrip.com\/es_es\/wp-json\/wp\/v2\/media\/4138"}],"wp:attachment":[{"href":"https:\/\/vivecordobatrip.com\/es_es\/wp-json\/wp\/v2\/media?parent=4118"}],"wp:term":[{"taxonomy":"product_brand","embeddable":true,"href":"https:\/\/vivecordobatrip.com\/es_es\/wp-json\/wp\/v2\/product_brand?post=4118"},{"taxonomy":"product_cat","embeddable":true,"href":"https:\/\/vivecordobatrip.com\/es_es\/wp-json\/wp\/v2\/product_cat?post=4118"},{"taxonomy":"product_tag","embeddable":true,"href":"https:\/\/vivecordobatrip.com\/es_es\/wp-json\/wp\/v2\/product_tag?post=4118"}],"curies":[{"name":"wp","href":"https:\/\/api.w.org\/{rel}","templated":true}]}}