{"id":2364,"date":"2024-09-20T09:26:30","date_gmt":"2024-09-20T07:26:30","guid":{"rendered":"https:\/\/vivecordobatrip.com\/carrito\/"},"modified":"2025-10-31T14:32:56","modified_gmt":"2025-10-31T13:32:56","slug":"carrito","status":"publish","type":"page","link":"https:\/\/vivecordobatrip.com\/fr\/carrito\/","title":{"rendered":"Chariot"},"content":{"rendered":"<div data-elementor-type=\"wp-page\" data-elementor-id=\"2364\" class=\"elementor elementor-2364\" data-elementor-post-type=\"page\">\n\t\t\t\t<div class=\"elementor-element elementor-element-5792cdc6 e-flex e-con-boxed e-con e-parent\" data-id=\"5792cdc6\" data-element_type=\"container\" data-e-type=\"container\">\n\t\t\t\t\t<div class=\"e-con-inner\">\n\t\t\t\t\t<\/div>\n\t\t\t\t<\/div>\n\t\t\t\t<\/div>","protected":false},"excerpt":{"rendered":"<p>Eliminar art\u00edculo Imagen en miniatura Producto Precio Cantidad Subtotal &times; Tour en Tuk Tuk por C\u00f3rdoba &#8211; 2 personas Personas: 2 personas Fecha: 14 noviembre 2025 Ranura: 16:00 50,00&nbsp;&euro; 1 50,00&nbsp;&euro; &times; Bus Tur\u00edstico &#8211; Adulto + 13 a\u00f1os, ICONIC 24 horas Personas: Adulto + 13 a\u00f1os Fecha: 31 octubre 2025 Ranura: De 9:30 a [&hellip;]<\/p>\n","protected":false},"author":1,"featured_media":0,"parent":0,"menu_order":0,"comment_status":"closed","ping_status":"closed","template":"","meta":{"footnotes":""},"class_list":["post-2364","page","type-page","status-publish","hentry"],"acf":[],"_links":{"self":[{"href":"https:\/\/vivecordobatrip.com\/fr\/wp-json\/wp\/v2\/pages\/2364","targetHints":{"allow":["GET"]}}],"collection":[{"href":"https:\/\/vivecordobatrip.com\/fr\/wp-json\/wp\/v2\/pages"}],"about":[{"href":"https:\/\/vivecordobatrip.com\/fr\/wp-json\/wp\/v2\/types\/page"}],"author":[{"embeddable":true,"href":"https:\/\/vivecordobatrip.com\/fr\/wp-json\/wp\/v2\/users\/1"}],"replies":[{"embeddable":true,"href":"https:\/\/vivecordobatrip.com\/fr\/wp-json\/wp\/v2\/comments?post=2364"}],"version-history":[{"count":22,"href":"https:\/\/vivecordobatrip.com\/fr\/wp-json\/wp\/v2\/pages\/2364\/revisions"}],"predecessor-version":[{"id":4279,"href":"https:\/\/vivecordobatrip.com\/fr\/wp-json\/wp\/v2\/pages\/2364\/revisions\/4279"}],"wp:attachment":[{"href":"https:\/\/vivecordobatrip.com\/fr\/wp-json\/wp\/v2\/media?parent=2364"}],"curies":[{"name":"wp","href":"https:\/\/api.w.org\/{rel}","templated":true}]}}