{"id":2927,"date":"2024-10-10T16:49:23","date_gmt":"2024-10-10T14:49:23","guid":{"rendered":"https:\/\/vivecordobatrip.com\/?page_id=2927"},"modified":"2024-11-26T17:30:17","modified_gmt":"2024-11-26T16:30:17","slug":"aviso-legal","status":"publish","type":"page","link":"https:\/\/vivecordobatrip.com\/fr\/aviso-legal\/","title":{"rendered":"Avis juridique"},"content":{"rendered":"<figure class=\"wp-block-table\"><table class=\"has-fixed-layout\"><tbody><tr><td><strong>Version&nbsp;<\/strong><\/td><td>1.00<\/td><td><strong>Mise \u00e0 jour<\/strong><\/td><td>septembre 2024<\/td><\/tr><\/tbody><\/table><\/figure>\n\n\n\n<p>Nous vous fournissons ci-dessous toutes les informations concernant les r\u00e8gles et la l\u00e9gislation applicables \u00e0 ce site web.<\/p>\n\n\n\n<p>1. propri\u00e9taire et objectifs : responsable du site web et de ses objectifs.<\/p>\n\n\n\n<p>2. Objet et acceptation des conditions g\u00e9n\u00e9rales<\/p>\n\n\n\n<p>3. Conditions g\u00e9n\u00e9rales et enregistrement des utilisateurs<\/p>\n\n\n\n<p>4. Utilisation du site web<\/p>\n\n\n\n<p>5. Propri\u00e9t\u00e9 intellectuelle et industrielle<\/p>\n\n\n\n<p>6. Clause de non-responsabilit\u00e9<\/p>\n\n\n\n<p>7. Protection des donn\u00e9es \u00e0 caract\u00e8re personnel<\/p>\n\n\n\n<p>8. Politique en mati\u00e8re de cookies<\/p>\n\n\n\n<p>9. Modifications du site web<\/p>\n\n\n\n<p>10. Droit applicable et juridiction<\/p>\n\n\n\n<p>Les doutes, suggestions ou questions concernant l'utilisation de ce site web seront trait\u00e9s par courrier \u00e9lectronique \u00e0 l'adresse contacto@vivecordobatrip.com.<\/p>\n\n\n\n<p><strong>1. PROPRI\u00c9TAIRE ET OBJECTIF<\/strong><\/p>\n\n\n\n<p>Le propri\u00e9taire du site www.vivecordobatrip.com est ViveC\u00f3rdobaTrip S.L., titulaire du num\u00e9ro d'identification fiscale B14621536, dont le si\u00e8ge social se trouve \u00e0 l'adresse suivante&nbsp;<a><\/a>Calle Claudio Marcelo, 11- 4, C.P. 14002 de C\u00f3rdoba, inscrite au registre du commerce de C\u00f3rdoba, volume 1594, folio 113, page num\u00e9ro CO-17.884, 1\u00e8re inscription. Le site Web a les objectifs suivants :<\/p>\n\n\n\n<p>- Exposer leurs services dans l'exercice de leur profession.<\/p>\n\n\n\n<p>- \u00c9tablir un canal de contact pour les clients potentiels.<\/p>\n\n\n\n<p>- Informer sur la politique de confidentialit\u00e9 applicable au traitement des donn\u00e9es personnelles que nous effectuons.<\/p>\n\n\n\n<p><strong>2. OBJET ET ACCEPTATION DES CONDITIONS G\u00c9N\u00c9RALES<\/strong><\/p>\n\n\n\n<p>L'acc\u00e8s au site web www.vivecordobatrip.com et son utilisation sont soumis aux pr\u00e9sentes conditions g\u00e9n\u00e9rales. En acc\u00e9dant au site web et en l'utilisant, vous acceptez ces conditions dans leur int\u00e9gralit\u00e9. Si vous n'\u00eates pas d'accord avec l'une des conditions \u00e9nonc\u00e9es ici, nous vous conseillons de ne pas utiliser ce site web.<\/p>\n\n\n\n<p>ViveC\u00f3rdobaTrip S.L. se r\u00e9serve le droit de modifier les pr\u00e9sentes Conditions g\u00e9n\u00e9rales \u00e0 tout moment. Les modifications entreront en vigueur \u00e0 partir du moment o\u00f9 elles seront publi\u00e9es sur le site Web.<\/p>\n\n\n\n<p><strong>3. CONDITIONS D'ENREGISTREMENT ET UTILISATEURS<\/strong><\/p>\n\n\n\n<p><strong>3.1 Enregistrement de l'utilisateur<\/strong><\/p>\n\n\n\n<p>Pour acc\u00e9der \u00e0 certains services offerts par le site web, tels que la r\u00e9servation et le paiement de services touristiques, il est n\u00e9cessaire que l'utilisateur s'enregistre au pr\u00e9alable. Lors de l'inscription, l'utilisateur doit fournir des informations v\u00e9ridiques, compl\u00e8tes et actualis\u00e9es. ViveC\u00f3rdobaTrip S.L. n'est pas responsable de l'exactitude des donn\u00e9es fournies par l'utilisateur.<\/p>\n\n\n\n<p><strong>3.2 Responsabilit\u00e9 de l'utilisateur enregistr\u00e9<\/strong><\/p>\n\n\n\n<p>L'utilisateur enregistr\u00e9 est responsable de la confidentialit\u00e9 de ses donn\u00e9es d'acc\u00e8s (nom d'utilisateur et mot de passe), ainsi que de toutes les activit\u00e9s r\u00e9alis\u00e9es avec son compte. ViveC\u00f3rdobaTrip S.L. ne sera pas responsable des dommages et pr\u00e9judices d\u00e9coulant du non-respect de cette obligation par l'utilisateur. En cas de d\u00e9tection d'une utilisation non autoris\u00e9e de son compte, l'utilisateur devra en informer imm\u00e9diatement ViveC\u00f3rdobaTrip S.L..<\/p>\n\n\n\n<p><strong>3.3 Acc\u00e8s aux services et aux paiements<\/strong><\/p>\n\n\n\n<p>L'utilisateur enregistr\u00e9 peut acc\u00e9der aux options de r\u00e9servation et de paiement des services offerts par ViveC\u00f3rdobaTrip ou \u00eatre redirig\u00e9 vers des sites tiers pour effectuer la transaction. Dans les deux cas, l'enregistrement sur notre site web garantit une exp\u00e9rience personnalis\u00e9e et s\u00e9curis\u00e9e. Les paiements effectu\u00e9s sur le site sont g\u00e9r\u00e9s par des passerelles de paiement s\u00e9curis\u00e9es, garantissant la protection des donn\u00e9es bancaires.<\/p>\n\n\n\n<p><strong>4. UTILISATION DU SITE WEB<\/strong><\/p>\n\n\n\n<p>L'acc\u00e8s au contenu du site est gratuit. L'utilisateur s'engage \u00e0 faire un usage appropri\u00e9 et licite du site et de ses contenus, dans le respect de la l\u00e9gislation en vigueur et de la bonne foi. Il est express\u00e9ment interdit de mener des activit\u00e9s illicites, de causer des dommages aux syst\u00e8mes physiques et logiques du site, d'introduire des virus ou d'autres \u00e9l\u00e9ments susceptibles d'alt\u00e9rer ou d'endommager les syst\u00e8mes, ainsi que toute autre utilisation susceptible de nuire \u00e0 la fonctionnalit\u00e9 ou au contenu du site.<\/p>\n\n\n\n<p><strong>5. PROPRI\u00c9T\u00c9 INTELLECTUELLE ET INDUSTRIELLE<\/strong><\/p>\n\n\n\n<p>Tous les contenus du site Web (y compris, mais sans s'y limiter, les textes, images, graphiques, logos, ic\u00f4nes, logiciels et autres \u00e9l\u00e9ments audiovisuels ou sonores) sont la propri\u00e9t\u00e9 de ViveC\u00f3rdobaTrip S.L. ou de tiers ayant autoris\u00e9 leur utilisation, et sont prot\u00e9g\u00e9s par des droits de propri\u00e9t\u00e9 intellectuelle et industrielle.<\/p>\n\n\n\n<p>La reproduction, la distribution, la transformation ou la communication publique du contenu de ce site est interdite sans l'autorisation expresse du propri\u00e9taire. Toute utilisation non autoris\u00e9e fera l'objet de poursuites conform\u00e9ment \u00e0 la l\u00e9gislation en vigueur.<strong>.<\/strong><\/p>\n\n\n\n<p><strong>6.<\/strong><strong>&nbsp;<\/strong><strong>CLAUSE DE NON-RESPONSABILIT\u00c9<\/strong><\/p>\n\n\n\n<p><strong>6.1 Informations sur le site web<\/strong><\/p>\n\n\n\n<p>ViveC\u00f3rdobaTrip S.L. s'efforce de fournir des informations exactes et actualis\u00e9es sur ses services. Sur notre site, vous pouvez choisir de r\u00e9server et de payer certains services directement ou d'\u00eatre redirig\u00e9 vers le site officiel du prestataire pour effectuer la r\u00e9servation et le paiement. Nous mettons r\u00e9guli\u00e8rement \u00e0 jour les prix et les informations, bien que de petits changements puissent survenir qui ne sont pas imm\u00e9diatement refl\u00e9t\u00e9s sur le site.<\/p>\n\n\n\n<p>Pour effectuer des paiements par l'interm\u00e9diaire de notre site web, une inscription est n\u00e9cessaire, ce qui garantit une exp\u00e9rience s\u00e9curis\u00e9e et personnalis\u00e9e. Nous vous invitons \u00e0 nous contacter si vous avez des questions ou si vous avez besoin de confirmer certains d\u00e9tails avant d'effectuer une r\u00e9servation ou un paiement.<\/p>\n\n\n\n<p><strong>6.2. sur l'utilisation du site web<\/strong><\/p>\n\n\n\n<p>L'utilisation des informations et des services fournis sur ce site Web rel\u00e8ve de la seule responsabilit\u00e9 de l'utilisateur. ViveC\u00f3rdobaTrip S.L. n'est pas responsable des dommages ou des pertes pouvant r\u00e9sulter de l'acc\u00e8s, de l'utilisation ou de la mauvaise utilisation du site Web, y compris les d\u00e9faillances techniques, les virus, les interruptions de service ou tout autre incident ind\u00e9pendant de notre volont\u00e9.<\/p>\n\n\n\n<p><strong>6.3. sur les liens avec des tiers<\/strong><\/p>\n\n\n\n<p>Ce site web peut contenir des liens vers des sites web de tiers. ViveC\u00f3rdobaTrip S.L. n'est pas responsable des contenus, produits ou services offerts sur ces sites externes, ni de leur politique de confidentialit\u00e9. La pr\u00e9sence de ces liens n'implique aucune relation entre ViveC\u00f3rdobaTrip S.L. et les propri\u00e9taires des sites li\u00e9s.<\/p>\n\n\n\n<p><strong>7. PROTECTION DES DONN\u00c9ES PERSONNELLES<\/strong><\/p>\n\n\n\n<p>Le traitement des donn\u00e9es personnelles des utilisateurs est r\u00e9gi par la politique de confidentialit\u00e9, que vous pouvez consulter pour plus d'informations sur la mani\u00e8re dont nous traitons vos donn\u00e9es. En utilisant ce site web, vous consentez \u00e0 la collecte et au traitement de vos donn\u00e9es conform\u00e9ment \u00e0 cette politique.<\/p>\n\n\n\n<p><strong>8. POLITIQUE EN MATI\u00c8RE DE COOKIES<\/strong><\/p>\n\n\n\n<p>Ce site web utilise des cookies pour optimiser l'exp\u00e9rience de l'utilisateur. Pour en savoir plus sur l'utilisation des cookies, leur finalit\u00e9 et la mani\u00e8re de les g\u00e9rer, consultez notre politique en mati\u00e8re de cookies. En acc\u00e9dant \u00e0 notre site web, vous acceptez l'utilisation de cookies conform\u00e9ment \u00e0 cette politique.<\/p>\n\n\n\n<p><strong>9.<\/strong><strong>&nbsp;<\/strong><strong>MODIFICATIONS DU SITE WEB<\/strong><\/p>\n\n\n\n<p>ViveC\u00f3rdobaTrip S.L. se r\u00e9serve le droit de modifier, d'actualiser ou de supprimer le contenu et les services du site Web \u00e0 tout moment et sans pr\u00e9avis. Elle se r\u00e9serve \u00e9galement le droit de suspendre temporairement ou d\u00e9finitivement l'acc\u00e8s au site.<\/p>\n\n\n\n<p><strong>10.<\/strong><strong>&nbsp;<\/strong><strong>DROIT APPLICABLE ET JURIDICTION<\/strong><\/p>\n\n\n\n<p>Les pr\u00e9sentes conditions sont r\u00e9gies par la l\u00e9gislation espagnole. Pour la r\u00e9solution de toute controverse ou de tout litige en rapport avec les pr\u00e9sentes conditions ou l'utilisation du site web, les parties se soumettent aux cours et tribunaux de Cordoue, renon\u00e7ant express\u00e9ment \u00e0 toute autre juridiction qui pourrait leur correspondre.<\/p>","protected":false},"excerpt":{"rendered":"<p>Versi\u00f3n&nbsp; 1.00 Actualizada a fecha Septiembre&nbsp;2024 A continuaci\u00f3n, le ofrecemos toda la informaci\u00f3n relativa a las normas y legislaci\u00f3n aplicables al presente sitio web. 1.&nbsp;Titular y finalidades: responsable del sitio web y sus finalidades. 2.&nbsp;Objeto y aceptaci\u00f3n de los t\u00e9rminos y condiciones 3.&nbsp;Condiciones y Registro de Usuarios 4.&nbsp;Uso del sitio Web 5.&nbsp;Propiedad intelectual e industrial [&hellip;]<\/p>\n","protected":false},"author":2,"featured_media":0,"parent":0,"menu_order":0,"comment_status":"closed","ping_status":"closed","template":"","meta":{"footnotes":""},"class_list":["post-2927","page","type-page","status-publish","hentry"],"acf":[],"_links":{"self":[{"href":"https:\/\/vivecordobatrip.com\/fr\/wp-json\/wp\/v2\/pages\/2927","targetHints":{"allow":["GET"]}}],"collection":[{"href":"https:\/\/vivecordobatrip.com\/fr\/wp-json\/wp\/v2\/pages"}],"about":[{"href":"https:\/\/vivecordobatrip.com\/fr\/wp-json\/wp\/v2\/types\/page"}],"author":[{"embeddable":true,"href":"https:\/\/vivecordobatrip.com\/fr\/wp-json\/wp\/v2\/users\/2"}],"replies":[{"embeddable":true,"href":"https:\/\/vivecordobatrip.com\/fr\/wp-json\/wp\/v2\/comments?post=2927"}],"version-history":[{"count":2,"href":"https:\/\/vivecordobatrip.com\/fr\/wp-json\/wp\/v2\/pages\/2927\/revisions"}],"predecessor-version":[{"id":3408,"href":"https:\/\/vivecordobatrip.com\/fr\/wp-json\/wp\/v2\/pages\/2927\/revisions\/3408"}],"wp:attachment":[{"href":"https:\/\/vivecordobatrip.com\/fr\/wp-json\/wp\/v2\/media?parent=2927"}],"curies":[{"name":"wp","href":"https:\/\/api.w.org\/{rel}","templated":true}]}}