{"id":2930,"date":"2024-10-10T16:53:04","date_gmt":"2024-10-10T14:53:04","guid":{"rendered":"https:\/\/vivecordobatrip.com\/?page_id=2930"},"modified":"2024-10-10T16:53:06","modified_gmt":"2024-10-10T14:53:06","slug":"politica-de-cookies","status":"publish","type":"page","link":"https:\/\/vivecordobatrip.com\/fr\/politica-de-cookies\/","title":{"rendered":"Politique en mati\u00e8re de cookies"},"content":{"rendered":"<figure class=\"wp-block-table\"><table class=\"has-fixed-layout\"><tbody><tr><td><strong>Version&nbsp;<\/strong><\/td><td>1.00<\/td><td><strong>Mise \u00e0 jour<\/strong><\/td><td>septembre 2024<\/td><\/tr><\/tbody><\/table><\/figure>\n\n\n\n<p>L'acc\u00e8s \u00e0 ce site Web peut impliquer l'utilisation de cookies. Les cookies sont de petites quantit\u00e9s d'informations qui sont stock\u00e9es dans le navigateur utilis\u00e9 par chaque utilisateur - dans les diff\u00e9rents dispositifs qui peuvent \u00eatre utilis\u00e9s pour naviguer - afin que le serveur se souvienne de certaines informations qui ne seront ensuite lues que par le serveur qui les a impl\u00e9ment\u00e9es. Les cookies facilitent la navigation, la rendent plus conviviale et n'endommagent pas le dispositif de navigation.<\/p>\n\n\n\n<p><br>Les cookies sont des proc\u00e9dures automatiques de collecte d'informations relatives aux pr\u00e9f\u00e9rences d\u00e9termin\u00e9es par l'utilisateur lors de sa visite sur le site Web afin de le reconna\u00eetre en tant qu'utilisateur et de personnaliser son exp\u00e9rience et son utilisation du site Web, et peuvent \u00e9galement, par exemple, aider \u00e0 identifier et \u00e0 r\u00e9soudre des erreurs.<\/p>\n\n\n\n<p><br>Les informations collect\u00e9es par le biais des cookies peuvent inclure la date et l'heure des visites sur le site web, les pages consult\u00e9es, le temps pass\u00e9 sur le site web et les sites visit\u00e9s juste avant et juste apr\u00e8s le site web. Cependant, aucun cookie ne permet de contacter le num\u00e9ro de t\u00e9l\u00e9phone de l'utilisateur ou tout autre moyen de contact personnel. Aucun cookie ne peut extraire des informations du disque dur de l'utilisateur ou voler des informations personnelles. Le seul moyen pour que les informations priv\u00e9es de l'utilisateur fassent partie du fichier Cookie est que l'utilisateur donne personnellement ces informations au serveur.<\/p>\n\n\n\n<p><br>Les cookies qui permettent d'identifier une personne sont consid\u00e9r\u00e9s comme des donn\u00e9es \u00e0 caract\u00e8re personnel. Par cons\u00e9quent, la politique de confidentialit\u00e9 s'applique \u00e0 eux. \u00c0 cet \u00e9gard, le consentement de l'utilisateur est requis pour l'utilisation des cookies. Ce consentement sera communiqu\u00e9, sur la base d'un v\u00e9ritable choix, offert par le biais d'une d\u00e9cision affirmative et positive, avant le traitement initial, amovible et document\u00e9.<\/p>\n\n\n\n<p><strong>Ses propres biscuits<\/strong><\/p>\n\n\n\n<p>Il s'agit de cookies envoy\u00e9s \u00e0 l'ordinateur ou \u00e0 l'appareil de l'utilisateur et g\u00e9r\u00e9s exclusivement par le responsable du traitement des donn\u00e9es afin d'am\u00e9liorer le fonctionnement du site web. Les informations collect\u00e9es sont utilis\u00e9es pour am\u00e9liorer la qualit\u00e9 du site web et de son contenu ainsi que votre exp\u00e9rience en tant qu'utilisateur. Ces cookies permettent de reconna\u00eetre l'Utilisateur en tant que visiteur r\u00e9current du Site et d'adapter le contenu afin de lui proposer un contenu adapt\u00e9 \u00e0 ses pr\u00e9f\u00e9rences.<\/p>\n\n\n\n<p><strong>Cookies de tiers<\/strong><\/p>\n\n\n\n<p>Il s'agit de cookies utilis\u00e9s et g\u00e9r\u00e9s par des entit\u00e9s externes qui fournissent au responsable du traitement des donn\u00e9es les services demand\u00e9s par ce dernier afin d'am\u00e9liorer le site web et l'exp\u00e9rience de l'utilisateur lorsqu'il navigue sur le site web. Les principales finalit\u00e9s de l'utilisation des cookies tiers sont l'obtention de statistiques d'acc\u00e8s et l'analyse des informations de navigation, c'est-\u00e0-dire la mani\u00e8re dont l'utilisateur interagit avec le site web.<\/p>\n\n\n\n<p>Les informations obtenues se r\u00e9f\u00e8rent, par exemple, au nombre de pages visit\u00e9es, \u00e0 la langue, au lieu o\u00f9 se trouve l'adresse IP \u00e0 partir de laquelle l'utilisateur acc\u00e8de, au nombre d'utilisateurs qui acc\u00e8dent, \u00e0 la fr\u00e9quence et \u00e0 la r\u00e9currence des visites, \u00e0 l'heure de la visite, au navigateur utilis\u00e9, \u00e0 l'op\u00e9rateur ou au type d'appareil \u00e0 partir duquel la visite est effectu\u00e9e. Ces informations sont utilis\u00e9es pour am\u00e9liorer le site Web et pour d\u00e9tecter de nouveaux besoins afin d'offrir aux utilisateurs un contenu et\/ou un service de qualit\u00e9 optimale. Dans tous les cas, les informations sont collect\u00e9es de mani\u00e8re anonyme et des rapports sur les tendances du site sont \u00e9tablis sans identifier les utilisateurs individuels.<\/p>\n\n\n\n<p>Vous pouvez obtenir plus d'informations sur les cookies, des informations sur la vie priv\u00e9e, ou consulter la description du type de cookies utilis\u00e9s, leurs principales caract\u00e9ristiques, leur p\u00e9riode d'expiration, etc. sur le lien suivant :<\/p>\n\n\n\n<p><br>Google Analytics : https:\/\/developers.google.com\/analytics\/<\/p>\n\n\n\n<p>L'entit\u00e9 qui fournit les cookies peut transf\u00e9rer ces informations \u00e0 des tiers, si la loi l'exige ou si un tiers traite ces informations pour ces entit\u00e9s.<\/p>\n\n\n\n<p><strong>D\u00e9sactivation, rejet et suppression des cookies<\/strong><\/p>\n\n\n\n<p>L'utilisateur peut d\u00e9sactiver, refuser et supprimer les cookies - en tout ou en partie - install\u00e9s sur son appareil en configurant son navigateur (notamment Chrome, Firefox, Safari, Explorer). A cet \u00e9gard, les proc\u00e9dures de refus et de suppression des cookies peuvent diff\u00e9rer d'un navigateur Internet \u00e0 l'autre.&nbsp;<\/p>\n\n\n\n<p>Par cons\u00e9quent, l'utilisateur doit suivre les instructions fournies par le navigateur Internet qu'il utilise. Si vous refusez l'utilisation de cookies - en tout ou en partie - vous pouvez continuer \u00e0 utiliser le site Web, bien que l'utilisation de certaines de ses fonctions puisse \u00eatre limit\u00e9e.<\/p>\n\n\n\n<p><strong>Consentement<\/strong><\/p>\n\n\n\n<p>Lorsque vous visitez notre site web pour la premi\u00e8re fois, nous affichons une fen\u00eatre contextuelle contenant des explications sur les cookies. D\u00e8s que vous cliquez sur \u00abEnregistrer les pr\u00e9f\u00e9rences\u00bb, vous acceptez que nous utilisions les cat\u00e9gories de cookies et de plugins que vous avez s\u00e9lectionn\u00e9es dans la fen\u00eatre contextuelle, comme d\u00e9crit dans la pr\u00e9sente politique en mati\u00e8re de cookies. Vous pouvez d\u00e9sactiver l'utilisation des cookies via votre navigateur, mais veuillez noter que notre site web pourrait ne plus fonctionner correctement.<\/p>\n\n\n\n<p><br><strong>Vos droits en mati\u00e8re de donn\u00e9es \u00e0 caract\u00e8re personnel<\/strong><\/p>\n\n\n\n<p>Vous disposez des droits suivants en ce qui concerne vos donn\u00e9es personnelles :<\/p>\n\n\n\n<ul class=\"wp-block-list\">\n<li>Vous avez le droit de savoir pourquoi vos donn\u00e9es personnelles sont n\u00e9cessaires, ce qu'il en adviendra et combien de temps elles seront conserv\u00e9es.<\/li>\n\n\n\n<li>Droit d'acc\u00e8s : vous avez le droit d'acc\u00e9der aux donn\u00e9es personnelles que nous d\u00e9tenons \u00e0 votre sujet.<\/li>\n\n\n\n<li>Droit de rectification : vous avez le droit de compl\u00e9ter, de rectifier, de supprimer ou de bloquer vos donn\u00e9es personnelles \u00e0 tout moment.<\/li>\n\n\n\n<li>Si vous nous donnez votre accord pour traiter vos donn\u00e9es, vous avez le droit de r\u00e9voquer cet accord et de faire effacer vos donn\u00e9es personnelles.<\/li>\n\n\n\n<li>Droit de transf\u00e9rer vos donn\u00e9es : vous avez le droit de demander au responsable du traitement de vous communiquer toutes vos donn\u00e9es \u00e0 caract\u00e8re personnel et de les transf\u00e9rer int\u00e9gralement \u00e0 un autre responsable du traitement.<\/li>\n\n\n\n<li>Droit d'opposition : vous pouvez vous opposer au traitement de vos donn\u00e9es. Nous nous y conformons, \u00e0 moins qu'il n'existe des motifs justifi\u00e9s pour le traitement.<\/li>\n<\/ul>\n\n\n\n<p>Pour exercer ces droits, veuillez nous contacter. Vous trouverez nos coordonn\u00e9es au bas de la pr\u00e9sente politique en mati\u00e8re de cookies. Si vous avez des r\u00e9clamations concernant la mani\u00e8re dont nous traitons vos donn\u00e9es, nous aimerions les entendre, mais vous avez \u00e9galement le droit de d\u00e9poser une plainte aupr\u00e8s de l'autorit\u00e9 de surveillance (l'autorit\u00e9 de protection des donn\u00e9es).<\/p>\n\n\n\n<p><strong>Coordonn\u00e9es de la personne \u00e0 contacter<\/strong><\/p>\n\n\n\n<p>Pour toute question et\/ou commentaire concernant notre politique en mati\u00e8re de cookies et la pr\u00e9sente d\u00e9claration, veuillez nous contacter en utilisant les coordonn\u00e9es ci-dessous :<\/p>\n\n\n\n<p>ViveC\u00f3rdobaTrip S.L.<\/p>\n\n\n\n<p>Calle Claudio Marcelo, 11 - 4, C.P. 14002, Cordoba &nbsp;<\/p>\n\n\n\n<p>T\u00e9l\u00e9phone : 607 511 041 - 607 765 330<\/p>\n\n\n\n<p>Courriel : contacto@vivecordobatrip.com<\/p>","protected":false},"excerpt":{"rendered":"<p>Versi\u00f3n&nbsp; 1.00 Actualizada a fecha Septiembre 2024 El acceso a este Sitio Web puede implicar la utilizaci\u00f3n de cookies. Las cookies son peque\u00f1as cantidades de informaci\u00f3n que se almacenan en el navegador utilizado por cada Usuario \u2014en los distintos dispositivos que pueda utilizar para navegar\u2014 para que el servidor recuerde cierta informaci\u00f3n que posteriormente y [&hellip;]<\/p>\n","protected":false},"author":2,"featured_media":0,"parent":0,"menu_order":0,"comment_status":"closed","ping_status":"closed","template":"","meta":{"footnotes":""},"class_list":["post-2930","page","type-page","status-publish","hentry"],"acf":[],"_links":{"self":[{"href":"https:\/\/vivecordobatrip.com\/fr\/wp-json\/wp\/v2\/pages\/2930","targetHints":{"allow":["GET"]}}],"collection":[{"href":"https:\/\/vivecordobatrip.com\/fr\/wp-json\/wp\/v2\/pages"}],"about":[{"href":"https:\/\/vivecordobatrip.com\/fr\/wp-json\/wp\/v2\/types\/page"}],"author":[{"embeddable":true,"href":"https:\/\/vivecordobatrip.com\/fr\/wp-json\/wp\/v2\/users\/2"}],"replies":[{"embeddable":true,"href":"https:\/\/vivecordobatrip.com\/fr\/wp-json\/wp\/v2\/comments?post=2930"}],"version-history":[{"count":1,"href":"https:\/\/vivecordobatrip.com\/fr\/wp-json\/wp\/v2\/pages\/2930\/revisions"}],"predecessor-version":[{"id":2931,"href":"https:\/\/vivecordobatrip.com\/fr\/wp-json\/wp\/v2\/pages\/2930\/revisions\/2931"}],"wp:attachment":[{"href":"https:\/\/vivecordobatrip.com\/fr\/wp-json\/wp\/v2\/media?parent=2930"}],"curies":[{"name":"wp","href":"https:\/\/api.w.org\/{rel}","templated":true}]}}