{"id":3,"date":"2023-12-20T12:17:02","date_gmt":"2023-12-20T11:17:02","guid":{"rendered":"https:\/\/vivecordobatrip.com\/?page_id=3"},"modified":"2024-10-10T16:50:46","modified_gmt":"2024-10-10T14:50:46","slug":"politica-privacidad","status":"publish","type":"page","link":"https:\/\/vivecordobatrip.com\/fr\/politica-privacidad\/","title":{"rendered":"Politique de confidentialit\u00e9"},"content":{"rendered":"<figure class=\"wp-block-table\"><table class=\"has-fixed-layout\"><tbody><tr><td><strong>Version&nbsp;<\/strong><\/td><td>1.00<\/td><td><strong>Mise \u00e0 jour<\/strong><\/td><td>septembre 2024<\/td><\/tr><\/tbody><\/table><\/figure>\n\n\n\n<p><strong>Pr\u00e9c\u00e9dent<\/strong><\/p>\n\n\n\n<p>La pr\u00e9sente politique de confidentialit\u00e9 d\u00e9finit tous les principes de base de l'application de la r\u00e9glementation en mati\u00e8re de protection des donn\u00e9es \u00e0 caract\u00e8re personnel \u00e0 l'activit\u00e9 exerc\u00e9e par le responsable du traitement, et est \u00e9labor\u00e9e avec toutes les proc\u00e9dures n\u00e9cessaires d\u00e9finies par le responsable du traitement. L'objectif est de sauvegarder les int\u00e9r\u00eats et les droits des personnes concern\u00e9es par le traitement de leurs donn\u00e9es \u00e0 caract\u00e8re personnel. Pour une conformit\u00e9 totale et efficace, toutes les proc\u00e9dures sont con\u00e7ues et mises en \u0153uvre d\u00e8s la phase initiale de chaque op\u00e9ration de traitement (<strong>le respect de la vie priv\u00e9e d\u00e8s la conception<\/strong>) couvrant toutes les \u00e9tapes du cycle de vie du traitement des donn\u00e9es et garantissant que le traitement est limit\u00e9 au minimum et qu'il est indispensable au regard des finalit\u00e9s l\u00e9galement poursuivies, sans que la personne concern\u00e9e ait \u00e0 agir ou \u00e0 d\u00e9cider que seules les donn\u00e9es strictement n\u00e9cessaires sont trait\u00e9es (<strong>le respect de la vie priv\u00e9e par d\u00e9faut<\/strong>).<\/p>\n\n\n\n<p><strong>R\u00e9sum\u00e9<\/strong><\/p>\n\n\n\n<p>Le traitement effectu\u00e9 doit \u00eatre concret, exact et appropri\u00e9 \u00e0 la finalit\u00e9 d\u00e9clar\u00e9e. \u00c0 cette fin, les donn\u00e9es ne seront collect\u00e9es et trait\u00e9es que pour les finalit\u00e9s indiqu\u00e9es, les donn\u00e9es ne seront pas trait\u00e9es d'une mani\u00e8re incompatible avec les finalit\u00e9s indiqu\u00e9es, seules les donn\u00e9es ad\u00e9quates et pertinentes pour chaque finalit\u00e9 seront trait\u00e9es, les donn\u00e9es seront exactes et mises \u00e0 jour, et les donn\u00e9es ne seront conserv\u00e9es que pour la dur\u00e9e strictement n\u00e9cessaire.<\/p>\n\n\n\n<p><strong>Responsable du traitement des donn\u00e9es<\/strong><\/p>\n\n\n\n<p>ViveC\u00f3rdobaTrip S.L. est responsable du traitement de vos donn\u00e9es personnelles.<\/p>\n\n\n\n<p>NUM\u00c9RO DE TVA : B14621536<\/p>\n\n\n\n<p>Coordonn\u00e9es : Calle Claudio Marcelo, 11 - 4, C.P. 14002, Cordoba &nbsp;<\/p>\n\n\n\n<p>T\u00e9l\u00e9phone : 607 511 041 - 607 765 330<\/p>\n\n\n\n<p>Courriel : contacto@vivecordobatrip.com<\/p>\n\n\n\n<p><strong>Activit\u00e9s de traitement<\/strong><\/p>\n\n\n\n<ol class=\"wp-block-list\">\n<li><strong>Contacts\u00a0<\/strong><\/li>\n<\/ol>\n\n\n\n<ul class=\"wp-block-list\">\n<li><strong>Objet :<\/strong>\u00a0\u00c9change de communications dans le cadre d'activit\u00e9s commerciales avec des clients ou des fournisseurs.<\/li>\n\n\n\n<li><strong>L\u00e9gitimation :<\/strong>\u00a0Int\u00e9r\u00eat l\u00e9gitime (article 6, paragraphe 1, point f), du RGPD et article 19 de la LOPD).<\/li>\n\n\n\n<li><strong>Temps de conservation :<\/strong>\u00a0D\u00e9lai de prescription pour les obligations relatives aux services fournis dans le cadre de relations commerciales et\/ou mercantiles.<\/li>\n\n\n\n<li><strong>Groupe cible :<\/strong>\u00a0Aucun transfert ou communication n'est pr\u00e9vu.<\/li>\n<\/ul>\n\n\n\n<p><strong>Cat\u00e9gories de donn\u00e9es \u00e0 caract\u00e8re personnel<\/strong><\/p>\n\n\n\n<p>Les cat\u00e9gories de donn\u00e9es \u00e0 caract\u00e8re personnel trait\u00e9es par le contr\u00f4leur des donn\u00e9es sont les suivantes :<\/p>\n\n\n\n<ul class=\"wp-block-list\">\n<li>Donn\u00e9es d'identification.<\/li>\n\n\n\n<li>Aucune cat\u00e9gorie de donn\u00e9es sp\u00e9cialement prot\u00e9g\u00e9e n'est trait\u00e9e.<\/li>\n<\/ul>\n\n\n\n<p><strong>Mode Incognito<\/strong><\/p>\n\n\n\n<p>Ils peuvent \u00e9galement activer le \"mode incognito\", qui permet au navigateur de ne pas conserver l'historique de navigation, les mots de passe des sites web, les cookies ou d'autres informations relatives aux sites web visit\u00e9s par les internautes.<\/p>\n\n\n\n<p><strong>Mesures techniques et organisationnelles<\/strong><\/p>\n\n\n\n<p>Afin de se conformer pleinement aux principes et obligations \u00e9tablis par les r\u00e8glements, toutes les mesures organisationnelles et techniques appropri\u00e9es doivent \u00eatre mises en place. Toutes les mesures de s\u00e9curit\u00e9 adopt\u00e9es doivent faire l'objet et r\u00e9sulter d'une analyse exhaustive des risques et de processus de v\u00e9rification constante afin d'en \u00e9valuer l'efficacit\u00e9 et l'ad\u00e9quation.&nbsp;<\/p>\n\n\n\n<p><strong>Cible<\/strong><\/p>\n\n\n\n<p>L'objectif est que le traitement effectu\u00e9 respecte les principes de l\u00e9galit\u00e9, de loyaut\u00e9 et de transparence, de limitation des finalit\u00e9s, de minimisation des donn\u00e9es, d'exactitude des donn\u00e9es et de limitation de la dur\u00e9e de conservation. Le traitement des donn\u00e9es \u00e0 caract\u00e8re personnel n'est effectu\u00e9 que s'il existe un consentement de la personne concern\u00e9e, s'il est n\u00e9cessaire \u00e0 l'ex\u00e9cution d'un contrat auquel la personne concern\u00e9e est partie ou de mesures pr\u00e9contractuelles, s'il est n\u00e9cessaire au respect d'une obligation l\u00e9gale applicable au responsable du traitement, \u00e0 la protection des int\u00e9r\u00eats vitaux de la personne concern\u00e9e ou d'une autre personne physique, \u00e0 l'ex\u00e9cution d'une mission d'int\u00e9r\u00eat public ou relevant de l'exercice de l'autorit\u00e9 publique dont est investi le responsable du traitement, ou \u00e0 la r\u00e9alisation d'int\u00e9r\u00eats l\u00e9gitimes poursuivis par le responsable du traitement ou par un tiers. Par cons\u00e9quent, les seules donn\u00e9es \u00e0 caract\u00e8re personnel trait\u00e9es sont celles qui sont strictement et minimalement n\u00e9cessaires \u00e0 l'exercice de notre activit\u00e9, ad\u00e9quates et pertinentes pour atteindre uniquement les finalit\u00e9s dont la personne concern\u00e9e est inform\u00e9e et toujours couvertes par l'une des bases de l\u00e9gitimit\u00e9 indiqu\u00e9es. De m\u00eame, les donn\u00e9es sont trait\u00e9es uniquement et exclusivement pendant le temps n\u00e9cessaire \u00e0 la r\u00e9alisation de l'activit\u00e9 pour laquelle elles ont \u00e9t\u00e9 collect\u00e9es, \u00e9tant annul\u00e9es (conserv\u00e9es, mais sans acc\u00e8s aux donn\u00e9es) pendant les d\u00e9lais de prescription au cours desquels toute action peut \u00eatre entreprise pour des obligations l\u00e9gales d\u00e9coulant du traitement effectu\u00e9 ou de la relation avec l'int\u00e9ress\u00e9, \u00e9tant effac\u00e9es (d\u00e9finitivement effac\u00e9es) apr\u00e8s l'expiration de ces d\u00e9lais.<\/p>\n\n\n\n<p><strong>\u00c9laboration de la politique de protection de la vie priv\u00e9e<\/strong><\/p>\n\n\n\n<p>Cette politique de confidentialit\u00e9 est d\u00e9velopp\u00e9e par les proc\u00e9dures sp\u00e9cifiques \u00e0 chaque domaine d'action qui d\u00e9limitent les objectifs sp\u00e9cifiques \u00e0 atteindre, lesquels seront rendus effectifs par les mesures organisationnelles et techniques appropri\u00e9es qui sont configur\u00e9es. Les proc\u00e9dures garantiront un traitement licite, appropri\u00e9, transparent et inform\u00e9, \u00e9tabliront un contr\u00f4le d'acc\u00e8s ad\u00e9quat, garantiront la confidentialit\u00e9, d\u00e9tailleront les cas de transfert ou de communication des donn\u00e9es et pr\u00e9ciseront quand l'annulation et la suppression des donn\u00e9es seront effectu\u00e9es.&nbsp;<\/p>\n\n\n\n<p><strong>Personnel en charge du contr\u00f4leur<\/strong><\/p>\n\n\n\n<p>Il est garanti que toute personne ayant acc\u00e8s aux donn\u00e9es personnelles faisant l'objet d'un traitement suit les instructions n\u00e9cessaires pour se conformer aux dispositions des mesures techniques et organisationnelles mises en \u0153uvre pour le traitement correct et ad\u00e9quat des donn\u00e9es personnelles, et que les activit\u00e9s de formation et de sensibilisation appropri\u00e9es sont men\u00e9es pour l'application correcte de ces mesures, en informant ces utilisateurs de la responsabilit\u00e9 qui peut \u00eatre exig\u00e9e d'eux dans le cas hypoth\u00e9tique d'\u00e9ventuels manquements. Des proc\u00e9dures sont \u00e9galement d\u00e9finies pour le personnel qui n'est pas directement li\u00e9 au traitement des donn\u00e9es \u00e0 caract\u00e8re personnel, ce qui donnera lieu \u00e0 des instructions sp\u00e9cifiques visant \u00e0 garantir l'interdiction d'acc\u00e8s aux syst\u00e8mes et aux informations.<\/p>\n\n\n\n<p><strong>Transfert ou communication de donn\u00e9es \u00e0 caract\u00e8re personnel<\/strong><\/p>\n\n\n\n<p>Les donn\u00e9es ne seront pas communiqu\u00e9es ou transf\u00e9r\u00e9es \u00e0 des tiers. Toutefois, les donn\u00e9es peuvent \u00eatre divulgu\u00e9es ou communiqu\u00e9es \u00e0 la demande de la personne concern\u00e9e ou si la loi l'exige, par exemple \u00e0 la demande des administrations publiques ou des forces et corps de s\u00e9curit\u00e9 de l'\u00c9tat.<\/p>\n\n\n\n<p><strong>Transferts internationaux&nbsp;<\/strong><\/p>\n\n\n\n<p>Aucune donn\u00e9e personnelle ne fait l'objet d'un transfert international. Toutes les informations sont trait\u00e9es et stock\u00e9es sur le territoire de l'Union europ\u00e9enne, dont l'Espagne est membre, en appliquant la r\u00e9glementation europ\u00e9enne (R\u00e8glement g\u00e9n\u00e9ral sur la protection des donn\u00e9es - RGPD) et espagnole (Loi organique sur la protection des donn\u00e9es -LOPD-).&nbsp;<\/p>\n\n\n\n<p><strong>Information et service \u00e0 la client\u00e8le<\/strong><\/p>\n\n\n\n<p>Tout traitement de donn\u00e9es \u00e0 caract\u00e8re personnel est \u00e0 tout moment transparent pour la personne concern\u00e9e. Les informations fournies sous une forme concr\u00e8te et abr\u00e9g\u00e9e par l'interm\u00e9diaire des formulaires de demande d'information correspondants sont accessibles au public. <strong>clauses d'information<\/strong>La personne concern\u00e9e est inform\u00e9e de l'identit\u00e9 du responsable du traitement, des finalit\u00e9s du traitement des donn\u00e9es \u00e0 caract\u00e8re personnel, d'une r\u00e9f\u00e9rence de base pour l'exercice de ses droits et, le cas \u00e9ch\u00e9ant, de l'existence d'un profil, ainsi que du droit de s'opposer \u00e0 l'adoption de d\u00e9cisions individuelles automatis\u00e9es produisant des effets juridiques ou l'affectant de mani\u00e8re significative. Les personnes concern\u00e9es seront \u00e9galement inform\u00e9es de toutes les questions relatives \u00e0 leurs droits en mati\u00e8re de protection des donn\u00e9es (acc\u00e8s, rectification, suppression, opposition, limitation et portabilit\u00e9), et les demandes et l'exercice des droits qu'elles pourraient formuler seront trait\u00e9s en temps et en forme, un canal de communication direct, fiable et s\u00fbr \u00e9tant \u00e9tabli \u00e0 cet effet avec elles par courrier \u00e9lectronique \u00e0 l'adresse suivante : contacto@vivecordobatrip.com.<\/p>\n\n\n\n<p><strong>Confidentialit\u00e9 et obligation de secret<\/strong><\/p>\n\n\n\n<p>Le responsable du traitement et l'ensemble du personnel qui lui est subordonn\u00e9 pr\u00e9servent le secret de toutes les donn\u00e9es \u00e0 caract\u00e8re personnel trait\u00e9es, pendant et apr\u00e8s le traitement de l'information, en garantissant la confidentialit\u00e9 de ces donn\u00e9es et en emp\u00eachant tout tiers ou utilisateur non autoris\u00e9 d'acc\u00e9der \u00e0 ces informations. L'ensemble du personnel relevant du responsable du traitement a \u00e9t\u00e9 inform\u00e9 des cons\u00e9quences du non-respect de ces obligations et a re\u00e7u une formation et une sensibilisation \u00e0 cet \u00e9gard.<\/p>","protected":false},"excerpt":{"rendered":"<p>Versi\u00f3n&nbsp; 1.00 Actualizada a fecha Septiembre 2024 Previo Esta pol\u00edtica de privacidad define todos los principios b\u00e1sicos de la aplicaci\u00f3n de la normativa de protecci\u00f3n de datos personales a la actividad que realiza el responsable del tratamiento, y se desarrolla con todos los procedimientos necesarios que se definan por el mismo. El objetivo es salvaguardar [&hellip;]<\/p>\n","protected":false},"author":1,"featured_media":0,"parent":0,"menu_order":0,"comment_status":"closed","ping_status":"open","template":"","meta":{"footnotes":""},"class_list":["post-3","page","type-page","status-publish","hentry"],"acf":[],"_links":{"self":[{"href":"https:\/\/vivecordobatrip.com\/fr\/wp-json\/wp\/v2\/pages\/3","targetHints":{"allow":["GET"]}}],"collection":[{"href":"https:\/\/vivecordobatrip.com\/fr\/wp-json\/wp\/v2\/pages"}],"about":[{"href":"https:\/\/vivecordobatrip.com\/fr\/wp-json\/wp\/v2\/types\/page"}],"author":[{"embeddable":true,"href":"https:\/\/vivecordobatrip.com\/fr\/wp-json\/wp\/v2\/users\/1"}],"replies":[{"embeddable":true,"href":"https:\/\/vivecordobatrip.com\/fr\/wp-json\/wp\/v2\/comments?post=3"}],"version-history":[{"count":1,"href":"https:\/\/vivecordobatrip.com\/fr\/wp-json\/wp\/v2\/pages\/3\/revisions"}],"predecessor-version":[{"id":2929,"href":"https:\/\/vivecordobatrip.com\/fr\/wp-json\/wp\/v2\/pages\/3\/revisions\/2929"}],"wp:attachment":[{"href":"https:\/\/vivecordobatrip.com\/fr\/wp-json\/wp\/v2\/media?parent=3"}],"curies":[{"name":"wp","href":"https:\/\/api.w.org\/{rel}","templated":true}]}}