{"id":4331,"date":"2025-11-12T21:04:16","date_gmt":"2025-11-12T20:04:16","guid":{"rendered":"https:\/\/vivecordobatrip.com\/?page_id=4331"},"modified":"2025-11-12T21:05:46","modified_gmt":"2025-11-12T20:05:46","slug":"politica-de-calidad","status":"publish","type":"page","link":"https:\/\/vivecordobatrip.com\/fr\/politica-de-calidad\/","title":{"rendered":"Politique de qualit\u00e9"},"content":{"rendered":"<div data-elementor-type=\"wp-page\" data-elementor-id=\"4331\" class=\"elementor elementor-4331\" data-elementor-post-type=\"page\">\n\t\t\t\t<div class=\"elementor-element elementor-element-877ea94 e-flex e-con-boxed e-con e-parent\" data-id=\"877ea94\" data-element_type=\"container\" data-e-type=\"container\">\n\t\t\t\t\t<div class=\"e-con-inner\">\n\t\t\t\t<div class=\"elementor-element elementor-element-150a2ce elementor-widget elementor-widget-text-editor\" data-id=\"150a2ce\" data-element_type=\"widget\" data-e-type=\"widget\" data-widget_type=\"text-editor.default\">\n\t\t\t\t\t\t\t\t\t<figure class=\"wp-block-table\"><\/figure><p><b>Voyage Vive Cordoue<\/b>, conscient de la n\u00e9cessit\u00e9 d'assurer la qualit\u00e9 de ses installations, a entrepris la mise en place d'un syst\u00e8me de qualit\u00e9 bas\u00e9 sur des normes de qualit\u00e9 (<b>UNE 189001:2011 Services d'interm\u00e9diation touristique<\/b>) qui garantit la fourniture d'un service optimal, diff\u00e9renci\u00e9, satisfaisant et en constante am\u00e9lioration. \u00c0 cette fin, l'organisation prend les engagements suivants.<\/p><p>Tout d'abord, en ce qui concerne la prestation du service, elle s'engage \u00e0 conna\u00eetre et \u00e0 satisfaire les besoins des clients et \u00e0 offrir ainsi un service coh\u00e9rent, homog\u00e8ne et agr\u00e9able. En outre, la direction s'efforcera de faire en sorte que le personnel impliqu\u00e9 dans la prestation du service soit conscient de l'importance d'une gestion ad\u00e9quate de la qualit\u00e9 et de l'environnement en introduisant des principes de durabilit\u00e9, de responsabilit\u00e9 sociale et de bonnes pratiques dans ses actions.<span class=\"Apple-converted-space\">\u00a0<\/span><\/p><p>Deuxi\u00e8mement, l'agence de voyage s'engage \u00e0 promouvoir l'innovation et la modernisation de ses services dans le but de mettre en place une gestion efficace, accessible et optimale, adapt\u00e9e aux besoins exig\u00e9s par les visiteurs, y compris ceux ayant un handicap physique ou intellectuel.<span class=\"Apple-converted-space\">\u00a0<\/span><\/p><p>Enfin, nous reconnaissons l'importance d'impliquer notre personnel dans tout cela et nous nous engageons \u00e0 encourager la contribution de nos employ\u00e9s \u00e0 la prise de d\u00e9cision, ainsi qu'\u00e0 toutes les actions du processus de production, dans un souci d'am\u00e9lioration et de perfectionnement continus.<span class=\"Apple-converted-space\">\u00a0<\/span><\/p><p>En r\u00e9sum\u00e9, gr\u00e2ce \u00e0 l'application correcte de cette politique de qualit\u00e9 et \u00e0 l'engagement de tous les membres de l'\u00e9quipe, nous obtiendrons un service ad\u00e9quat qui garantira la satisfaction de nos visiteurs de mani\u00e8re efficace. <span class=\"Apple-converted-space\">\u00a0<\/span><\/p><p>En cons\u00e9quence, cette politique de qualit\u00e9 sera \u00e9labor\u00e9e et r\u00e9vis\u00e9e chaque ann\u00e9e par la direction, qui veillera \u00e0 ce qu'elle soit respect\u00e9e et comprise par tous les employ\u00e9s, ainsi qu'\u00e0 ce qu'elle soit diffus\u00e9e \u00e0 toute personne\/entit\u00e9 li\u00e9e \u00e0 l'organisation et \u00e0 ce que l'ensemble de la politique soit compris et mis en \u0153uvre sans exception.<span class=\"Apple-converted-space\">\u00a0<\/span><\/p><p>Sign\u00e9<span class=\"Apple-converted-space\">\u00a0<\/span><\/p><p>Adresse,<\/p><p>Mar\u00eda Jos\u00e9 Romo Bravo.<span class=\"Apple-converted-space\">\u00a0<\/span><\/p><ul><li style=\"list-style-type: none;\"><ul><li style=\"list-style-type: none;\"><ul><li>\u00a0<\/li><\/ul><\/li><\/ul><\/li><\/ul><p><!-- \/wp:paragraph --><\/p>\t\t\t\t\t\t\t\t<\/div>\n\t\t\t\t\t<\/div>\n\t\t\t\t<\/div>\n\t\t\t\t<\/div>","protected":false},"excerpt":{"rendered":"<p>Vive C\u00f3rdoba Trip, consciente de la necesidad de asegurar la calidad en sus instalaciones, asume la implantaci\u00f3n de un sistema de calidad basado en normas de calidad (UNE 189001:2011 Servicios Tur\u00edsticos de Intermediaci\u00f3n) que garantiza la prestaci\u00f3n de un servicio \u00f3ptimo, diferenciado, satisfactorio y en continua mejora. Para ello, la organizaci\u00f3n establece los siguientes compromisos. [&hellip;]<\/p>\n","protected":false},"author":2,"featured_media":0,"parent":0,"menu_order":0,"comment_status":"closed","ping_status":"closed","template":"","meta":{"footnotes":""},"class_list":["post-4331","page","type-page","status-publish","hentry"],"acf":[],"_links":{"self":[{"href":"https:\/\/vivecordobatrip.com\/fr\/wp-json\/wp\/v2\/pages\/4331","targetHints":{"allow":["GET"]}}],"collection":[{"href":"https:\/\/vivecordobatrip.com\/fr\/wp-json\/wp\/v2\/pages"}],"about":[{"href":"https:\/\/vivecordobatrip.com\/fr\/wp-json\/wp\/v2\/types\/page"}],"author":[{"embeddable":true,"href":"https:\/\/vivecordobatrip.com\/fr\/wp-json\/wp\/v2\/users\/2"}],"replies":[{"embeddable":true,"href":"https:\/\/vivecordobatrip.com\/fr\/wp-json\/wp\/v2\/comments?post=4331"}],"version-history":[{"count":7,"href":"https:\/\/vivecordobatrip.com\/fr\/wp-json\/wp\/v2\/pages\/4331\/revisions"}],"predecessor-version":[{"id":4341,"href":"https:\/\/vivecordobatrip.com\/fr\/wp-json\/wp\/v2\/pages\/4331\/revisions\/4341"}],"wp:attachment":[{"href":"https:\/\/vivecordobatrip.com\/fr\/wp-json\/wp\/v2\/media?parent=4331"}],"curies":[{"name":"wp","href":"https:\/\/api.w.org\/{rel}","templated":true}]}}