{"id":4370,"date":"2025-11-21T09:29:54","date_gmt":"2025-11-21T08:29:54","guid":{"rendered":"https:\/\/vivecordobatrip.com\/?page_id=4370"},"modified":"2025-11-21T09:29:57","modified_gmt":"2025-11-21T08:29:57","slug":"politica-de-sostenibilidad","status":"publish","type":"page","link":"https:\/\/vivecordobatrip.com\/fr\/politica-de-sostenibilidad\/","title":{"rendered":"Politique de d\u00e9veloppement durable"},"content":{"rendered":"<p>Vive C\u00f3rdoba Trip est fermement engag\u00e9 dans l'am\u00e9lioration continue et l'Agenda 2030, les 17 Objectifs de d\u00e9veloppement durable (ODD) et leurs 169 cibles, contribuant ainsi au d\u00e9veloppement durable et maximisant les impacts positifs que notre organisation g\u00e9n\u00e8re sur la soci\u00e9t\u00e9, l'\u00e9conomie et l'environnement naturel.  Notre principal objectif est de r\u00e9pondre aux besoins de nos parties prenantes \u00e0 tous les niveaux, de mani\u00e8re efficace, sans compromettre les besoins des g\u00e9n\u00e9rations futures et le reste de l'environnement entourant l'organisation, ainsi que d'am\u00e9liorer la qualit\u00e9 de l'information avec une plus grande vari\u00e9t\u00e9 et une plus grande \u00e9tendue d'informations.<\/p>\n\n\n\n<p>Pour r\u00e9aliser cet engagement, nous avons d\u00e9fini et approuv\u00e9 une politique de qualit\u00e9 et de durabilit\u00e9 qui est r\u00e9guli\u00e8rement r\u00e9vis\u00e9e. Nous disposons de nombreux canaux de communication disponibles et accessibles pour informer, engager et maintenir cette politique de mani\u00e8re continue avec toutes les parties prenantes de l'organisation, y compris notre personnel qui est \u00e9galement responsable du respect de tous les principes, valeurs et engagements en mati\u00e8re de d\u00e9veloppement durable \u00e9nonc\u00e9s ci-dessous :<\/p>\n\n\n\n<ol class=\"wp-block-list\">\n<li><strong>Durabilit\u00e9 :<\/strong> \u00e9tablir la durabilit\u00e9 comme base fondamentale de nos actions, alignant ainsi notre strat\u00e9gie sur la r\u00e9alisation des ODD et de l'Agenda 2030 approuv\u00e9 par les Nations unies en 2015.<\/li>\n\n\n\n<li><strong>\u00c9thique et responsabilit\u00e9 :<\/strong> se comporter de mani\u00e8re \u00e9thique et responsable afin d'assurer l'efficacit\u00e9 de nos activit\u00e9s sans compromettre l'environnement qui nous entoure et de garantir un environnement de travail \u00e9quitable et digne.<\/li>\n\n\n\n<li><strong>Transparence : <\/strong>\u00e9tablir une communication transparente avec nos parties prenantes, en veillant \u00e0 ce que leurs attentes et leurs besoins soient satisfaits \u00e0 tout moment.\u00a0<\/li>\n\n\n\n<li><strong>Am\u00e9lioration continue :<\/strong>\u00a0 contr\u00f4ler en permanence nos performances par rapport \u00e0 notre contribution aux ODD et aux exigences de la norme de qualit\u00e9 et, le cas \u00e9ch\u00e9ant, mettre en \u0153uvre des actions correctives pour continuer \u00e0 nous am\u00e9liorer d'ann\u00e9e en ann\u00e9e.<\/li>\n<\/ol>\n\n\n\n<p>Sign\u00e9<\/p>\n\n\n\n<p>L'adresse<\/p>\n\n\n\n<p>Mar\u00eda Jos\u00e9 Romo Bravo<\/p>","protected":false},"excerpt":{"rendered":"<p>Vive C\u00f3rdoba Trip se compromete firmemente con la mejora continua y la Agenda 2030, los 17 Objetivos para el Desarrollo Sostenible (ODS) y sus 169 metas contribuyendo as\u00ed al desarrollo sostenible y maximizando los impactos positivos que nuestra organizaci\u00f3n genera en la sociedad, econom\u00eda y entorno natural.&nbsp; Nuestro objetivo principal es satisfacer las necesidades de [&hellip;]<\/p>\n","protected":false},"author":2,"featured_media":0,"parent":0,"menu_order":0,"comment_status":"closed","ping_status":"closed","template":"","meta":{"footnotes":""},"class_list":["post-4370","page","type-page","status-publish","hentry"],"acf":[],"_links":{"self":[{"href":"https:\/\/vivecordobatrip.com\/fr\/wp-json\/wp\/v2\/pages\/4370","targetHints":{"allow":["GET"]}}],"collection":[{"href":"https:\/\/vivecordobatrip.com\/fr\/wp-json\/wp\/v2\/pages"}],"about":[{"href":"https:\/\/vivecordobatrip.com\/fr\/wp-json\/wp\/v2\/types\/page"}],"author":[{"embeddable":true,"href":"https:\/\/vivecordobatrip.com\/fr\/wp-json\/wp\/v2\/users\/2"}],"replies":[{"embeddable":true,"href":"https:\/\/vivecordobatrip.com\/fr\/wp-json\/wp\/v2\/comments?post=4370"}],"version-history":[{"count":1,"href":"https:\/\/vivecordobatrip.com\/fr\/wp-json\/wp\/v2\/pages\/4370\/revisions"}],"predecessor-version":[{"id":4371,"href":"https:\/\/vivecordobatrip.com\/fr\/wp-json\/wp\/v2\/pages\/4370\/revisions\/4371"}],"wp:attachment":[{"href":"https:\/\/vivecordobatrip.com\/fr\/wp-json\/wp\/v2\/media?parent=4370"}],"curies":[{"name":"wp","href":"https:\/\/api.w.org\/{rel}","templated":true}]}}