{"id":2477,"date":"2024-09-25T19:29:33","date_gmt":"2024-09-25T17:29:33","guid":{"rendered":"https:\/\/vivecordobatrip.com\/?post_type=product&#038;p=2477"},"modified":"2026-04-06T13:42:18","modified_gmt":"2026-04-06T11:42:18","slug":"castillo-de-almodovar","status":"publish","type":"product","link":"https:\/\/vivecordobatrip.com\/fr\/producto\/castillo-de-almodovar\/","title":{"rendered":"Ch\u00e2teau d'Almodovar"},"content":{"rendered":"<p data-start=\"799\" data-end=\"1015\">Le <strong data-start=\"802\" data-end=\"835\">Ch\u00e2teau d'Almod\u00f3var del R\u00edo<\/strong> est l'une des forteresses les plus spectaculaires de la province de Cordoue et une visite essentielle si vous souhaitez un plan diff\u00e9rent, plein d'histoire, de vues et d'atmosph\u00e8re m\u00e9di\u00e9vale.<\/p>\n<p data-start=\"1017\" data-end=\"1441\">Son origine est <strong data-start=\"1030\" data-end=\"1042\">andalus\u00ed<\/strong>, Le ch\u00e2teau a \u00e9t\u00e9 construit aux alentours du VIIIe si\u00e8cle et, au fil des si\u00e8cles, il a connu plusieurs phases de r\u00e9novation et de reconstruction, devenant ainsi un \u00e9l\u00e9ment cl\u00e9 de l'histoire de la r\u00e9gion. Aujourd'hui, c'est un ch\u00e2teau restaur\u00e9 que l'on peut visiter, id\u00e9al pour parcourir les tours, les murs et les salles qui vous donneront l'impression d'\u00eatre \u00e0 l'int\u00e9rieur d'une authentique forteresse m\u00e9di\u00e9vale.<\/p>\n<p data-start=\"1443\" data-end=\"1700\">La visite du ch\u00e2teau d'Almod\u00f3var est id\u00e9ale pour les amateurs de patrimoine et pour ceux qui souhaitent s'\u00e9vader de la ville de Cordoue. Un lieu plein de caract\u00e8re, avec une histoire fascinante et des endroits parfaits pour admirer le paysage d'en haut.<\/p>\n<p data-start=\"1702\" data-end=\"1862\">Si vous souhaitez visiter l'un des ch\u00e2teaux les plus c\u00e9l\u00e8bres d'Andalousie et vivre l'exp\u00e9rience d'une promenade dans une forteresse riche de plusieurs si\u00e8cles d'histoire, c'est ici qu'il faut aller.<\/p>","protected":false},"excerpt":{"rendered":"<p>D\u00e9couvrez le ch\u00e2teau d'Almodovar, l'une des forteresses les plus impressionnantes de Cordoue, avec plus de treize si\u00e8cles d'histoire et une origine arabe qui vous transportera dans une autre \u00e9poque.<\/p>","protected":false},"author":2,"featured_media":2538,"comment_status":"open","ping_status":"closed","template":"","meta":[],"product_brand":[],"product_cat":[77,79,86,93,87,92],"product_tag":[],"class_list":{"0":"post-2477","1":"product","2":"type-product","3":"status-publish","4":"has-post-thumbnail","6":"product_cat-externo","7":"product_cat-actividades-en-cordoba","8":"product_cat-con-calendario","9":"product_cat-monumentos","10":"product_cat-visitas","11":"product_cat-top-6-experiencias","13":"first","14":"instock","15":"taxable","16":"shipping-taxable","17":"purchasable","18":"product-type-variable"},"acf":[],"_links":{"self":[{"href":"https:\/\/vivecordobatrip.com\/fr\/wp-json\/wp\/v2\/product\/2477","targetHints":{"allow":["GET"]}}],"collection":[{"href":"https:\/\/vivecordobatrip.com\/fr\/wp-json\/wp\/v2\/product"}],"about":[{"href":"https:\/\/vivecordobatrip.com\/fr\/wp-json\/wp\/v2\/types\/product"}],"author":[{"embeddable":true,"href":"https:\/\/vivecordobatrip.com\/fr\/wp-json\/wp\/v2\/users\/2"}],"replies":[{"embeddable":true,"href":"https:\/\/vivecordobatrip.com\/fr\/wp-json\/wp\/v2\/comments?post=2477"}],"version-history":[{"count":9,"href":"https:\/\/vivecordobatrip.com\/fr\/wp-json\/wp\/v2\/product\/2477\/revisions"}],"predecessor-version":[{"id":4412,"href":"https:\/\/vivecordobatrip.com\/fr\/wp-json\/wp\/v2\/product\/2477\/revisions\/4412"}],"wp:featuredmedia":[{"embeddable":true,"href":"https:\/\/vivecordobatrip.com\/fr\/wp-json\/wp\/v2\/media\/2538"}],"wp:attachment":[{"href":"https:\/\/vivecordobatrip.com\/fr\/wp-json\/wp\/v2\/media?parent=2477"}],"wp:term":[{"taxonomy":"product_brand","embeddable":true,"href":"https:\/\/vivecordobatrip.com\/fr\/wp-json\/wp\/v2\/product_brand?post=2477"},{"taxonomy":"product_cat","embeddable":true,"href":"https:\/\/vivecordobatrip.com\/fr\/wp-json\/wp\/v2\/product_cat?post=2477"},{"taxonomy":"product_tag","embeddable":true,"href":"https:\/\/vivecordobatrip.com\/fr\/wp-json\/wp\/v2\/product_tag?post=2477"}],"curies":[{"name":"wp","href":"https:\/\/api.w.org\/{rel}","templated":true}]}}