{"id":2726,"date":"2024-10-08T19:34:25","date_gmt":"2024-10-08T17:34:25","guid":{"rendered":"https:\/\/vivecordobatrip.com\/?post_type=product&#038;p=2726"},"modified":"2026-05-04T11:14:35","modified_gmt":"2026-05-04T09:14:35","slug":"caballerizas-reales","status":"publish","type":"product","link":"https:\/\/vivecordobatrip.com\/fr\/producto\/caballerizas-reales\/","title":{"rendered":"Les \u00e9curies royales"},"content":{"rendered":"<p data-start=\"607\" data-end=\"792\">Le <strong data-start=\"611\" data-end=\"645\">\u00c9curies royales de Cordoue<\/strong> offrent une exp\u00e9rience unique pour appr\u00e9cier la tradition \u00e9questre de la ville \u00e0 travers un spectacle plein d'\u00e9motion, de technique et de beaut\u00e9.<\/p>\n<p data-start=\"794\" data-end=\"1205\">Pour environ <strong data-start=\"818\" data-end=\"832\">70 minutes<\/strong>, le spectacle combine une fusion impeccable de <strong data-start=\"874\" data-end=\"918\">l'\u00e9quitation classique et l'\u00e9quitation andalouse<\/strong>, avec des num\u00e9ros qui se distinguent par leur pr\u00e9cision et leur \u00e9l\u00e9gance. Tout au long du spectacle, vous pourrez voir diff\u00e9rentes disciplines et diff\u00e9rents styles, tels que <strong data-start=\"1056\" data-end=\"1153\">travaux manuels, dressage de cow-boy, \u00e9cole secondaire, exercices d'\u00e9quitation et de perche.<\/strong>, entre autres.<\/p>\n<p data-start=\"1207\" data-end=\"1506\">L'ensemble du spectacle est con\u00e7u pour permettre au public de vivre en direct la passion des chevaux et la valeur culturelle de la tradition \u00e9questre cordouane, dans un cadre qui fait de la visite un moment privil\u00e9gi\u00e9, que l'on vienne en couple, en famille ou entre amis.<\/p>\n<p>&nbsp;<\/p>","protected":false},"excerpt":{"rendered":"<p>D\u00e9couvrez un spectacle \u00e9questre de 70 minutes \u00e0 Cordoue, o\u00f9 l'\u00e9quitation classique et andalouse rencontre l'art et l'\u00e9motion dans un spectacle plein de tradition.<\/p>\n<div class=\"elementor-element elementor-element e-con-full e-flex e-con e-child\" data-element_type=\"container\" data-settings=\"{&quot;content_width&quot;:&quot;full&quot;}\">\n<div class=\"elementor-element elementor-element elementor-mobile-align-center elementor-widget elementor-widget-button\"  data-element_type=\"widget\" data-widget_type=\"button.default\">\n<div class=\"elementor-widget-container\">\n<div class=\"elementor-button-wrapper\"><a target=\"_blank\" rel=\"nofollow\" class=\"elementor-button elementor-button-link elementor-size-sm\" style=\"cursor:pointer;\" href=\"https:\/\/cor-vivecordoba.shop.secutix.com\"><span class=\"elementor-button-content-wrapper\"><span class=\"elementor-button-text\">Service des contrats<\/span><\/span><\/a><\/div>\n<\/div>\n<\/div>\n<\/div>","protected":false},"author":2,"featured_media":4521,"comment_status":"open","ping_status":"closed","template":"","meta":[],"product_brand":[],"product_cat":[82],"product_tag":[],"class_list":{"0":"post-2726","1":"product","2":"type-product","3":"status-publish","4":"has-post-thumbnail","6":"product_cat-espectaculos","8":"first","9":"instock","10":"taxable","11":"shipping-taxable","12":"product-type-simple"},"acf":[],"_links":{"self":[{"href":"https:\/\/vivecordobatrip.com\/fr\/wp-json\/wp\/v2\/product\/2726","targetHints":{"allow":["GET"]}}],"collection":[{"href":"https:\/\/vivecordobatrip.com\/fr\/wp-json\/wp\/v2\/product"}],"about":[{"href":"https:\/\/vivecordobatrip.com\/fr\/wp-json\/wp\/v2\/types\/product"}],"author":[{"embeddable":true,"href":"https:\/\/vivecordobatrip.com\/fr\/wp-json\/wp\/v2\/users\/2"}],"replies":[{"embeddable":true,"href":"https:\/\/vivecordobatrip.com\/fr\/wp-json\/wp\/v2\/comments?post=2726"}],"version-history":[{"count":6,"href":"https:\/\/vivecordobatrip.com\/fr\/wp-json\/wp\/v2\/product\/2726\/revisions"}],"predecessor-version":[{"id":4546,"href":"https:\/\/vivecordobatrip.com\/fr\/wp-json\/wp\/v2\/product\/2726\/revisions\/4546"}],"wp:featuredmedia":[{"embeddable":true,"href":"https:\/\/vivecordobatrip.com\/fr\/wp-json\/wp\/v2\/media\/4521"}],"wp:attachment":[{"href":"https:\/\/vivecordobatrip.com\/fr\/wp-json\/wp\/v2\/media?parent=2726"}],"wp:term":[{"taxonomy":"product_brand","embeddable":true,"href":"https:\/\/vivecordobatrip.com\/fr\/wp-json\/wp\/v2\/product_brand?post=2726"},{"taxonomy":"product_cat","embeddable":true,"href":"https:\/\/vivecordobatrip.com\/fr\/wp-json\/wp\/v2\/product_cat?post=2726"},{"taxonomy":"product_tag","embeddable":true,"href":"https:\/\/vivecordobatrip.com\/fr\/wp-json\/wp\/v2\/product_tag?post=2726"}],"curies":[{"name":"wp","href":"https:\/\/api.w.org\/{rel}","templated":true}]}}