{"id":2818,"date":"2024-10-10T11:35:06","date_gmt":"2024-10-10T09:35:06","guid":{"rendered":"https:\/\/vivecordobatrip.com\/?post_type=product&#038;p=2818"},"modified":"2026-03-27T11:31:32","modified_gmt":"2026-03-27T10:31:32","slug":"bodegas-alvear","status":"publish","type":"product","link":"https:\/\/vivecordobatrip.com\/fr\/producto\/bodegas-alvear\/","title":{"rendered":"Domaine viticole d'Alvear"},"content":{"rendered":"<p data-start=\"421\" data-end=\"675\">Le <strong data-start=\"425\" data-end=\"443\">Domaine viticole d'Alvear<\/strong>, \u00e0 Montilla (Cordoue), sont l'une des r\u00e9f\u00e9rences majeures de l'histoire de l'humanit\u00e9. <strong data-start=\"509\" data-end=\"534\">D.O. Montilla-Moriles<\/strong> et une visite indispensable si vous voulez conna\u00eetre la culture du vin de l'int\u00e9rieur, dans un cadre qui a de la tradition, de l'histoire et beaucoup de saveur.<\/p>\n<p data-start=\"677\" data-end=\"1047\">Au cours de la visite, vous d\u00e9couvrirez comment sont \u00e9labor\u00e9s les vins les plus caract\u00e9ristiques de la r\u00e9gion, vous apprendrez le processus de vieillissement et de maturation, et vous visiterez des zones o\u00f9 le temps et la patience font partie du travail quotidien. Il s'agit d'une exp\u00e9rience hautement recommand\u00e9e, que vous soyez amateur de vin ou que vous souhaitiez simplement faire quelque chose de diff\u00e9rent dans la province de Cordoue.<\/p>\n<p data-start=\"1049\" data-end=\"1162\">\u00c0 la fin de la visite, vous profiterez d'une <strong data-start=\"1092\" data-end=\"1107\">d\u00e9gustation guid\u00e9e<\/strong>, et vous pourrez r\u00e9server l'option qui vous convient le mieux :<\/p>\n<ul>\n<li data-start=\"1169\" data-end=\"1201\">\n<h3 data-start=\"1482\" data-end=\"1514\"><strong>Visite avec d\u00e9gustation de 3 vins<\/strong><\/h3>\n<\/li>\n<\/ul>\n<p data-start=\"1202\" data-end=\"1296\">Une option parfaite pour avoir un premier contact avec les vins de Montilla-Moriles :<\/p>\n<ul data-start=\"1298\" data-end=\"1475\">\n<li data-start=\"1298\" data-end=\"1348\">\n<p data-start=\"1300\" data-end=\"1348\"><strong data-start=\"1300\" data-end=\"1318\">Festival de la jeunesse<\/strong> <em data-start=\"1319\" data-end=\"1346\">(blanc sec sans vieillissement)<\/em><\/p>\n<\/li>\n<li data-start=\"1349\" data-end=\"1419\">\n<p data-start=\"1351\" data-end=\"1419\"><strong data-start=\"1351\" data-end=\"1362\">Fine CB<\/strong> <em data-start=\"1363\" data-end=\"1417\">(blanc sec avec vieillissement et vieillissement biologique)<\/em><\/p>\n<\/li>\n<li data-start=\"1420\" data-end=\"1475\">\n<p data-start=\"1422\" data-end=\"1475\"><strong data-start=\"1422\" data-end=\"1444\">Pedro Xim\u00e9nez 1927<\/strong> <em data-start=\"1445\" data-end=\"1473\">(douce vieillie dans la botte)<\/em><\/p>\n<\/li>\n<\/ul>\n<p>&nbsp;<\/p>\n<ul data-start=\"1298\" data-end=\"1475\">\n<li data-start=\"1420\" data-end=\"1475\">\n<h3 data-start=\"1482\" data-end=\"1514\"><strong>Visite avec d\u00e9gustation de 5 vins<\/strong><\/h3>\n<p data-start=\"1515\" data-end=\"1589\">Si vous souhaitez une exp\u00e9rience plus compl\u00e8te, vous avez le choix entre deux options :<\/p>\n<p data-start=\"1591\" data-end=\"1625\"><strong>Option 1 : Nouveaut\u00e9s Alvear<\/strong><\/p>\n<ul data-start=\"1626\" data-end=\"1956\">\n<li data-start=\"1626\" data-end=\"1676\">\n<p data-start=\"1628\" data-end=\"1676\"><strong data-start=\"1628\" data-end=\"1646\">Festival de la jeunesse<\/strong> <em data-start=\"1647\" data-end=\"1674\">(blanc sec sans vieillissement)<\/em><\/p>\n<\/li>\n<li data-start=\"1677\" data-end=\"1760\">\n<p data-start=\"1679\" data-end=\"1760\"><strong data-start=\"1679\" data-end=\"1703\">3 vues de parcelles<\/strong> <em data-start=\"1704\" data-end=\"1758\">(blanc sec avec vieillissement, ferment\u00e9 en f\u00fbt)<\/em><\/p>\n<\/li>\n<li data-start=\"1761\" data-end=\"1831\">\n<p data-start=\"1763\" data-end=\"1831\"><strong data-start=\"1763\" data-end=\"1774\">Fine CB<\/strong> <em data-start=\"1775\" data-end=\"1829\">(blanc sec avec vieillissement et vieillissement biologique)<\/em><\/p>\n<\/li>\n<li data-start=\"1832\" data-end=\"1900\">\n<p data-start=\"1834\" data-end=\"1900\"><strong data-start=\"1834\" data-end=\"1858\">Vermouth traditionnel<\/strong> <em data-start=\"1859\" data-end=\"1898\">(vin de cr\u00e8me aux extraits aromatiques)<\/em><\/p>\n<\/li>\n<li data-start=\"1901\" data-end=\"1956\">\n<p data-start=\"1903\" data-end=\"1956\"><strong data-start=\"1903\" data-end=\"1925\">Pedro Xim\u00e9nez 1927<\/strong> <em data-start=\"1926\" data-end=\"1954\">(douce vieillie dans la botte)<\/em><\/p>\n<\/li>\n<\/ul>\n<p data-start=\"1958\" data-end=\"1992\"><strong>Option n\u00ba2 : Generosos Alvear<\/strong><\/p>\n<ul data-start=\"1993\" data-end=\"2257\">\n<li data-start=\"1993\" data-end=\"2043\">\n<p data-start=\"1995\" data-end=\"2043\"><strong data-start=\"1995\" data-end=\"2013\">Festival de la jeunesse<\/strong> <em data-start=\"2014\" data-end=\"2041\">(blanc sec sans vieillissement)<\/em><\/p>\n<\/li>\n<li data-start=\"2044\" data-end=\"2114\">\n<p data-start=\"2046\" data-end=\"2114\"><strong data-start=\"2046\" data-end=\"2057\">Fine CB<\/strong> <em data-start=\"2058\" data-end=\"2112\">(blanc sec avec vieillissement et vieillissement biologique)<\/em><\/p>\n<\/li>\n<li data-start=\"2115\" data-end=\"2159\">\n<p data-start=\"2117\" data-end=\"2159\"><strong data-start=\"2117\" data-end=\"2137\">Palo Cortado n\u00ba7<\/strong> <em data-start=\"2138\" data-end=\"2157\">(\u00e9ducation 20 ans)<\/em><\/p>\n<\/li>\n<li data-start=\"2160\" data-end=\"2201\">\n<p data-start=\"2162\" data-end=\"2201\"><strong data-start=\"2162\" data-end=\"2179\">Oloroso Cat\u00f3n<\/strong> <em data-start=\"2180\" data-end=\"2199\">(\u00e9ducation 20 ans)<\/em><\/p>\n<\/li>\n<li data-start=\"2202\" data-end=\"2257\">\n<p data-start=\"2204\" data-end=\"2257\"><strong data-start=\"2204\" data-end=\"2226\">Pedro Xim\u00e9nez 1927<\/strong> <em data-start=\"2227\" data-end=\"2255\">(douce vieillie dans la botte)<\/em><\/p>\n<\/li>\n<\/ul>\n<\/li>\n<\/ul>\n<p>Une visite id\u00e9ale \u00e0 faire en couple, entre amis ou m\u00eame pour une escapade gastronomique, en d\u00e9couvrant l'essence du vin de Cordoue de mani\u00e8re authentique.<\/p>","protected":false},"excerpt":{"rendered":"<p>Visitez les Bodegas Alvear \u00e0 Montilla et d\u00e9couvrez l'une des caves les plus embl\u00e9matiques de l'appellation d'origine contr\u00f4l\u00e9e Montilla-Moriles, avec sa tradition, son histoire et ses vins \u00e0 l'identit\u00e9 propre.<\/p>\n<table width=\"773\">\n<tbody>\n<tr>\n<td colspan=\"2\" width=\"773\">\n<div class=\"elementor-element elementor-element e-con-full e-flex e-con e-child\" data-element_type=\"container\" data-settings=\"{&quot;content_width&quot;:&quot;full&quot;}\">\n<div class=\"elementor-element elementor-element elementor-mobile-align-center elementor-widget elementor-widget-button\"  data-element_type=\"widget\" data-widget_type=\"button.default\">\n<div class=\"elementor-widget-container\">\n<div class=\"elementor-button-wrapper\"><a target=\"_blank\" rel=\"nofollow\" class=\"elementor-button elementor-button-link elementor-size-sm\" style=\"cursor:pointer;\" href=\"https:\/\/mrplan.io\/dst\/MK-85332\"><span class=\"elementor-button-content-wrapper\"><span class=\"elementor-button-text\">CONTRAT SUR LE SITE OFFICIEL<\/span><\/span><\/a><\/div>\n<\/div>\n<\/div>\n<\/div>\n<\/td>\n<\/tr>\n<\/tbody>\n<\/table>","protected":false},"author":2,"featured_media":1655,"comment_status":"open","ping_status":"closed","template":"","meta":[],"product_brand":[],"product_cat":[89],"product_tag":[],"class_list":{"0":"post-2818","1":"product","2":"type-product","3":"status-publish","4":"has-post-thumbnail","6":"product_cat-catas","8":"first","9":"instock","10":"taxable","11":"shipping-taxable","12":"product-type-simple"},"acf":[],"_links":{"self":[{"href":"https:\/\/vivecordobatrip.com\/fr\/wp-json\/wp\/v2\/product\/2818","targetHints":{"allow":["GET"]}}],"collection":[{"href":"https:\/\/vivecordobatrip.com\/fr\/wp-json\/wp\/v2\/product"}],"about":[{"href":"https:\/\/vivecordobatrip.com\/fr\/wp-json\/wp\/v2\/types\/product"}],"author":[{"embeddable":true,"href":"https:\/\/vivecordobatrip.com\/fr\/wp-json\/wp\/v2\/users\/2"}],"replies":[{"embeddable":true,"href":"https:\/\/vivecordobatrip.com\/fr\/wp-json\/wp\/v2\/comments?post=2818"}],"version-history":[{"count":10,"href":"https:\/\/vivecordobatrip.com\/fr\/wp-json\/wp\/v2\/product\/2818\/revisions"}],"predecessor-version":[{"id":4520,"href":"https:\/\/vivecordobatrip.com\/fr\/wp-json\/wp\/v2\/product\/2818\/revisions\/4520"}],"wp:featuredmedia":[{"embeddable":true,"href":"https:\/\/vivecordobatrip.com\/fr\/wp-json\/wp\/v2\/media\/1655"}],"wp:attachment":[{"href":"https:\/\/vivecordobatrip.com\/fr\/wp-json\/wp\/v2\/media?parent=2818"}],"wp:term":[{"taxonomy":"product_brand","embeddable":true,"href":"https:\/\/vivecordobatrip.com\/fr\/wp-json\/wp\/v2\/product_brand?post=2818"},{"taxonomy":"product_cat","embeddable":true,"href":"https:\/\/vivecordobatrip.com\/fr\/wp-json\/wp\/v2\/product_cat?post=2818"},{"taxonomy":"product_tag","embeddable":true,"href":"https:\/\/vivecordobatrip.com\/fr\/wp-json\/wp\/v2\/product_tag?post=2818"}],"curies":[{"name":"wp","href":"https:\/\/api.w.org\/{rel}","templated":true}]}}