{"id":2972,"date":"2024-10-14T19:10:25","date_gmt":"2024-10-14T17:10:25","guid":{"rendered":"https:\/\/vivecordobatrip.com\/?post_type=product&#038;p=2972"},"modified":"2026-05-04T11:10:18","modified_gmt":"2026-05-04T09:10:18","slug":"bus-turistico","status":"publish","type":"product","link":"https:\/\/vivecordobatrip.com\/fr\/producto\/bus-turistico\/","title":{"rendered":"Bus touristique"},"content":{"rendered":"<p data-start=\"634\" data-end=\"834\">Le <strong data-start=\"637\" data-end=\"665\">bus touristique de Cordoue<\/strong> est l'un des moyens les plus pratiques et les plus confortables de conna\u00eetre la ville, surtout si vous voulez voir les sites les plus importants sans faire de longues marches ou si vous manquez de temps.<\/p>\n<p data-start=\"836\" data-end=\"1121\">Au cours de ce circuit, vous pourrez profiter d'une visite panoramique de Cordoue, en passant par les zones embl\u00e9matiques et les points cl\u00e9s du centre ville et de ses environs. C'est un plan id\u00e9al pour s'orienter le premier jour, faire une visite g\u00e9n\u00e9rale et d\u00e9cider ensuite des endroits que l'on veut visiter \u00e0 son propre rythme.<\/p>\n<p data-start=\"1123\" data-end=\"1309\">C'est aussi une option parfaite pour les familles, les personnes \u00e2g\u00e9es ou les voyageurs qui pr\u00e9f\u00e8rent se d\u00e9placer tranquillement tout en appr\u00e9ciant la ville et ses sites d'un point de vue diff\u00e9rent.<\/p>\n<p data-start=\"1311\" data-end=\"1372\">Une fa\u00e7on simple et confortable de d\u00e9couvrir Cordoue \u00e0 votre rythme.<\/p>","protected":false},"excerpt":{"rendered":"<p>D\u00e9couvrez Cordoue de mani\u00e8re confortable en bus touristique : visitez les points les plus embl\u00e9matiques de la ville sans vous fatiguer et profitez des meilleurs points de vue.<\/p>\n<p>&nbsp;<\/p>","protected":false},"author":2,"featured_media":133,"comment_status":"open","ping_status":"closed","template":"","meta":[],"product_brand":[],"product_cat":[72,86,95],"product_tag":[91,90],"class_list":{"0":"post-2972","1":"product","2":"type-product","3":"status-publish","4":"has-post-thumbnail","6":"product_cat-tours","7":"product_cat-con-calendario","8":"product_cat-movilidad","9":"product_tag-rcomendado","10":"product_tag-recomendado","12":"first","13":"instock","14":"taxable","15":"shipping-taxable","16":"purchasable","17":"product-type-variable"},"acf":[],"_links":{"self":[{"href":"https:\/\/vivecordobatrip.com\/fr\/wp-json\/wp\/v2\/product\/2972","targetHints":{"allow":["GET"]}}],"collection":[{"href":"https:\/\/vivecordobatrip.com\/fr\/wp-json\/wp\/v2\/product"}],"about":[{"href":"https:\/\/vivecordobatrip.com\/fr\/wp-json\/wp\/v2\/types\/product"}],"author":[{"embeddable":true,"href":"https:\/\/vivecordobatrip.com\/fr\/wp-json\/wp\/v2\/users\/2"}],"replies":[{"embeddable":true,"href":"https:\/\/vivecordobatrip.com\/fr\/wp-json\/wp\/v2\/comments?post=2972"}],"version-history":[{"count":11,"href":"https:\/\/vivecordobatrip.com\/fr\/wp-json\/wp\/v2\/product\/2972\/revisions"}],"predecessor-version":[{"id":4433,"href":"https:\/\/vivecordobatrip.com\/fr\/wp-json\/wp\/v2\/product\/2972\/revisions\/4433"}],"wp:featuredmedia":[{"embeddable":true,"href":"https:\/\/vivecordobatrip.com\/fr\/wp-json\/wp\/v2\/media\/133"}],"wp:attachment":[{"href":"https:\/\/vivecordobatrip.com\/fr\/wp-json\/wp\/v2\/media?parent=2972"}],"wp:term":[{"taxonomy":"product_brand","embeddable":true,"href":"https:\/\/vivecordobatrip.com\/fr\/wp-json\/wp\/v2\/product_brand?post=2972"},{"taxonomy":"product_cat","embeddable":true,"href":"https:\/\/vivecordobatrip.com\/fr\/wp-json\/wp\/v2\/product_cat?post=2972"},{"taxonomy":"product_tag","embeddable":true,"href":"https:\/\/vivecordobatrip.com\/fr\/wp-json\/wp\/v2\/product_tag?post=2972"}],"curies":[{"name":"wp","href":"https:\/\/api.w.org\/{rel}","templated":true}]}}