{"id":2987,"date":"2024-10-16T20:50:52","date_gmt":"2024-10-16T18:50:52","guid":{"rendered":"https:\/\/vivecordobatrip.com\/?post_type=product&#038;p=2987"},"modified":"2026-05-04T11:10:17","modified_gmt":"2026-05-04T09:10:17","slug":"hammam","status":"publish","type":"product","link":"https:\/\/vivecordobatrip.com\/fr\/producto\/hammam\/","title":{"rendered":"Hammam Bains arabes"},"content":{"rendered":"<h3 data-start=\"1521\" data-end=\"1575\">Hammam Al \u00c1ndalus - Bien-\u00eatre et tradition andalouse<\/h3>\n<p data-start=\"1577\" data-end=\"1821\">Inspir\u00e9 par la <strong data-start=\"1593\" data-end=\"1614\">Patrimoine andalou<\/strong> et avec plus de <strong data-start=\"1628\" data-end=\"1654\">25 ans d'exp\u00e9rience<\/strong>, Le Hammam Al \u00c1ndalus offre une exp\u00e9rience de bien-\u00eatre con\u00e7ue pour se d\u00e9connecter du rythme quotidien et se reconnecter \u00e0 soi-m\u00eame gr\u00e2ce \u00e0 l'eau, au silence et au calme.<\/p>\n<p data-start=\"1823\" data-end=\"2191\">La visite du hammam vous invite \u00e0 vous immerger dans une atmosph\u00e8re de paix et de s\u00e9r\u00e9nit\u00e9. <strong data-start=\"1876\" data-end=\"1926\">circuit d'eau froide, d'eau ti\u00e8de et d'eau chaude<\/strong>, accompagn\u00e9 d'un relaxant <strong data-start=\"1956\" data-end=\"1973\">SALLE DE VAPEUR<\/strong>, o\u00f9 la lumi\u00e8re, l'espace et l'architecture cr\u00e9ent une atmosph\u00e8re sereine et enveloppante. Chaque d\u00e9tail est soign\u00e9 pour favoriser la sensation d'\u00e9quilibre et de d\u00e9tente, selon la tradition des anciens bains arabes.<\/p>\n<p data-start=\"2193\" data-end=\"2491\">L'exp\u00e9rience peut \u00eatre compl\u00e9t\u00e9e par <strong data-start=\"2230\" data-end=\"2252\">massages et rituels<\/strong> qui combinent des techniques traditionnelles avec une approche moderne du bien-\u00eatre, favorisant la relaxation physique et mentale. Le rythme tranquille, l'absence de bruit et l'attention port\u00e9e \u00e0 l'environnement font de la visite un v\u00e9ritable moment de d\u00e9tente.<\/p>\n<p data-start=\"2493\" data-end=\"2822\">Au-del\u00e0 du bain, le Hammam Al \u00c1ndalus propose un voyage sensoriel qui renvoie \u00e0 une conception ancestrale du soin du corps et de l'esprit, o\u00f9 l'eau agit comme un \u00e9l\u00e9ment purificateur et r\u00e9g\u00e9n\u00e9rateur. Le tout dans un environnement con\u00e7u pour le bien-\u00eatre, avec des normes de qualit\u00e9 \u00e9lev\u00e9es tant pour l'eau que pour les espaces.<\/p>\n<p data-start=\"2824\" data-end=\"3045\">Visiter ce hammam \u00e0 Cordoue, c'est s'offrir un moment de d\u00e9tente. <strong data-start=\"2882\" data-end=\"2927\">la d\u00e9connexion, la s\u00e9r\u00e9nit\u00e9 et le soin de soi<\/strong>, Les bains sont situ\u00e9s dans un espace qui conserve l'essence des bains andalous et l'adapte aux besoins du voyageur d'aujourd'hui.<\/p>","protected":false},"excerpt":{"rendered":"<p>Plongez dans la tranquillit\u00e9 de nos bains thermaux avec de l'eau ti\u00e8de, chaude et froide, ainsi qu'un hammam relaxant. Profitez d'une exp\u00e9rience unique et revitalisante au Jard\u00edn de Hammam, o\u00f9 l'excellence et le souci du d\u00e9tail vous offrent une exp\u00e9rience sensorielle.<\/p>\n<p>&nbsp;<\/p>","protected":false},"author":2,"featured_media":81,"comment_status":"open","ping_status":"closed","template":"","meta":[],"product_brand":[],"product_cat":[79,86,92],"product_tag":[],"class_list":{"0":"post-2987","1":"product","2":"type-product","3":"status-publish","4":"has-post-thumbnail","6":"product_cat-actividades-en-cordoba","7":"product_cat-con-calendario","8":"product_cat-top-6-experiencias","10":"first","11":"instock","12":"taxable","13":"shipping-taxable","14":"purchasable","15":"product-type-variable"},"acf":[],"_links":{"self":[{"href":"https:\/\/vivecordobatrip.com\/fr\/wp-json\/wp\/v2\/product\/2987","targetHints":{"allow":["GET"]}}],"collection":[{"href":"https:\/\/vivecordobatrip.com\/fr\/wp-json\/wp\/v2\/product"}],"about":[{"href":"https:\/\/vivecordobatrip.com\/fr\/wp-json\/wp\/v2\/types\/product"}],"author":[{"embeddable":true,"href":"https:\/\/vivecordobatrip.com\/fr\/wp-json\/wp\/v2\/users\/2"}],"replies":[{"embeddable":true,"href":"https:\/\/vivecordobatrip.com\/fr\/wp-json\/wp\/v2\/comments?post=2987"}],"version-history":[{"count":17,"href":"https:\/\/vivecordobatrip.com\/fr\/wp-json\/wp\/v2\/product\/2987\/revisions"}],"predecessor-version":[{"id":3481,"href":"https:\/\/vivecordobatrip.com\/fr\/wp-json\/wp\/v2\/product\/2987\/revisions\/3481"}],"wp:featuredmedia":[{"embeddable":true,"href":"https:\/\/vivecordobatrip.com\/fr\/wp-json\/wp\/v2\/media\/81"}],"wp:attachment":[{"href":"https:\/\/vivecordobatrip.com\/fr\/wp-json\/wp\/v2\/media?parent=2987"}],"wp:term":[{"taxonomy":"product_brand","embeddable":true,"href":"https:\/\/vivecordobatrip.com\/fr\/wp-json\/wp\/v2\/product_brand?post=2987"},{"taxonomy":"product_cat","embeddable":true,"href":"https:\/\/vivecordobatrip.com\/fr\/wp-json\/wp\/v2\/product_cat?post=2987"},{"taxonomy":"product_tag","embeddable":true,"href":"https:\/\/vivecordobatrip.com\/fr\/wp-json\/wp\/v2\/product_tag?post=2987"}],"curies":[{"name":"wp","href":"https:\/\/api.w.org\/{rel}","templated":true}]}}