{"id":3139,"date":"2024-11-11T16:49:19","date_gmt":"2024-11-11T15:49:19","guid":{"rendered":"https:\/\/vivecordobatrip.com\/?post_type=product&#038;p=3139"},"modified":"2026-05-04T11:10:17","modified_gmt":"2026-05-04T09:10:17","slug":"patios-de-cordoba","status":"publish","type":"product","link":"https:\/\/vivecordobatrip.com\/fr\/producto\/patios-de-cordoba\/","title":{"rendered":"Cours de Cordoue"},"content":{"rendered":"<p data-start=\"790\" data-end=\"1110\">Le <strong data-start=\"794\" data-end=\"815\">Cours de Cordoue<\/strong> sont l'un des grands symboles de la ville : un beau plan, tr\u00e8s cordouan, parfait pour conna\u00eetre l'une de ses traditions les plus appr\u00e9ci\u00e9es. Entre les rues blanchies \u00e0 la chaux, les pots de fleurs color\u00e9s et l'atmosph\u00e8re paisible des cours, cette visite permet de d\u00e9couvrir le c\u00f4t\u00e9 le plus authentique et le plus local de Cordoue.<\/p>\n<p data-start=\"1112\" data-end=\"1401\">Tout au long de la visite, vous pourrez p\u00e9n\u00e9trer dans des cours typiques, conna\u00eetre leur histoire et comprendre pourquoi cette coutume fait partie de l'identit\u00e9 de Cordoue. Chaque cour a son propre style, sa propre personnalit\u00e9 et sa propre fa\u00e7on de soigner les d\u00e9tails, ce qui rend l'exp\u00e9rience diff\u00e9rente \u00e0 chaque coin de rue.<\/p>\n<p data-start=\"1403\" data-end=\"1633\">C'est une activit\u00e9 id\u00e9ale si vous avez envie d'un plan culturel, photog\u00e9nique et charmant, que ce soit en couple, entre amis ou en famille. Et si vous visitez Cordoue pour la premi\u00e8re fois, c'est l'une des exp\u00e9riences qui vous rapproche le plus de la ville.<\/p>\n<p>&nbsp;<\/p>","protected":false},"excerpt":{"rendered":"<p data-start=\"575\" data-end=\"747\"><strong data-start=\"575\" data-end=\"747\">D\u00e9couvrez les patios de Cordoue dans une visite pleine de tradition, de fleurs et de coins charmants, en visitant certains des patios les plus beaux et les plus authentiques de la ville.<\/strong><\/p>","protected":false},"author":2,"featured_media":3150,"comment_status":"open","ping_status":"closed","template":"","meta":[],"product_brand":[],"product_cat":[86,72,87],"product_tag":[],"class_list":{"0":"post-3139","1":"product","2":"type-product","3":"status-publish","4":"has-post-thumbnail","6":"product_cat-con-calendario","7":"product_cat-tours","8":"product_cat-visitas","10":"first","11":"instock","12":"taxable","13":"shipping-taxable","14":"purchasable","15":"product-type-variable"},"acf":[],"_links":{"self":[{"href":"https:\/\/vivecordobatrip.com\/fr\/wp-json\/wp\/v2\/product\/3139","targetHints":{"allow":["GET"]}}],"collection":[{"href":"https:\/\/vivecordobatrip.com\/fr\/wp-json\/wp\/v2\/product"}],"about":[{"href":"https:\/\/vivecordobatrip.com\/fr\/wp-json\/wp\/v2\/types\/product"}],"author":[{"embeddable":true,"href":"https:\/\/vivecordobatrip.com\/fr\/wp-json\/wp\/v2\/users\/2"}],"replies":[{"embeddable":true,"href":"https:\/\/vivecordobatrip.com\/fr\/wp-json\/wp\/v2\/comments?post=3139"}],"version-history":[{"count":9,"href":"https:\/\/vivecordobatrip.com\/fr\/wp-json\/wp\/v2\/product\/3139\/revisions"}],"predecessor-version":[{"id":4429,"href":"https:\/\/vivecordobatrip.com\/fr\/wp-json\/wp\/v2\/product\/3139\/revisions\/4429"}],"wp:featuredmedia":[{"embeddable":true,"href":"https:\/\/vivecordobatrip.com\/fr\/wp-json\/wp\/v2\/media\/3150"}],"wp:attachment":[{"href":"https:\/\/vivecordobatrip.com\/fr\/wp-json\/wp\/v2\/media?parent=3139"}],"wp:term":[{"taxonomy":"product_brand","embeddable":true,"href":"https:\/\/vivecordobatrip.com\/fr\/wp-json\/wp\/v2\/product_brand?post=3139"},{"taxonomy":"product_cat","embeddable":true,"href":"https:\/\/vivecordobatrip.com\/fr\/wp-json\/wp\/v2\/product_cat?post=3139"},{"taxonomy":"product_tag","embeddable":true,"href":"https:\/\/vivecordobatrip.com\/fr\/wp-json\/wp\/v2\/product_tag?post=3139"}],"curies":[{"name":"wp","href":"https:\/\/api.w.org\/{rel}","templated":true}]}}