{"id":3160,"date":"2024-11-13T09:40:43","date_gmt":"2024-11-13T08:40:43","guid":{"rendered":"https:\/\/vivecordobatrip.com\/?post_type=product&#038;p=3160"},"modified":"2026-05-04T11:10:17","modified_gmt":"2026-05-04T09:10:17","slug":"visita-guiada-por-medina-azahara","status":"publish","type":"product","link":"https:\/\/vivecordobatrip.com\/fr\/producto\/visita-guiada-por-medina-azahara\/","title":{"rendered":"Visite guid\u00e9e de la Medina Azahara"},"content":{"rendered":"<p data-start=\"622\" data-end=\"968\"><strong data-start=\"622\" data-end=\"640\">Medina Azahara<\/strong> est l'un des lieux les plus impressionnants de Cordoue et une visite incontournable pour ceux qui s'int\u00e9ressent \u00e0 l'histoire d'Al-Andalus et \u00e0 la p\u00e9riode de splendeur maximale du califat. Cette ville palatine, construite au Xe si\u00e8cle, \u00e9tait un symbole de pouvoir, d'art et de sophistication. Aujourd'hui encore, elle continue d'\u00e9tonner les visiteurs par sa beaut\u00e9 et sa valeur arch\u00e9ologique.<\/p>\n<p data-start=\"970\" data-end=\"1312\">Dans cette <strong data-start=\"978\" data-end=\"995\">visite guid\u00e9e<\/strong>, Vous serez accompagn\u00e9 d'un guide qui vous aidera \u00e0 comprendre l'importance du site, l'organisation de la vie \u00e0 Medina Azahara et son importance pour l'histoire de Cordoue. Tout au long de la visite, vous d\u00e9couvrirez des zones cl\u00e9s, des ruines monumentales et des d\u00e9tails qui, sans explication, passent inaper\u00e7us.<\/p>\n<p data-start=\"1314\" data-end=\"1594\">C'est une exp\u00e9rience parfaite, que vous veniez \u00e0 Cordoue pour la premi\u00e8re fois ou que vous connaissiez d\u00e9j\u00e0 la ville et souhaitiez compl\u00e9ter votre voyage par une visite diff\u00e9rente, culturelle et tr\u00e8s sp\u00e9ciale. Medina Azahara n'est pas seulement un site arch\u00e9ologique : c'est une fa\u00e7on de comprendre le califat de Cordoue et son h\u00e9ritage.<\/p>\n<h2 data-start=\"1889\" data-end=\"1910\">Recommandations<\/h2>\n<p data-start=\"1911\" data-end=\"1965\">Pour profiter de la visite en tout confort, il est recommand\u00e9 :<\/p>\n<ul data-start=\"1966\" data-end=\"2106\">\n<li data-start=\"1966\" data-end=\"2017\">\n<p data-start=\"1968\" data-end=\"2017\">transporter <strong data-start=\"1975\" data-end=\"1993\">des chaussures confortables<\/strong> (il s'agit d'une visite \u00e0 pied)<\/p>\n<\/li>\n<li data-start=\"2018\" data-end=\"2106\">\n<p data-start=\"2020\" data-end=\"2106\">par temps chaud, en particulier en \u00e9t\u00e9, portez <strong data-start=\"2072\" data-end=\"2080\">l'eau<\/strong> pour rester hydrat\u00e9<\/p>\n<\/li>\n<\/ul>","protected":false},"excerpt":{"rendered":"<p data-start=\"419\" data-end=\"579\"><strong data-start=\"419\" data-end=\"579\">D\u00e9couvrez la Medina Azahara avec un guide officiel et voyagez vers la Cordoue califale lors d'une visite essentielle de la ville palatine la plus importante du monde andalou.<\/strong><\/p>","protected":false},"author":2,"featured_media":3165,"comment_status":"open","ping_status":"closed","template":"","meta":[],"product_brand":[],"product_cat":[86,87],"product_tag":[],"class_list":{"0":"post-3160","1":"product","2":"type-product","3":"status-publish","4":"has-post-thumbnail","6":"product_cat-con-calendario","7":"product_cat-visitas","9":"first","10":"instock","11":"taxable","12":"shipping-taxable","13":"purchasable","14":"product-type-variable"},"acf":[],"_links":{"self":[{"href":"https:\/\/vivecordobatrip.com\/fr\/wp-json\/wp\/v2\/product\/3160","targetHints":{"allow":["GET"]}}],"collection":[{"href":"https:\/\/vivecordobatrip.com\/fr\/wp-json\/wp\/v2\/product"}],"about":[{"href":"https:\/\/vivecordobatrip.com\/fr\/wp-json\/wp\/v2\/types\/product"}],"author":[{"embeddable":true,"href":"https:\/\/vivecordobatrip.com\/fr\/wp-json\/wp\/v2\/users\/2"}],"replies":[{"embeddable":true,"href":"https:\/\/vivecordobatrip.com\/fr\/wp-json\/wp\/v2\/comments?post=3160"}],"version-history":[{"count":9,"href":"https:\/\/vivecordobatrip.com\/fr\/wp-json\/wp\/v2\/product\/3160\/revisions"}],"predecessor-version":[{"id":4432,"href":"https:\/\/vivecordobatrip.com\/fr\/wp-json\/wp\/v2\/product\/3160\/revisions\/4432"}],"wp:featuredmedia":[{"embeddable":true,"href":"https:\/\/vivecordobatrip.com\/fr\/wp-json\/wp\/v2\/media\/3165"}],"wp:attachment":[{"href":"https:\/\/vivecordobatrip.com\/fr\/wp-json\/wp\/v2\/media?parent=3160"}],"wp:term":[{"taxonomy":"product_brand","embeddable":true,"href":"https:\/\/vivecordobatrip.com\/fr\/wp-json\/wp\/v2\/product_brand?post=3160"},{"taxonomy":"product_cat","embeddable":true,"href":"https:\/\/vivecordobatrip.com\/fr\/wp-json\/wp\/v2\/product_cat?post=3160"},{"taxonomy":"product_tag","embeddable":true,"href":"https:\/\/vivecordobatrip.com\/fr\/wp-json\/wp\/v2\/product_tag?post=3160"}],"curies":[{"name":"wp","href":"https:\/\/api.w.org\/{rel}","templated":true}]}}