{"id":3191,"date":"2024-11-13T17:53:54","date_gmt":"2024-11-13T16:53:54","guid":{"rendered":"https:\/\/vivecordobatrip.com\/?post_type=product&#038;p=3191"},"modified":"2026-04-13T13:26:12","modified_gmt":"2026-04-13T11:26:12","slug":"clase-privada-de-cocina-de-paellas-en-el-mercado-victoria","status":"publish","type":"product","link":"https:\/\/vivecordobatrip.com\/fr\/producto\/clase-privada-de-cocina-de-paellas-en-el-mercado-victoria\/","title":{"rendered":"Cours de cuisine de paella"},"content":{"rendered":"<p>Plongez dans la riche culture de <strong>Cordoue<\/strong> avec un cours de cuisine par <strong>3 heures<\/strong> et une visite de la <strong>March\u00e9 de Victoria<\/strong>. Explorez les \u00e9tals de produits frais, puis plongez dans l'atelier de cuisine o\u00f9 vous apprendrez les secrets des sp\u00e9cialit\u00e9s espagnoles. Guid\u00e9 par un chef expert, vous pr\u00e9parerez des plats tels que la paella, tout en d\u00e9gustant de bons vins rouges et blancs. Le cours se d\u00e9roule dans un cadre intime, avec un petit groupe de quelques personnes. <strong>10 personnes<\/strong>.<\/p>\n<ul>\n<li><strong>Cours de cuisine espagnole<\/strong> d'environ 3 heures.<\/li>\n<li><strong>Visite du march\u00e9 de Victoria<\/strong>.<\/li>\n<li>Cuisinez la paella et d\u00e9couvrez la gastronomie espagnole.<\/li>\n<li>D\u00e9gustez vos cr\u00e9ations \u00e0 la fin du cours, accompagn\u00e9es d'un verre de vin.<\/li>\n<li>Emportez une carte de recettes pour recr\u00e9er les plats \u00e0 la maison.<\/li>\n<li>La taille r\u00e9duite des classes garantit une exp\u00e9rience personnalis\u00e9e.<\/li>\n<\/ul>\n<p>&nbsp;<\/p>\n<p>&nbsp;<\/p>","protected":false},"excerpt":{"rendered":"<div class=\"a-text--first-content _for-copy-large u-hide--mobile\">\n<p>Dans cet atelier, vous apprendrez \u00e0 pr\u00e9parer une authentique paella traditionnelle, une exp\u00e9rience unique pour les amateurs de cuisine !<\/p>\n<\/div>\n<div id=\"l-768-calendar-anchor\"><\/div>\n<div id=\"new-fading-text\" class=\"new-fading-text\">\n<div class=\"o-activity-description\">\n<h2><\/h2>\n<\/div>\n<\/div>","protected":false},"author":2,"featured_media":3216,"comment_status":"open","ping_status":"closed","template":"","meta":[],"product_brand":[],"product_cat":[78],"product_tag":[],"class_list":{"0":"post-3191","1":"product","2":"type-product","3":"status-publish","4":"has-post-thumbnail","6":"product_cat-gastronomia","8":"first","9":"instock","10":"taxable","11":"shipping-taxable","12":"product-type-simple"},"acf":[],"_links":{"self":[{"href":"https:\/\/vivecordobatrip.com\/fr\/wp-json\/wp\/v2\/product\/3191","targetHints":{"allow":["GET"]}}],"collection":[{"href":"https:\/\/vivecordobatrip.com\/fr\/wp-json\/wp\/v2\/product"}],"about":[{"href":"https:\/\/vivecordobatrip.com\/fr\/wp-json\/wp\/v2\/types\/product"}],"author":[{"embeddable":true,"href":"https:\/\/vivecordobatrip.com\/fr\/wp-json\/wp\/v2\/users\/2"}],"replies":[{"embeddable":true,"href":"https:\/\/vivecordobatrip.com\/fr\/wp-json\/wp\/v2\/comments?post=3191"}],"version-history":[{"count":1,"href":"https:\/\/vivecordobatrip.com\/fr\/wp-json\/wp\/v2\/product\/3191\/revisions"}],"predecessor-version":[{"id":3373,"href":"https:\/\/vivecordobatrip.com\/fr\/wp-json\/wp\/v2\/product\/3191\/revisions\/3373"}],"wp:featuredmedia":[{"embeddable":true,"href":"https:\/\/vivecordobatrip.com\/fr\/wp-json\/wp\/v2\/media\/3216"}],"wp:attachment":[{"href":"https:\/\/vivecordobatrip.com\/fr\/wp-json\/wp\/v2\/media?parent=3191"}],"wp:term":[{"taxonomy":"product_brand","embeddable":true,"href":"https:\/\/vivecordobatrip.com\/fr\/wp-json\/wp\/v2\/product_brand?post=3191"},{"taxonomy":"product_cat","embeddable":true,"href":"https:\/\/vivecordobatrip.com\/fr\/wp-json\/wp\/v2\/product_cat?post=3191"},{"taxonomy":"product_tag","embeddable":true,"href":"https:\/\/vivecordobatrip.com\/fr\/wp-json\/wp\/v2\/product_tag?post=3191"}],"curies":[{"name":"wp","href":"https:\/\/api.w.org\/{rel}","templated":true}]}}