{"id":3226,"date":"2024-11-14T09:23:24","date_gmt":"2024-11-14T08:23:24","guid":{"rendered":"https:\/\/vivecordobatrip.com\/?post_type=product&#038;p=3226"},"modified":"2026-05-04T11:10:17","modified_gmt":"2026-05-04T09:10:17","slug":"noor-restaurant","status":"publish","type":"product","link":"https:\/\/vivecordobatrip.com\/fr\/producto\/noor-restaurant\/","title":{"rendered":"Restaurant Noor"},"content":{"rendered":"<p>Comme il est d'usage dans cet \u00e9tablissement, <strong>Noor<\/strong> proposera trois menus, facilement identifiables par des termes \u00e9voquant des \u00e9v\u00e9nements marquants du XVIIIe si\u00e8cle, \u00e9poque qui inspire la cuisine du chef. <strong>Paco Morales<\/strong> y <strong>Paola Gualandi<\/strong> cette saison.<\/p>\n<h3><strong>TANWER<\/strong><\/h3>\n<p>Le <strong>Illustration<\/strong> du XVIIIe si\u00e8cle a marqu\u00e9 le d\u00e9but de grandes transformations dans la soci\u00e9t\u00e9 occidentale, initi\u00e9es avec le <strong>D\u00e9claration d'ind\u00e9pendance<\/strong> aux \u00c9tats-Unis en 1776, et culminant en Europe avec l'adoption de l'accord de libre-\u00e9change entre les \u00c9tats-Unis et l'Union europ\u00e9enne. <strong>R\u00e9volution fran\u00e7aise<\/strong> de 1789. La tradition culinaire andalouse, qui a \u00e9galement influenc\u00e9 la France, a contribu\u00e9 au renouvellement de la cuisine fran\u00e7aise, qui s'est consolid\u00e9e comme l'une des plus remarquables d'Europe.<\/p>\n<h3><strong>THAWRA<\/strong><\/h3>\n<p>Le <strong>R\u00e9volution politique<\/strong>Ce processus, qui s'est d\u00e9roul\u00e9 tout au long du si\u00e8cle, a permis \u00e0 la soci\u00e9t\u00e9 de la fin du si\u00e8cle de s'adapter \u00e0 l'\u00e9volution de la soci\u00e9t\u00e9. <strong>L'\u00e8re industrielle<\/strong>par l'essor de l'\u00e9conomie de march\u00e9 et de l'\u00e9conomie sociale. <strong>bourgeoisie<\/strong> et ses nouveaux go\u00fbts culinaires. La cuisine andalouse, bas\u00e9e sur ses racines andalouses, s'est enrichie d'influences fran\u00e7aises, permettant \u00e0 la cuisine de la r\u00e9gion d'\u00e9voluer vers une identit\u00e9 plus forte, qui se refl\u00e8te dans la gastronomie d'aujourd'hui.<\/p>\n<h3><strong>TAQADUM<\/strong><\/h3>\n<p>Le <strong>Progr\u00e8s<\/strong> est la cons\u00e9quence naturelle de la r\u00e9volution politique qui a transform\u00e9 la structure sociale et permis l'accession au pouvoir de la bourgeoisie. Les classes sociales montantes ont adopt\u00e9 les go\u00fbts culinaires des classes d\u00e9chues. <strong>Cuisine moderne du 19e si\u00e8cle<\/strong>qui, en Andalousie, atteindra la virtuosit\u00e9 dans les si\u00e8cles suivants.<\/p>\n<p>Ces trois propositions gastronomiques sont une c\u00e9l\u00e9bration de l'histoire et de l'\u00e9volution culinaire, fusionnant tradition et modernit\u00e9 pour offrir une exp\u00e9rience unique au sein de l'Union europ\u00e9enne. <strong>Noor<\/strong>.<\/p>\n<h3><strong>TANWER<\/strong><\/h3>\n<p>ALI\u00d1O de GRANADA<br \/>\nPAIN TURM\u00c9RIQUE, mayonnaise KALAMATA et cerf sal\u00e9<br \/>\nBeignet OLLA PODRIDA<br \/>\nG\u00c2TEAU DE MORUE ULTRAMAR<br \/>\nROYAL de PUCHERO, jaune d'\u0153uf, BOTARGA et CAVIAR aux bonnes herbes<br \/>\nKARIM DE S\u00c9SAME BLANC avec glace, pomme verte et CAVIAR DU DESERT<br \/>\nPASTARD DE BLE DUR, beurre fum\u00e9, L\u00c9GUMES BRANDS et SQUIDDING<br \/>\nbar \u00e0 la marinade de ROSES, de CITRON br\u00fbl\u00e9 et de pois verts<br \/>\n\u00c9PAULE D'AGNEAU r\u00f4tie au WAGYU A5 avec des feuilles de th\u00e9 et des SARDINES en compote<br \/>\nSorbet ananas, onctueux ANISEED, bl\u00e9 SARRACENE, MASCARPONE et vinaigre de JEREZ<br \/>\nALGARROBA G\u00e2teau<br \/>\n170 \u20ac<br \/>\n(TVA INCLUSE)<br \/>\nVous pouvez choisir ARMONY de vins \/ 80 \u20ac (TTC)<\/p>\n<h3><strong>THAWRA<\/strong><\/h3>\n<p>ALI\u00d1O de GRANADA<br \/>\nPAIN TURM\u00c9RIQUE, mayonnaise KALAMATA et cerf sal\u00e9<br \/>\nBeignet OLLA PODRIDA<br \/>\nG\u00c2TEAU DE MORUE ULTRAMAR<br \/>\nROYAL de PUCHERO, jaune d'\u0153uf, BOTARGA et CAVIAR aux bonnes herbes<br \/>\nGel\u00e9e de GRAPEFRUIT avec sa glace ESCABECHE, QUISQUILLA et FROMAGE bleu<br \/>\nOSTRA MAC\u00c9R\u00c9E aux \u00c9PINARDS saut\u00e9s, aux dattes et aux pignons de pin<br \/>\nKARIM DE S\u00c9SAME BLANC avec glace, pomme verte et CAVIAR DU DESERT<br \/>\nVENTRESCA DE TUNA avec rago\u00fbt d'oignons, PISTACHO et POIVRONS verts<br \/>\nPASTARD DE BLE DUR, beurre fum\u00e9, L\u00c9GUMES BRANDS et SQUIDDING<br \/>\nbar \u00e0 la marinade de ROSES, de CITRON br\u00fbl\u00e9 et de pois verts<br \/>\n\u00c9PAULE D'AGNEAU r\u00f4tie au WAGYU A5 avec des feuilles de th\u00e9 et des noix de cajou compot\u00e9es<br \/>\nSorbet ananas, onctueux ANISEED, bl\u00e9 SARRACENE, MASCARPONE et vinaigre de JEREZ<br \/>\nALGARROBA G\u00e2teau<br \/>\n195 \u20ac<br \/>\n(TVA INCLUSE)<br \/>\nVous pouvez choisir ARMONY de vins \/ 95 \u20ac (TVA incluse)<\/p>\n<h3><strong>TAQADUM<\/strong><\/h3>\n<p>ALI\u00d1O de GRANADA<br \/>\nPAIN TURM\u00c9RIQUE, mayonnaise KALAMATA et cerf sal\u00e9<br \/>\nBeignet OLLA PODRIDA<br \/>\nG\u00c2TEAU DE MORUE ULTRAMAR<br \/>\nGAMBA ROUGE, NAVAJA et SNAIL avec du citron marocain et de l'AMANDE marin\u00e9e<br \/>\nROYAL de PUCHERO, jaune d'\u0153uf, BOTARGA et CAVIAR aux bonnes herbes<br \/>\nGel\u00e9e de GRAPEFRUIT avec sa glace ESCABECHE, QUISQUILLA et FROMAGE bleu<br \/>\nOSTRA MACERATED in SPINACH with saut\u00e9 dates and pine nuts (OSTRA MACER\u00c9E \u00e0 l'\u00c9PINARD avec des dattes saut\u00e9es et des pignons)<br \/>\nKARIM DE S\u00c9SAME BLANC avec glace, pomme verte et caviar du DESERT<br \/>\nVENTRESCA DE TUNA avec rago\u00fbt d'oignons, PISTACHO et POIVRONS verts<br \/>\nSALADE CHAUDE de PICHON en salaison, sauce tomate au cumin et TOMATE<br \/>\nPASTARD DE BLE DUR, beurre fum\u00e9, L\u00c9GUMES BRANDS et SQUIDDING<br \/>\nFOIE de canard avec fond de poire et de CITRUS<br \/>\nbar \u00e0 la marinade de ROSES, de CITRON br\u00fbl\u00e9 et de pois verts<br \/>\n\u00c9PAULE D'AGNEAU r\u00f4tie au WAGYU A5 avec des feuilles de th\u00e9 et des noix de cajou compot\u00e9es<br \/>\nFROMAGE DE CH\u00c8VRE, aubergine r\u00f4tie, P.X. de 25 ans d'\u00e2ge et PDOBINO ib\u00e9rique avec CAVIAR<br \/>\nSorbet ananas, onctueux ANISEED, bl\u00e9 SARRACENE, MASCARPONE et vinaigre de JEREZ<br \/>\nALGARROBA G\u00e2teau<br \/>\n285 \u20ac<br \/>\n(TVA INCLUSE)<br \/>\nVous pouvez choisir ARMONY de vins \/ 135 \u20ac (TVA incluse)<\/p>\n<p>Dans un souci de durabilit\u00e9, nous vous recommandons d'anticiper le choix du menu d\u00e9gustation. C'est un petit geste qui nous aidera \u00e0 assurer le bon d\u00e9roulement du menu.<br \/>\net par cons\u00e9quent de l'environnement. * Le menu peut \u00eatre modifi\u00e9 en fonction des saisons.<\/p>","protected":false},"excerpt":{"rendered":"<p>La proposition gastronomique de <strong>Noor<\/strong> s'inspire profond\u00e9ment de l'histoire et de la culture de l'Andalousie, en mettant en valeur les <strong>Califat d'Abderraman III<\/strong>qui a jou\u00e9 le r\u00f4le de <strong>Cordoue<\/strong> la ville la plus avanc\u00e9e et la plus cultiv\u00e9e de son temps.<\/p>\n<p>Le travail minutieux avec <strong>documentalistes, historiens, arch\u00e9ologues et designers<\/strong> a donn\u00e9 forme \u00e0 l'univers de Noor, qui se refl\u00e8te dans les cr\u00e9ations de <strong>Paco Morales<\/strong>qui racontent des histoires uniques \u00e0 chaque saison.<\/p>\n<p>Reconnu comme l'une des figures les plus influentes de la gastronomie espagnole, Paco Morales allie innovation et personnalit\u00e9 pour retrouver les ar\u00f4mes et les saveurs d'Al-Andalus, en les r\u00e9interpr\u00e9tant avec une vision contemporaine et avant-gardiste qui d\u00e9finit sa cuisine.<\/p>\n<p>Avec <strong>trois \u00e9toiles Michelin<\/strong> et l'approbation de convives et de critiques du monde entier, Noor se positionne comme une exp\u00e9rience culinaire in\u00e9gal\u00e9e.<\/p>\n<p>&nbsp;<\/p>\n<div class=\"elementor-element elementor-element e-con-full e-flex e-con e-child\" data-element_type=\"container\" data-settings=\"{&quot;content_width&quot;:&quot;full&quot;}\">\n<div class=\"elementor-element elementor-element elementor-mobile-align-center elementor-widget elementor-widget-button\"  data-element_type=\"widget\" data-widget_type=\"button.default\">\n<div class=\"elementor-widget-container\">\n<div class=\"elementor-button-wrapper\"><a target=\"_blank\" rel=\"nofollow\" class=\"elementor-button elementor-button-link elementor-size-sm\" style=\"cursor:pointer;\" href=\"https:\/\/noorrestaurant.es\/\"><span class=\"elementor-button-content-wrapper\"><span class=\"elementor-button-text\">LIVRE SUR LE SITE OFFICIEL<\/span><\/span><\/a><\/div>\n<\/div>\n<\/div>\n<\/div>","protected":false},"author":2,"featured_media":3231,"comment_status":"open","ping_status":"closed","template":"","meta":[],"product_brand":[],"product_cat":[78],"product_tag":[],"class_list":{"0":"post-3226","1":"product","2":"type-product","3":"status-publish","4":"has-post-thumbnail","6":"product_cat-gastronomia","8":"first","9":"instock","10":"taxable","11":"shipping-taxable","12":"product-type-simple"},"acf":[],"_links":{"self":[{"href":"https:\/\/vivecordobatrip.com\/fr\/wp-json\/wp\/v2\/product\/3226","targetHints":{"allow":["GET"]}}],"collection":[{"href":"https:\/\/vivecordobatrip.com\/fr\/wp-json\/wp\/v2\/product"}],"about":[{"href":"https:\/\/vivecordobatrip.com\/fr\/wp-json\/wp\/v2\/types\/product"}],"author":[{"embeddable":true,"href":"https:\/\/vivecordobatrip.com\/fr\/wp-json\/wp\/v2\/users\/2"}],"replies":[{"embeddable":true,"href":"https:\/\/vivecordobatrip.com\/fr\/wp-json\/wp\/v2\/comments?post=3226"}],"version-history":[{"count":1,"href":"https:\/\/vivecordobatrip.com\/fr\/wp-json\/wp\/v2\/product\/3226\/revisions"}],"predecessor-version":[{"id":3402,"href":"https:\/\/vivecordobatrip.com\/fr\/wp-json\/wp\/v2\/product\/3226\/revisions\/3402"}],"wp:featuredmedia":[{"embeddable":true,"href":"https:\/\/vivecordobatrip.com\/fr\/wp-json\/wp\/v2\/media\/3231"}],"wp:attachment":[{"href":"https:\/\/vivecordobatrip.com\/fr\/wp-json\/wp\/v2\/media?parent=3226"}],"wp:term":[{"taxonomy":"product_brand","embeddable":true,"href":"https:\/\/vivecordobatrip.com\/fr\/wp-json\/wp\/v2\/product_brand?post=3226"},{"taxonomy":"product_cat","embeddable":true,"href":"https:\/\/vivecordobatrip.com\/fr\/wp-json\/wp\/v2\/product_cat?post=3226"},{"taxonomy":"product_tag","embeddable":true,"href":"https:\/\/vivecordobatrip.com\/fr\/wp-json\/wp\/v2\/product_tag?post=3226"}],"curies":[{"name":"wp","href":"https:\/\/api.w.org\/{rel}","templated":true}]}}