{"id":3321,"date":"2024-11-18T08:38:21","date_gmt":"2024-11-18T07:38:21","guid":{"rendered":"https:\/\/vivecordobatrip.com\/?post_type=product&#038;p=3321"},"modified":"2026-05-04T11:10:17","modified_gmt":"2026-05-04T09:10:17","slug":"tour-en-tuk-tuk-por-cordoba","status":"publish","type":"product","link":"https:\/\/vivecordobatrip.com\/fr\/producto\/tour-en-tuk-tuk-por-cordoba\/","title":{"rendered":"Tour de Cordoue en Tuk Tuk"},"content":{"rendered":"<div class=\"et_pb_module et_pb_blurb et_pb_blurb_7 b-detalles et_pb_text_align_left et_pb_blurb_position_left et_pb_bg_layout_light\">\n<div class=\"et_pb_blurb_content\">\n<div class=\"et_pb_blurb_container\">\n<div class=\"et_pb_module et_pb_blurb et_pb_blurb_7 b-detalles et_pb_text_align_left et_pb_blurb_position_left et_pb_bg_layout_light\">\n<div class=\"et_pb_blurb_content\">\n<div class=\"et_pb_blurb_container\">\n<p data-start=\"651\" data-end=\"866\">Si vous souhaitez conna\u00eetre Cordoue d'une mani\u00e8re confortable et diff\u00e9rente, cette <strong data-start=\"715\" data-end=\"734\">visite en tuk tuk<\/strong> est une option parfaite pour visiter la ville sans se fatiguer et pour profiter de la balade tout en d\u00e9couvrant ses zones les plus repr\u00e9sentatives.<\/p>\n<p data-start=\"868\" data-end=\"1222\">Le long du parcours, vous visiterez quelques-uns des endroits les plus c\u00e9l\u00e8bres du centre et de la vieille ville, en passant par des places embl\u00e9matiques, des quartiers charmants et des zones anim\u00e9es. C'est une fa\u00e7on id\u00e9ale de faire une premi\u00e8re visite \u00e0 Cordoue, surtout si vous venez avec peu de temps, si vous voulez un plan d\u00e9tendu ou si vous pr\u00e9f\u00e9rez vous d\u00e9placer sans faire de longues marches.<\/p>\n<p data-start=\"1224\" data-end=\"1466\">Au cours de l'itin\u00e9raire, vous <strong data-start=\"1247\" data-end=\"1279\">des arr\u00eats \u00e0 des endroits bien en vue<\/strong> pour que vous puissiez prendre des photos et ramener des souvenirs du voyage. En outre, vous serez accompagn\u00e9 \u00e0 tout moment pour vous aider et vous conseiller, ce qui rendra l'exp\u00e9rience facile, confortable et tr\u00e8s agr\u00e9able.<\/p>\n<p data-start=\"1468\" data-end=\"1567\">Un plan parfait pour appr\u00e9cier Cordoue sous un angle diff\u00e9rent, en couple, en famille ou entre amis.<\/p>\n<\/div>\n<\/div>\n<\/div>\n<\/div>\n<\/div>\n<\/div>","protected":false},"excerpt":{"rendered":"<p>Visitez Cordoue en tuk tuk et d\u00e9couvrez ses places, ses rues historiques et ses coins les plus embl\u00e9matiques d'une mani\u00e8re confortable, amusante et avec des arr\u00eats photos.<\/p>","protected":false},"author":2,"featured_media":3326,"comment_status":"open","ping_status":"closed","template":"","meta":[],"product_brand":[],"product_cat":[79,86,72],"product_tag":[],"class_list":{"0":"post-3321","1":"product","2":"type-product","3":"status-publish","4":"has-post-thumbnail","6":"product_cat-actividades-en-cordoba","7":"product_cat-con-calendario","8":"product_cat-tours","10":"first","11":"instock","12":"taxable","13":"shipping-taxable","14":"purchasable","15":"product-type-variable"},"acf":[],"_links":{"self":[{"href":"https:\/\/vivecordobatrip.com\/fr\/wp-json\/wp\/v2\/product\/3321","targetHints":{"allow":["GET"]}}],"collection":[{"href":"https:\/\/vivecordobatrip.com\/fr\/wp-json\/wp\/v2\/product"}],"about":[{"href":"https:\/\/vivecordobatrip.com\/fr\/wp-json\/wp\/v2\/types\/product"}],"author":[{"embeddable":true,"href":"https:\/\/vivecordobatrip.com\/fr\/wp-json\/wp\/v2\/users\/2"}],"replies":[{"embeddable":true,"href":"https:\/\/vivecordobatrip.com\/fr\/wp-json\/wp\/v2\/comments?post=3321"}],"version-history":[{"count":14,"href":"https:\/\/vivecordobatrip.com\/fr\/wp-json\/wp\/v2\/product\/3321\/revisions"}],"predecessor-version":[{"id":4431,"href":"https:\/\/vivecordobatrip.com\/fr\/wp-json\/wp\/v2\/product\/3321\/revisions\/4431"}],"wp:featuredmedia":[{"embeddable":true,"href":"https:\/\/vivecordobatrip.com\/fr\/wp-json\/wp\/v2\/media\/3326"}],"wp:attachment":[{"href":"https:\/\/vivecordobatrip.com\/fr\/wp-json\/wp\/v2\/media?parent=3321"}],"wp:term":[{"taxonomy":"product_brand","embeddable":true,"href":"https:\/\/vivecordobatrip.com\/fr\/wp-json\/wp\/v2\/product_brand?post=3321"},{"taxonomy":"product_cat","embeddable":true,"href":"https:\/\/vivecordobatrip.com\/fr\/wp-json\/wp\/v2\/product_cat?post=3321"},{"taxonomy":"product_tag","embeddable":true,"href":"https:\/\/vivecordobatrip.com\/fr\/wp-json\/wp\/v2\/product_tag?post=3321"}],"curies":[{"name":"wp","href":"https:\/\/api.w.org\/{rel}","templated":true}]}}