{"id":3333,"date":"2024-11-18T15:11:49","date_gmt":"2024-11-18T14:11:49","guid":{"rendered":"https:\/\/vivecordobatrip.com\/?post_type=product&#038;p=3333"},"modified":"2026-04-13T13:26:12","modified_gmt":"2026-04-13T11:26:12","slug":"tour-segway","status":"publish","type":"product","link":"https:\/\/vivecordobatrip.com\/fr\/producto\/tour-segway\/","title":{"rendered":"Tour en Segway"},"content":{"rendered":"<h3 data-start=\"1552\" data-end=\"1596\">Tour de Cordoue en Segway<\/h3>\n<p data-start=\"1598\" data-end=\"1939\">Si vous voulez conna\u00eetre Cordoue rapidement, confortablement et avec une touche d'aventure, ce guide est fait pour vous. <strong data-start=\"1682\" data-end=\"1709\">tour en segway avec guide<\/strong> est l'une des fa\u00e7ons les plus originales de visiter la ville. Le long de l'itin\u00e9raire, vous traverserez diff\u00e9rents quartiers historiques et monuments embl\u00e9matiques, alliant la Cordoue la plus moderne \u00e0 son pass\u00e9 romain, arabe et m\u00e9di\u00e9val.<\/p>\n<p data-start=\"1941\" data-end=\"2144\">Avant de commencer, vous recevrez une br\u00e8ve explication sur le fonctionnement du segway et les r\u00e8gles de s\u00e9curit\u00e9 de base, afin que vous vous sentiez en confiance d\u00e8s la premi\u00e8re minute. Puis... l'exp\u00e9rience commence.<\/p>\n<p data-start=\"2146\" data-end=\"2284\">La visite comprend <strong data-start=\"2165\" data-end=\"2213\">deux options de visite (1 heure et 30 minutes ou 45 minutes)<\/strong> et tous deux commencent et se terminent en <strong data-start=\"2246\" data-end=\"2283\">Rue Mar\u00eda Cristina (Cordoue)<\/strong>.<\/p>","protected":false},"excerpt":{"rendered":"<p>D\u00e9couvrez Cordoue en segway avec un guide, en parcourant le centre historique, le bord de la rivi\u00e8re et ses monuments les plus embl\u00e9matiques au cours d'une visite confortable, amusante et diff\u00e9rente.<\/p>","protected":false},"author":2,"featured_media":80,"comment_status":"open","ping_status":"closed","template":"","meta":[],"product_brand":[],"product_cat":[79,86,72],"product_tag":[],"class_list":{"0":"post-3333","1":"product","2":"type-product","3":"status-publish","4":"has-post-thumbnail","6":"product_cat-actividades-en-cordoba","7":"product_cat-con-calendario","8":"product_cat-tours","10":"first","11":"instock","12":"taxable","13":"shipping-taxable","14":"purchasable","15":"product-type-variable"},"acf":[],"_links":{"self":[{"href":"https:\/\/vivecordobatrip.com\/fr\/wp-json\/wp\/v2\/product\/3333","targetHints":{"allow":["GET"]}}],"collection":[{"href":"https:\/\/vivecordobatrip.com\/fr\/wp-json\/wp\/v2\/product"}],"about":[{"href":"https:\/\/vivecordobatrip.com\/fr\/wp-json\/wp\/v2\/types\/product"}],"author":[{"embeddable":true,"href":"https:\/\/vivecordobatrip.com\/fr\/wp-json\/wp\/v2\/users\/2"}],"replies":[{"embeddable":true,"href":"https:\/\/vivecordobatrip.com\/fr\/wp-json\/wp\/v2\/comments?post=3333"}],"version-history":[{"count":7,"href":"https:\/\/vivecordobatrip.com\/fr\/wp-json\/wp\/v2\/product\/3333\/revisions"}],"predecessor-version":[{"id":4406,"href":"https:\/\/vivecordobatrip.com\/fr\/wp-json\/wp\/v2\/product\/3333\/revisions\/4406"}],"wp:featuredmedia":[{"embeddable":true,"href":"https:\/\/vivecordobatrip.com\/fr\/wp-json\/wp\/v2\/media\/80"}],"wp:attachment":[{"href":"https:\/\/vivecordobatrip.com\/fr\/wp-json\/wp\/v2\/media?parent=3333"}],"wp:term":[{"taxonomy":"product_brand","embeddable":true,"href":"https:\/\/vivecordobatrip.com\/fr\/wp-json\/wp\/v2\/product_brand?post=3333"},{"taxonomy":"product_cat","embeddable":true,"href":"https:\/\/vivecordobatrip.com\/fr\/wp-json\/wp\/v2\/product_cat?post=3333"},{"taxonomy":"product_tag","embeddable":true,"href":"https:\/\/vivecordobatrip.com\/fr\/wp-json\/wp\/v2\/product_tag?post=3333"}],"curies":[{"name":"wp","href":"https:\/\/api.w.org\/{rel}","templated":true}]}}