{"id":3339,"date":"2024-11-18T16:38:04","date_gmt":"2024-11-18T15:38:04","guid":{"rendered":"https:\/\/vivecordobatrip.com\/?post_type=product&#038;p=3339"},"modified":"2026-05-13T23:44:08","modified_gmt":"2026-05-13T21:44:08","slug":"alquiler-de-bicicletas-y-patinetes-electricos","status":"publish","type":"product","link":"https:\/\/vivecordobatrip.com\/fr\/producto\/alquiler-de-bicicletas-y-patinetes-electricos\/","title":{"rendered":"Location de v\u00e9los et de scooters \u00e9lectriques"},"content":{"rendered":"<p data-start=\"915\" data-end=\"1254\">D\u00e9couvrez Cordoue d'une mani\u00e8re pratique et commode gr\u00e2ce \u00e0 notre <strong data-start=\"974\" data-end=\"1023\">la location de bicyclettes et de scooters \u00e9lectriques<\/strong>. C'est l'option id\u00e9ale si vous souhaitez vous d\u00e9placer \u00e0 votre rythme, sans d\u00e9pendre des horaires, et d\u00e9couvrir les monuments et les coins les plus particuliers de la ville d'une mani\u00e8re plus libre et plus dynamique.<\/p>\n<p data-start=\"1256\" data-end=\"1328\">Vous avez le choix entre trois options en fonction du type de plan que vous souhaitez :<\/p>\n<h3 data-start=\"1330\" data-end=\"1358\">\ud83d\udeb2 V\u00e9lo \u00e9lectrique<\/h3>\n<p data-start=\"1359\" data-end=\"1652\">Si vous souhaitez parcourir une plus grande distance sans vous fatiguer, le v\u00e9lo \u00e9lectrique vous facilite la t\u00e2che. Gr\u00e2ce \u00e0 son moteur et \u00e0 sa batterie longue dur\u00e9e, vous pouvez vous d\u00e9placer dans Cordoue en tout confort et profiter d'une conduite souple tout en d\u00e9couvrant la ville sans effort.<\/p>\n<h3 data-start=\"1654\" data-end=\"1681\">\ud83d\udeb2 V\u00e9lo de tourisme<\/h3>\n<p data-start=\"1682\" data-end=\"1924\">Le v\u00e9lo de tourisme est parfait pour les d\u00e9placements urbains et les itin\u00e9raires de loisir. Confortable, l\u00e9ger et r\u00e9sistant, il est id\u00e9al pour se d\u00e9placer dans les zones plates du centre-ville et profiter de la balade en toute simplicit\u00e9.<\/p>\n<h3 data-start=\"1926\" data-end=\"1953\">\ud83d\udef4 Scooter \u00e9lectrique<\/h3>\n<p data-start=\"1954\" data-end=\"2178\">L\u00e9ger, pratique et tr\u00e8s maniable, le scooter \u00e9lectrique est le choix id\u00e9al pour de courts trajets dans Cordoue. Il est id\u00e9al pour se d\u00e9placer rapidement et facilement dans la ville.<\/p>","protected":false},"excerpt":{"rendered":"<p>Louez un v\u00e9lo \u00e9lectrique, un v\u00e9lo de ville ou un scooter \u00e9lectrique et d\u00e9couvrez Cordoue \u00e0 votre rythme : confortable, rapide et parfait pour se d\u00e9placer dans le centre-ville et ses lieux de charme.<\/p>","protected":false},"author":2,"featured_media":350,"comment_status":"open","ping_status":"closed","template":"","meta":[],"product_brand":[],"product_cat":[79,86],"product_tag":[],"class_list":{"0":"post-3339","1":"product","2":"type-product","3":"status-publish","4":"has-post-thumbnail","6":"product_cat-actividades-en-cordoba","7":"product_cat-con-calendario","9":"first","10":"instock","11":"taxable","12":"shipping-taxable","13":"purchasable","14":"product-type-variable"},"acf":[],"_links":{"self":[{"href":"https:\/\/vivecordobatrip.com\/fr\/wp-json\/wp\/v2\/product\/3339","targetHints":{"allow":["GET"]}}],"collection":[{"href":"https:\/\/vivecordobatrip.com\/fr\/wp-json\/wp\/v2\/product"}],"about":[{"href":"https:\/\/vivecordobatrip.com\/fr\/wp-json\/wp\/v2\/types\/product"}],"author":[{"embeddable":true,"href":"https:\/\/vivecordobatrip.com\/fr\/wp-json\/wp\/v2\/users\/2"}],"replies":[{"embeddable":true,"href":"https:\/\/vivecordobatrip.com\/fr\/wp-json\/wp\/v2\/comments?post=3339"}],"version-history":[{"count":6,"href":"https:\/\/vivecordobatrip.com\/fr\/wp-json\/wp\/v2\/product\/3339\/revisions"}],"predecessor-version":[{"id":3395,"href":"https:\/\/vivecordobatrip.com\/fr\/wp-json\/wp\/v2\/product\/3339\/revisions\/3395"}],"wp:featuredmedia":[{"embeddable":true,"href":"https:\/\/vivecordobatrip.com\/fr\/wp-json\/wp\/v2\/media\/350"}],"wp:attachment":[{"href":"https:\/\/vivecordobatrip.com\/fr\/wp-json\/wp\/v2\/media?parent=3339"}],"wp:term":[{"taxonomy":"product_brand","embeddable":true,"href":"https:\/\/vivecordobatrip.com\/fr\/wp-json\/wp\/v2\/product_brand?post=3339"},{"taxonomy":"product_cat","embeddable":true,"href":"https:\/\/vivecordobatrip.com\/fr\/wp-json\/wp\/v2\/product_cat?post=3339"},{"taxonomy":"product_tag","embeddable":true,"href":"https:\/\/vivecordobatrip.com\/fr\/wp-json\/wp\/v2\/product_tag?post=3339"}],"curies":[{"name":"wp","href":"https:\/\/api.w.org\/{rel}","templated":true}]}}