{"id":3628,"date":"2025-02-03T17:26:11","date_gmt":"2025-02-03T16:26:11","guid":{"rendered":"https:\/\/vivecordobatrip.com\/?post_type=product&#038;p=3628"},"modified":"2026-05-04T11:10:17","modified_gmt":"2026-05-04T09:10:17","slug":"tour-completo-por-cordoba","status":"publish","type":"product","link":"https:\/\/vivecordobatrip.com\/fr\/producto\/tour-completo-por-cordoba\/","title":{"rendered":"VISITE COMPL\u00c8TE DE CORDOUE"},"content":{"rendered":"<p data-start=\"506\" data-end=\"795\">Cordoue est une ville que l'on comprend en la parcourant : rue par rue, cour par cour, monument par monument. Dans cette <strong data-start=\"619\" data-end=\"654\">Visite guid\u00e9e compl\u00e8te de 4 heures<\/strong>, Vous visiterez quelques-uns des lieux incontournables de la ville pour d\u00e9couvrir son histoire, son m\u00e9lange de cultures et son patrimoine unique.<\/p>\n<p data-start=\"797\" data-end=\"979\">La visite commence au <strong data-start=\"822\" data-end=\"867\">Puerta del Perd\u00f3n (Porte du Pardon) de la Mosqu\u00e9e-Cath\u00e9drale<\/strong>, \u00c0 partir de l\u00e0, nous commencerons un itin\u00e9raire con\u00e7u pour conna\u00eetre Cordoue en profondeur et sans manquer l'essentiel.<\/p>\n<h3><strong>La mosqu\u00e9e de Cordoue<\/strong><\/h3>\n<p>Le <strong data-start=\"1024\" data-end=\"1045\">Mosqu\u00e9e-Cath\u00e9drale<\/strong> est le grand symbole de la ville et l'un des monuments les plus admir\u00e9s d'Espagne. Sa combinaison d'\u00e9l\u00e9ments musulmans et chr\u00e9tiens en fait un chef-d'\u0153uvre architectural unique au monde. Au cours de la visite, vous pourrez comprendre comment elle a \u00e9t\u00e9 construite, comment elle a \u00e9volu\u00e9 au fil du temps et pourquoi elle continue d'impressionner tous ceux qui la visitent.<\/p>\n<h3><strong>L'Alcazar des Rois Chr\u00e9tiens<\/strong><\/h3>\n<p>Le <strong data-start=\"1431\" data-end=\"1442\">Alcazar<\/strong> est un imposant palais-forteresse, charg\u00e9 d'histoire et dont les jardins constituent un v\u00e9ritable spectacle. Construit sur ordre du roi Alphonse X \u201cle Sage\u201d au XIIIe si\u00e8cle, il se trouve sur l'ancien site du palais califal de l'\u00e9poque musulmane. L'un de ses points les plus remarquables est le <strong data-start=\"1739\" data-end=\"1764\">Salle Mosa\u00efque<\/strong>, o\u00f9 est expos\u00e9e une collection de mosa\u00efques romaines surprenante par sa valeur et sa beaut\u00e9.<\/p>\n<h3><strong>Quartier juif et synagogue : la marque de l'h\u00e9ritage juif<\/strong><\/h3>\n<p data-start=\"1910\" data-end=\"2164\">En traversant l'historique <strong data-start=\"1935\" data-end=\"1958\">Porte Almodovar<\/strong>, nous allons nous plonger dans la <strong data-start=\"1981\" data-end=\"2003\">Quartier juif de Cordoue<\/strong>, l'un des quartiers les plus embl\u00e9matiques et les plus charmants de la ville. Ses rues \u00e9troites, son atmosph\u00e8re et ses coins traditionnels renferment des si\u00e8cles d'histoire.<\/p>\n<p data-start=\"2166\" data-end=\"2460\">Dans le cadre de cette visite, nous nous rendrons \u00e9galement \u00e0 la <strong data-start=\"2214\" data-end=\"2226\">Synagogue<\/strong>, L'un des monuments les plus visit\u00e9s de Cordoue et un t\u00e9moignage cl\u00e9 de l'h\u00e9ritage culturel de la communaut\u00e9 juive. Une partie particuli\u00e8rement int\u00e9ressante de la visite pour comprendre la Cordoue des trois cultures et son importance historique.<\/p>\n<p data-start=\"2166\" data-end=\"2460\">Cette visite est id\u00e9ale si vous venez \u00e0 Cordoue pour la premi\u00e8re fois, si vous voulez faire une visite compl\u00e8te en quelques heures ou si vous cherchez une exp\u00e9rience guid\u00e9e bien organis\u00e9e pour conna\u00eetre les parties les plus importantes de la ville sans vous perdre dans les d\u00e9tails.<\/p>","protected":false},"excerpt":{"rendered":"<p>Visite guid\u00e9e compl\u00e8te de Cordoue (4 heures) avec visite de la mosqu\u00e9e-cath\u00e9drale, du quartier juif, de la synagogue et de l'Alcazar des Rois Chr\u00e9tiens avec ses jardins.<\/p>","protected":false},"author":2,"featured_media":3134,"comment_status":"open","ping_status":"closed","template":"","meta":[],"product_brand":[],"product_cat":[86,72,87,92],"product_tag":[],"class_list":{"0":"post-3628","1":"product","2":"type-product","3":"status-publish","4":"has-post-thumbnail","6":"product_cat-con-calendario","7":"product_cat-tours","8":"product_cat-visitas","9":"product_cat-top-6-experiencias","11":"first","12":"instock","13":"taxable","14":"shipping-taxable","15":"purchasable","16":"product-type-variable"},"acf":[],"_links":{"self":[{"href":"https:\/\/vivecordobatrip.com\/fr\/wp-json\/wp\/v2\/product\/3628","targetHints":{"allow":["GET"]}}],"collection":[{"href":"https:\/\/vivecordobatrip.com\/fr\/wp-json\/wp\/v2\/product"}],"about":[{"href":"https:\/\/vivecordobatrip.com\/fr\/wp-json\/wp\/v2\/types\/product"}],"author":[{"embeddable":true,"href":"https:\/\/vivecordobatrip.com\/fr\/wp-json\/wp\/v2\/users\/2"}],"replies":[{"embeddable":true,"href":"https:\/\/vivecordobatrip.com\/fr\/wp-json\/wp\/v2\/comments?post=3628"}],"version-history":[{"count":17,"href":"https:\/\/vivecordobatrip.com\/fr\/wp-json\/wp\/v2\/product\/3628\/revisions"}],"predecessor-version":[{"id":3634,"href":"https:\/\/vivecordobatrip.com\/fr\/wp-json\/wp\/v2\/product\/3628\/revisions\/3634"}],"wp:featuredmedia":[{"embeddable":true,"href":"https:\/\/vivecordobatrip.com\/fr\/wp-json\/wp\/v2\/media\/3134"}],"wp:attachment":[{"href":"https:\/\/vivecordobatrip.com\/fr\/wp-json\/wp\/v2\/media?parent=3628"}],"wp:term":[{"taxonomy":"product_brand","embeddable":true,"href":"https:\/\/vivecordobatrip.com\/fr\/wp-json\/wp\/v2\/product_brand?post=3628"},{"taxonomy":"product_cat","embeddable":true,"href":"https:\/\/vivecordobatrip.com\/fr\/wp-json\/wp\/v2\/product_cat?post=3628"},{"taxonomy":"product_tag","embeddable":true,"href":"https:\/\/vivecordobatrip.com\/fr\/wp-json\/wp\/v2\/product_tag?post=3628"}],"curies":[{"name":"wp","href":"https:\/\/api.w.org\/{rel}","templated":true}]}}