{"id":3836,"date":"2025-04-24T11:58:04","date_gmt":"2025-04-24T09:58:04","guid":{"rendered":"https:\/\/vivecordobatrip.com\/?post_type=product&#038;p=3836"},"modified":"2026-05-04T11:10:17","modified_gmt":"2026-05-04T09:10:17","slug":"maskotas-hotel-canino-cordoba","status":"publish","type":"product","link":"https:\/\/vivecordobatrip.com\/fr\/producto\/maskotas-hotel-canino-cordoba\/","title":{"rendered":"H\u00f4tel Maskotas Canino C\u00f3rdoba"},"content":{"rendered":"<p data-start=\"597\" data-end=\"791\">Si vous avez besoin d'un endroit fiable pour laisser votre chien \u00e0 Cordoue, <strong data-start=\"667\" data-end=\"679\">Maskotas<\/strong> est un <strong data-start=\"686\" data-end=\"702\">h\u00f4tel canin<\/strong> con\u00e7u pour s'assurer que votre animal de compagnie est bien soign\u00e9, calme et pris en charge pendant votre absence.<\/p>\n<p data-start=\"793\" data-end=\"1125\">Ce service est pr\u00e9par\u00e9 pour <strong data-start=\"827\" data-end=\"850\">tous les types de chiens<\/strong>, Les chenils, quelle que soit leur race ou leur taille, offrent un environnement adapt\u00e9 pour les rendre confortables et s\u00fbrs. En outre, il dispose <strong data-start=\"976\" data-end=\"1000\">service v\u00e9t\u00e9rinaire<\/strong>, Cela apporte une tranquillit\u00e9 d'esprit et une confiance accrues, en particulier pour ceux qui recherchent des soins plus complets et plus professionnels.<\/p>\n<p data-start=\"1127\" data-end=\"1298\">Le <strong data-start=\"1131\" data-end=\"1196\">Les photos qui figurent sur la carte sont des photos r\u00e9elles de l'\u00e9tablissement.<\/strong>, L'espace est con\u00e7u de mani\u00e8re \u00e0 ce que vous puissiez voir l'espace tel qu'il est et avoir une id\u00e9e claire de l'endroit o\u00f9 votre chien sera plac\u00e9.<\/p>\n<p data-start=\"1300\" data-end=\"1433\">Une option id\u00e9ale si vous voyagez, travaillez ou avez besoin d'un service responsable et s\u00fbr pour laisser votre animal entre de bonnes mains \u00e0 Cordoue.<\/p>","protected":false},"excerpt":{"rendered":"<p class=\"\" data-start=\"61\" data-end=\"114\">H\u00f4tel canin \u00e0 Cordoue pour que votre chien soit soign\u00e9 et calme, avec une attention professionnelle, des installations pr\u00e9par\u00e9es et le bien-\u00eatre comme priorit\u00e9.<\/p>","protected":false},"author":2,"featured_media":3887,"comment_status":"open","ping_status":"closed","template":"","meta":[],"product_brand":[],"product_cat":[86,81],"product_tag":[],"class_list":{"0":"post-3836","1":"product","2":"type-product","3":"status-publish","4":"has-post-thumbnail","6":"product_cat-con-calendario","7":"product_cat-servicios","9":"first","10":"instock","11":"taxable","12":"shipping-taxable","13":"purchasable","14":"product-type-variable"},"acf":[],"_links":{"self":[{"href":"https:\/\/vivecordobatrip.com\/fr\/wp-json\/wp\/v2\/product\/3836","targetHints":{"allow":["GET"]}}],"collection":[{"href":"https:\/\/vivecordobatrip.com\/fr\/wp-json\/wp\/v2\/product"}],"about":[{"href":"https:\/\/vivecordobatrip.com\/fr\/wp-json\/wp\/v2\/types\/product"}],"author":[{"embeddable":true,"href":"https:\/\/vivecordobatrip.com\/fr\/wp-json\/wp\/v2\/users\/2"}],"replies":[{"embeddable":true,"href":"https:\/\/vivecordobatrip.com\/fr\/wp-json\/wp\/v2\/comments?post=3836"}],"version-history":[{"count":7,"href":"https:\/\/vivecordobatrip.com\/fr\/wp-json\/wp\/v2\/product\/3836\/revisions"}],"predecessor-version":[{"id":4420,"href":"https:\/\/vivecordobatrip.com\/fr\/wp-json\/wp\/v2\/product\/3836\/revisions\/4420"}],"wp:featuredmedia":[{"embeddable":true,"href":"https:\/\/vivecordobatrip.com\/fr\/wp-json\/wp\/v2\/media\/3887"}],"wp:attachment":[{"href":"https:\/\/vivecordobatrip.com\/fr\/wp-json\/wp\/v2\/media?parent=3836"}],"wp:term":[{"taxonomy":"product_brand","embeddable":true,"href":"https:\/\/vivecordobatrip.com\/fr\/wp-json\/wp\/v2\/product_brand?post=3836"},{"taxonomy":"product_cat","embeddable":true,"href":"https:\/\/vivecordobatrip.com\/fr\/wp-json\/wp\/v2\/product_cat?post=3836"},{"taxonomy":"product_tag","embeddable":true,"href":"https:\/\/vivecordobatrip.com\/fr\/wp-json\/wp\/v2\/product_tag?post=3836"}],"curies":[{"name":"wp","href":"https:\/\/api.w.org\/{rel}","templated":true}]}}