{"id":3955,"date":"2025-06-16T13:57:29","date_gmt":"2025-06-16T11:57:29","guid":{"rendered":"https:\/\/vivecordobatrip.com\/?post_type=product&#038;p=3955"},"modified":"2026-05-04T11:10:17","modified_gmt":"2026-05-04T09:10:17","slug":"restaurante-el-olmo","status":"publish","type":"product","link":"https:\/\/vivecordobatrip.com\/fr\/producto\/restaurante-el-olmo\/","title":{"rendered":"Restaurant El Olmo"},"content":{"rendered":"<h3 data-start=\"1352\" data-end=\"1400\">El Olmo - Cuisine de produits et service amical<\/h3>\n<p data-start=\"1402\" data-end=\"1710\"><strong data-start=\"1402\" data-end=\"1413\">El Olmo<\/strong> est n\u00e9 avec une id\u00e9e tr\u00e8s claire : offrir une cuisine honn\u00eate, sans artifices, o\u00f9 le v\u00e9ritable protagoniste est le produit. Un restaurant au centre de Cordoue qui mise sur la simplicit\u00e9, le respect des mati\u00e8res premi\u00e8res et une fa\u00e7on de cuisiner qui laisse parler chaque ingr\u00e9dient.<\/p>\n<p data-start=\"1712\" data-end=\"2078\">Sa proposition gastronomique est bas\u00e9e sur <strong data-start=\"1750\" data-end=\"1779\">produits frais du jour<\/strong>, Nombre d'entre eux sont biologiques et d'origine locale. Les l\u00e9gumes et les viandes proviennent de producteurs locaux, tandis que les poissons et les fruits de mer - l'une des sp\u00e9cialit\u00e9s les plus connues de la maison - arrivent chaque jour des march\u00e9s aux poissons de la ville. <strong data-start=\"2004\" data-end=\"2030\">Cadix, Huelva et Malaga<\/strong>, garantissant la fra\u00eecheur et la qualit\u00e9 de chaque plat.<\/p>\n<p data-start=\"2080\" data-end=\"2401\">Sa carte comprend des classiques incontournables tels que le <strong data-start=\"2135\" data-end=\"2194\">palourdes, crevettes ou poisson frit (pesca\u00edto frito)<\/strong>, ainsi qu'une s\u00e9lection soign\u00e9e de <strong data-start=\"2229\" data-end=\"2250\">viandes grill\u00e9es<\/strong>, plaques de <strong data-start=\"2262\" data-end=\"2286\">l\u00e9gumes de saison<\/strong> et une proposition int\u00e9ressante de <strong data-start=\"2318\" data-end=\"2331\">boucherie<\/strong>, Un plat de plus en plus rare, qui rend hommage \u00e0 la cuisine traditionnelle.<\/p>\n<p data-start=\"2403\" data-end=\"2794\">El Olmo est \u00e9galement un lieu o\u00f9 les <strong data-start=\"2440\" data-end=\"2471\">un traitement attentif et professionnel<\/strong> fait la diff\u00e9rence. D\u00e8s le premier instant, le client est accueilli avec un excellent accueil. <strong data-start=\"2558\" data-end=\"2590\">huile d'olive extra vierge<\/strong>, un petit geste qui refl\u00e8te l'attention port\u00e9e aux d\u00e9tails et l'affection avec laquelle chaque service est pris en charge. L'exp\u00e9rience est con\u00e7ue pour que les convives se sentent \u00e0 l'aise, bien trait\u00e9s et d\u00e9sireux de revenir.<\/p>\n<p data-start=\"2796\" data-end=\"3018\">Avec plus d'une d\u00e9cennie d'exp\u00e9rience, le restaurant a une client\u00e8le fid\u00e8le qui appr\u00e9cie \u00e0 la fois la qualit\u00e9 du produit et la constance et le bon travail quotidien de son \u00e9quipe, dirig\u00e9e par son fondateur, Miguel Gonz\u00e1lez.<\/p>\n<h3 data-start=\"3020\" data-end=\"3049\">Cuisine c\u0153liaque<\/h3>\n<p data-start=\"3051\" data-end=\"3375\">\u00c0 El Olmo, la cuisine est con\u00e7ue de mani\u00e8re \u00e0 ce que <strong data-start=\"3095\" data-end=\"3130\">tout le monde peut en profiter<\/strong>. C'est pourquoi une attention particuli\u00e8re est accord\u00e9e \u00e0 l'adaptation des plats aux personnes atteintes de la maladie c\u0153liaque. <strong data-start=\"3223\" data-end=\"3246\">options sans gluten<\/strong> qui conservent intactes la saveur et la philosophie du restaurant : produits de qualit\u00e9, pr\u00e9paration soign\u00e9e et s\u00e9curit\u00e9 alimentaire.<\/p>\n<p data-start=\"3377\" data-end=\"3520\">El Olmo est une valeur s\u00fbre pour ceux qui recherchent <strong data-start=\"3427\" data-end=\"3490\">cuisine de produits, tradition bien faite et service amical<\/strong>, au c\u0153ur de Cordoue.<\/p>","protected":false},"excerpt":{"rendered":"<p data-start=\"321\" data-end=\"746\">Restaurant de cuisine traditionnelle au centre de Cordoue, o\u00f9 les produits frais et locaux sont les v\u00e9ritables protagonistes.<\/p>","protected":false},"author":2,"featured_media":3957,"comment_status":"open","ping_status":"closed","template":"","meta":[],"product_brand":[],"product_cat":[86,78],"product_tag":[],"class_list":{"0":"post-3955","1":"product","2":"type-product","3":"status-publish","4":"has-post-thumbnail","6":"product_cat-con-calendario","7":"product_cat-gastronomia","9":"first","10":"instock","11":"taxable","12":"shipping-taxable","13":"purchasable","14":"product-type-variable"},"acf":[],"_links":{"self":[{"href":"https:\/\/vivecordobatrip.com\/fr\/wp-json\/wp\/v2\/product\/3955","targetHints":{"allow":["GET"]}}],"collection":[{"href":"https:\/\/vivecordobatrip.com\/fr\/wp-json\/wp\/v2\/product"}],"about":[{"href":"https:\/\/vivecordobatrip.com\/fr\/wp-json\/wp\/v2\/types\/product"}],"author":[{"embeddable":true,"href":"https:\/\/vivecordobatrip.com\/fr\/wp-json\/wp\/v2\/users\/2"}],"replies":[{"embeddable":true,"href":"https:\/\/vivecordobatrip.com\/fr\/wp-json\/wp\/v2\/comments?post=3955"}],"version-history":[{"count":15,"href":"https:\/\/vivecordobatrip.com\/fr\/wp-json\/wp\/v2\/product\/3955\/revisions"}],"predecessor-version":[{"id":4392,"href":"https:\/\/vivecordobatrip.com\/fr\/wp-json\/wp\/v2\/product\/3955\/revisions\/4392"}],"wp:featuredmedia":[{"embeddable":true,"href":"https:\/\/vivecordobatrip.com\/fr\/wp-json\/wp\/v2\/media\/3957"}],"wp:attachment":[{"href":"https:\/\/vivecordobatrip.com\/fr\/wp-json\/wp\/v2\/media?parent=3955"}],"wp:term":[{"taxonomy":"product_brand","embeddable":true,"href":"https:\/\/vivecordobatrip.com\/fr\/wp-json\/wp\/v2\/product_brand?post=3955"},{"taxonomy":"product_cat","embeddable":true,"href":"https:\/\/vivecordobatrip.com\/fr\/wp-json\/wp\/v2\/product_cat?post=3955"},{"taxonomy":"product_tag","embeddable":true,"href":"https:\/\/vivecordobatrip.com\/fr\/wp-json\/wp\/v2\/product_tag?post=3955"}],"curies":[{"name":"wp","href":"https:\/\/api.w.org\/{rel}","templated":true}]}}