{"id":4118,"date":"2025-10-24T10:03:30","date_gmt":"2025-10-24T08:03:30","guid":{"rendered":"https:\/\/vivecordobatrip.com\/?post_type=product&#038;p=4118"},"modified":"2026-04-13T13:26:12","modified_gmt":"2026-04-13T11:26:12","slug":"la-boca","status":"publish","type":"product","link":"https:\/\/vivecordobatrip.com\/fr\/producto\/la-boca\/","title":{"rendered":"La Boca"},"content":{"rendered":"<p data-start=\"1420\" data-end=\"1759\"><strong data-start=\"1420\" data-end=\"1431\">La Boca<\/strong> est un restaurant charmant o\u00f9 la cuisine de saison et le souci du d\u00e9tail font la diff\u00e9rence. Avec plus de <strong data-start=\"1558\" data-end=\"1584\">20 ans d'exp\u00e9rience<\/strong>, s'est impos\u00e9 comme un point de r\u00e9f\u00e9rence \u00e0 Cordoue pour ceux qui recherchent une proposition gastronomique tranquille, honn\u00eate et adapt\u00e9e aux diff\u00e9rents besoins alimentaires.<\/p>\n<p data-start=\"1761\" data-end=\"2049\">Sa cuisine est bas\u00e9e sur des produits <strong data-start=\"1790\" data-end=\"1816\">frais et de saison<\/strong>, avec un menu flexible qui permet d'adapter les plats aux r\u00e9gimes alimentaires. <strong data-start=\"1881\" data-end=\"1932\">v\u00e9g\u00e9tarien, v\u00e9g\u00e9talien, sans gluten ou sans lactose<\/strong>, offrant une option s\u00fbre et prudente aux personnes atteintes de la maladie c\u0153liaque et \u00e0 celles qui privil\u00e9gient un r\u00e9gime alimentaire conscient.<\/p>\n<p data-start=\"2051\" data-end=\"2331\">La proposition associe des recettes locales \u00e0 des <strong data-start=\"2092\" data-end=\"2138\">de subtils clins d'\u0153il aux saveurs d'autres cultures<\/strong>, Les plats sont pleins de nuances, \u00e9quilibr\u00e9s et faciles \u00e0 d\u00e9guster. Tout cela sans perdre de vue l'essentiel : le produit et le respect de chaque ingr\u00e9dient.<\/p>\n<p data-start=\"2333\" data-end=\"2667\">Le restaurant dispose d'un <strong data-start=\"2362\" data-end=\"2396\">cour int\u00e9rieure typique en cordovan<\/strong>, Il s'agit d'un espace confortable et d\u00e9contract\u00e9, id\u00e9al pour un ap\u00e9ritif, un verre apr\u00e8s le d\u00eener ou un verre tranquille dans une atmosph\u00e8re paisible. Depuis ce patio, vous pouvez \u00e9galement acc\u00e9der \u00e0 la <strong data-start=\"2571\" data-end=\"2599\">Taverne El Perro Andaluz<\/strong>, L'exp\u00e9rience est prolong\u00e9e pour ceux qui souhaitent un plan plus informel.<\/p>\n<p data-start=\"2669\" data-end=\"2892\">L'exp\u00e9rience est compl\u00e9t\u00e9e par un <strong data-start=\"2704\" data-end=\"2750\">s\u00e9lection de vins de petits producteurs<\/strong>, soigneusement choisis, et avec <strong data-start=\"2782\" data-end=\"2812\">desserts maison<\/strong>, Ils changent fr\u00e9quemment et apportent une touche personnelle et douce \u00e0 chaque repas.<\/p>\n<p data-start=\"2894\" data-end=\"3091\">La Boca est un lieu con\u00e7u pour \u00eatre appr\u00e9ci\u00e9 sans h\u00e2te, o\u00f9 la bonne cuisine, l'environnement et le service \u00e0 la client\u00e8le s'unissent pour offrir une exp\u00e9rience gastronomique diff\u00e9rente au c\u0153ur de Cordoue.<\/p>","protected":false},"excerpt":{"rendered":"<p data-start=\"160\" data-end=\"212\">Restaurant v\u00e9g\u00e9tarien et c\u0153liaque \u00e0 Cordoue, avec une cuisine de saison, des produits frais et une cour int\u00e9rieure agr\u00e9able.<\/p>","protected":false},"author":2,"featured_media":4138,"comment_status":"open","ping_status":"closed","template":"","meta":[],"product_brand":[],"product_cat":[86,78],"product_tag":[],"class_list":{"0":"post-4118","1":"product","2":"type-product","3":"status-publish","4":"has-post-thumbnail","6":"product_cat-con-calendario","7":"product_cat-gastronomia","9":"first","10":"instock","11":"taxable","12":"shipping-taxable","13":"purchasable","14":"product-type-variable","15":"has-default-attributes"},"acf":[],"_links":{"self":[{"href":"https:\/\/vivecordobatrip.com\/fr\/wp-json\/wp\/v2\/product\/4118","targetHints":{"allow":["GET"]}}],"collection":[{"href":"https:\/\/vivecordobatrip.com\/fr\/wp-json\/wp\/v2\/product"}],"about":[{"href":"https:\/\/vivecordobatrip.com\/fr\/wp-json\/wp\/v2\/types\/product"}],"author":[{"embeddable":true,"href":"https:\/\/vivecordobatrip.com\/fr\/wp-json\/wp\/v2\/users\/2"}],"replies":[{"embeddable":true,"href":"https:\/\/vivecordobatrip.com\/fr\/wp-json\/wp\/v2\/comments?post=4118"}],"version-history":[{"count":10,"href":"https:\/\/vivecordobatrip.com\/fr\/wp-json\/wp\/v2\/product\/4118\/revisions"}],"predecessor-version":[{"id":4401,"href":"https:\/\/vivecordobatrip.com\/fr\/wp-json\/wp\/v2\/product\/4118\/revisions\/4401"}],"wp:featuredmedia":[{"embeddable":true,"href":"https:\/\/vivecordobatrip.com\/fr\/wp-json\/wp\/v2\/media\/4138"}],"wp:attachment":[{"href":"https:\/\/vivecordobatrip.com\/fr\/wp-json\/wp\/v2\/media?parent=4118"}],"wp:term":[{"taxonomy":"product_brand","embeddable":true,"href":"https:\/\/vivecordobatrip.com\/fr\/wp-json\/wp\/v2\/product_brand?post=4118"},{"taxonomy":"product_cat","embeddable":true,"href":"https:\/\/vivecordobatrip.com\/fr\/wp-json\/wp\/v2\/product_cat?post=4118"},{"taxonomy":"product_tag","embeddable":true,"href":"https:\/\/vivecordobatrip.com\/fr\/wp-json\/wp\/v2\/product_tag?post=4118"}],"curies":[{"name":"wp","href":"https:\/\/api.w.org\/{rel}","templated":true}]}}